{"id":69815,"date":"2024-06-26T13:04:40","date_gmt":"2024-06-26T11:04:40","guid":{"rendered":"https:\/\/www.bombersdv.es\/?page_id=69815"},"modified":"2024-07-12T15:11:09","modified_gmt":"2024-07-12T13:11:09","slug":"actividad-de-tratamiento-de-datos-bomberos-voluntarios","status":"publish","type":"page","link":"https:\/\/www.bombersdv.es\/es\/portal-de-transparencia\/actividad-de-tratamiento-de-datos-bomberos-voluntarios\/","title":{"rendered":"ACTIVIDAD DE TRATAMIENTO DE DATOS: Bomberos Voluntarios"},"content":{"rendered":"<div class=\"fusion-fullwidth fullwidth-box fusion-builder-row-1 fusion-flex-container nonhundred-percent-fullwidth non-hundred-percent-height-scrolling\" style=\"--awb-border-radius-top-left:0px;--awb-border-radius-top-right:0px;--awb-border-radius-bottom-right:0px;--awb-border-radius-bottom-left:0px;--awb-flex-wrap:wrap;\" ><div class=\"fusion-builder-row fusion-row fusion-flex-align-items-flex-start fusion-flex-content-wrap\" style=\"max-width:1248px;margin-left: calc(-4% \/ 2 );margin-right: calc(-4% \/ 2 );\"><div class=\"fusion-layout-column fusion_builder_column fusion-builder-column-0 fusion_builder_column_1_1 1_1 fusion-flex-column\" style=\"--awb-bg-size:cover;--awb-width-large:100%;--awb-margin-top-large:0px;--awb-spacing-right-large:1.92%;--awb-margin-bottom-large:20px;--awb-spacing-left-large:1.92%;--awb-width-medium:100%;--awb-order-medium:0;--awb-spacing-right-medium:1.92%;--awb-spacing-left-medium:1.92%;--awb-width-small:100%;--awb-order-small:0;--awb-spacing-right-small:1.92%;--awb-spacing-left-small:1.92%;\"><div class=\"fusion-column-wrapper fusion-column-has-shadow fusion-flex-justify-content-flex-start fusion-content-layout-column\"><div class=\"fusion-text fusion-text-1\"><h3><span style=\"color: #ffcc00;\"><strong>ACTIVIDAD DE TRATAMIENTO: Bomberos voluntarios del Consorcio<\/strong><\/span><\/h3>\n<p><span style=\"color: #808080;\"><em>Ultima actualizaci\u00f3n 25\/06\/2024<\/em><\/span><\/p>\n<\/div><div class=\"fusion-separator fusion-full-width-sep\" style=\"align-self: center;margin-left: auto;margin-right: auto;width:100%;\"><div class=\"fusion-separator-border sep-single sep-solid\" style=\"--awb-height:20px;--awb-amount:20px;--awb-sep-color:#ffbf00;border-color:#ffbf00;border-top-width:2px;\"><\/div><\/div><div class=\"accordian fusion-accordian\" style=\"--awb-border-size:1px;--awb-icon-size:13px;--awb-content-font-size:15px;--awb-icon-alignment:left;--awb-hover-color:#f9f9f9;--awb-border-color:#cccccc;--awb-background-color:#ffffff;--awb-divider-color:#e0dede;--awb-divider-hover-color:#e0dede;--awb-icon-color:#ffffff;--awb-title-color:#333333;--awb-content-color:#747474;--awb-icon-box-color:#ffc107;--awb-toggle-hover-accent-color:#ffc107;--awb-title-font-family:&quot;Raleway&quot;;--awb-title-font-weight:500;--awb-title-font-style:normal;--awb-title-font-size:20px;--awb-title-letter-spacing:0px;--awb-title-line-height:1.1;--awb-content-font-family:&quot;Raleway&quot;;--awb-content-font-style:normal;--awb-content-font-weight:500;\"><div class=\"panel-group fusion-toggle-icon-boxed\" id=\"accordion-69815-1\"><div class=\"fusion-panel panel-default panel-04ba8c38f906ed869 fusion-toggle-has-divider\" style=\"--awb-title-color:#333333;\"><div class=\"panel-heading\"><h4 class=\"panel-title toggle\" id=\"toggle_04ba8c38f906ed869\"><a aria-expanded=\"false\" aria-controls=\"04ba8c38f906ed869\" role=\"button\" data-toggle=\"collapse\" data-parent=\"#accordion-69815-1\" data-target=\"#04ba8c38f906ed869\" href=\"#04ba8c38f906ed869\"><span class=\"fusion-toggle-icon-wrapper\" aria-hidden=\"true\"><i class=\"fa-fusion-box active-icon awb-icon-minus\" aria-hidden=\"true\"><\/i><i class=\"fa-fusion-box inactive-icon awb-icon-plus\" aria-hidden=\"true\"><\/i><\/span><span class=\"fusion-toggle-heading\">Identificaci\u00f3n del tratamiento<\/span><\/a><\/h4><\/div><div id=\"04ba8c38f906ed869\" class=\"panel-collapse collapse \" aria-labelledby=\"toggle_04ba8c38f906ed869\"><div class=\"panel-body toggle-content fusion-clearfix\">\n<table style=\"width: 100%; border-collapse: collapse; border-style: inset; border-color: #000000;\" border=\"1\">\n<tbody>\n<tr>\n<td style=\"width: 99.9129%; background-color: #ffc107;\" colspan=\"2\"><span style=\"color: #ffffff;\"><strong>Nombre y finalidad<\/strong><\/span><\/td>\n<\/tr>\n<tr>\n<td style=\"width: 18.4669%; text-align: right;\"><span style=\"color: #ffcc00;\"><strong>Nombre<\/strong><\/span><\/td>\n<td style=\"width: 81.446%;\">Gesti\u00f3n bomberos voluntarios del Consorcio<\/td>\n<\/tr>\n<tr>\n<td style=\"width: 18.4669%; text-align: right;\"><span style=\"color: #ffcc00;\"><strong>Descripci\u00f3n finalidad<\/strong><\/span><\/td>\n<td style=\"width: 81.446%;\">Gesti\u00f3n y registro de las personas que de acuerdo con el art\u00edculo 8 de la Ley \u00a07\/2011, de 1 de abril, de la Generalitat, de los Servicios de Prevenci\u00f3n, Extinci\u00f3n de Incendios y Salvamento de la Comunitat Valenciana quieran colaborar en la estructura operativa del Consorcio Provincial de Bomberos de Val\u00e8ncia como bomberos voluntarios, dependiendo funcionalmente y de forma jerarquizada de este Servicio.<\/td>\n<\/tr>\n<\/tbody>\n<\/table>\n<\/div><\/div><\/div><div class=\"fusion-panel panel-default panel-5cb8f70df55f49975 fusion-toggle-has-divider\" style=\"--awb-title-color:#333333;\"><div class=\"panel-heading\"><h4 class=\"panel-title toggle\" id=\"toggle_5cb8f70df55f49975\"><a aria-expanded=\"false\" aria-controls=\"5cb8f70df55f49975\" role=\"button\" data-toggle=\"collapse\" data-parent=\"#accordion-69815-1\" data-target=\"#5cb8f70df55f49975\" href=\"#5cb8f70df55f49975\"><span class=\"fusion-toggle-icon-wrapper\" aria-hidden=\"true\"><i class=\"fa-fusion-box active-icon awb-icon-minus\" aria-hidden=\"true\"><\/i><i class=\"fa-fusion-box inactive-icon awb-icon-plus\" aria-hidden=\"true\"><\/i><\/span><span class=\"fusion-toggle-heading\">Identificaci\u00f3n del responsable del tratamiento<\/span><\/a><\/h4><\/div><div id=\"5cb8f70df55f49975\" class=\"panel-collapse collapse \" aria-labelledby=\"toggle_5cb8f70df55f49975\"><div class=\"panel-body toggle-content fusion-clearfix\">\n<table style=\"border-collapse: collapse; width: 100%;\" border=\"1\">\n<tbody>\n<tr style=\"background-color: #ffc107;\">\n<td style=\"width: 100%;\" colspan=\"2\"><span style=\"color: #ffffff;\"><strong>Responsable del tratamiento<\/strong><\/span><\/td>\n<\/tr>\n<tr>\n<td style=\"width: 30.6023%;\"><span style=\"color: #ffcc00;\"><strong>Identidad<\/strong><\/span><\/td>\n<td style=\"width: 69.3977%;\">Consorcio para el Servicio de Prevenci\u00f3n y Extinci\u00f3n de Incendios y de Salvamento de la provincia de Valencia<\/td>\n<\/tr>\n<tr>\n<td style=\"width: 30.6023%;\"><span style=\"color: #ffcc00;\"><strong>Forma de contactar con el responsable<\/strong><\/span><\/td>\n<td style=\"width: 69.3977%;\">\n<p>Por correo electr\u00f3nico en la direcci\u00f3n infobombers@bombersdv.es<\/p>\n<p>Por correo postal, en la direcci\u00f3n Avellanas 14, 46003 Val\u00e8ncia.<\/td>\n<\/tr>\n<tr>\n<td style=\"width: 30.6023%;\"><span style=\"color: #ffcc00;\"><strong>Forma de ejercitar derechos<\/strong><\/span><\/td>\n<td style=\"width: 69.3977%;\">Para solicitar el\u00a0<b>acceso, la rectificaci\u00f3n, supresi\u00f3n o limitaci\u00f3n del tratamiento de los datos personales o para oponerse al tratamiento,<\/b>\u00a0en el caso de se den los requisitos establecidos en el Reglamento General de Protecci\u00f3n de Datos, as\u00ed como en la Ley Org\u00e1nica 3\/2018, de 5 de diciembre, de Protecci\u00f3n de Datos Personal y garant\u00eda de los derechos digitales,\u00a0se\u00a0puede dirigir un escrito al Consorcio en la direcci\u00f3n indicada m\u00e1s arriba\u00a0o en el\u00a0registro electr\u00f3nico https:\/\/sede.bombersdv.es\/<\/td>\n<\/tr>\n<tr>\n<td style=\"width: 30.6023%;\"><span style=\"color: #ffcc00;\"><strong>Unidad responsable de la tramitaci\u00f3n<\/strong><\/span><\/td>\n<td style=\"width: 69.3977%;\">Cuerpo de Bomberos<\/td>\n<\/tr>\n<\/tbody>\n<\/table>\n<\/div><\/div><\/div><div class=\"fusion-panel panel-default panel-9e3cf97bd6fe99038 fusion-toggle-has-divider\" style=\"--awb-title-color:#333333;\"><div class=\"panel-heading\"><h4 class=\"panel-title toggle\" id=\"toggle_9e3cf97bd6fe99038\"><a aria-expanded=\"false\" aria-controls=\"9e3cf97bd6fe99038\" role=\"button\" data-toggle=\"collapse\" data-parent=\"#accordion-69815-1\" data-target=\"#9e3cf97bd6fe99038\" href=\"#9e3cf97bd6fe99038\"><span class=\"fusion-toggle-icon-wrapper\" aria-hidden=\"true\"><i class=\"fa-fusion-box active-icon awb-icon-minus\" aria-hidden=\"true\"><\/i><i class=\"fa-fusion-box inactive-icon awb-icon-plus\" aria-hidden=\"true\"><\/i><\/span><span class=\"fusion-toggle-heading\">Delegado de protecci\u00f3n de datos<\/span><\/a><\/h4><\/div><div id=\"9e3cf97bd6fe99038\" class=\"panel-collapse collapse \" aria-labelledby=\"toggle_9e3cf97bd6fe99038\"><div class=\"panel-body toggle-content fusion-clearfix\">\n<table style=\"border-collapse: collapse; width: 100%;\" border=\"1\">\n<tbody>\n<tr>\n<td style=\"width: 40.9408%;\"><span style=\"color: #ffcc00;\"><b>Datos de Contacto del Delegado de protecci\u00f3n de datos<\/b><\/span><\/td>\n<td style=\"width: 59.0592%;\">Para cualquier consulta o queja relacionada con el tratamiento de estos datos, el Consorcio pone a disposici\u00f3n de los interesados el buz\u00f3n del delegado de protecci\u00f3n de datos dpd@bombersdv.es<\/td>\n<\/tr>\n<\/tbody>\n<\/table>\n<\/div><\/div><\/div><div class=\"fusion-panel panel-default panel-5b1f145a63a07aedc fusion-toggle-has-divider\" style=\"--awb-title-color:#333333;\"><div class=\"panel-heading\"><h4 class=\"panel-title toggle\" id=\"toggle_5b1f145a63a07aedc\"><a aria-expanded=\"false\" aria-controls=\"5b1f145a63a07aedc\" role=\"button\" data-toggle=\"collapse\" data-parent=\"#accordion-69815-1\" data-target=\"#5b1f145a63a07aedc\" href=\"#5b1f145a63a07aedc\"><span class=\"fusion-toggle-icon-wrapper\" aria-hidden=\"true\"><i class=\"fa-fusion-box active-icon awb-icon-minus\" aria-hidden=\"true\"><\/i><i class=\"fa-fusion-box inactive-icon awb-icon-plus\" aria-hidden=\"true\"><\/i><\/span><span class=\"fusion-toggle-heading\">Licitud del tratamiento<\/span><\/a><\/h4><\/div><div id=\"5b1f145a63a07aedc\" class=\"panel-collapse collapse \" aria-labelledby=\"toggle_5b1f145a63a07aedc\"><div class=\"panel-body toggle-content fusion-clearfix\">\n<table style=\"border-collapse: collapse; width: 100%;\" border=\"1\">\n<tbody>\n<tr>\n<td style=\"width: 100%; background-color: #ffc107;\"><span style=\"color: #ffffff;\">Base jur\u00eddica<\/span><\/td>\n<\/tr>\n<tr>\n<td style=\"width: 100%;\">RGPD: 6.1.a): Consentimiento del Interesado.<br \/>\nRGPD: 6.1.b) Tratamiento necesario para la ejecuci\u00f3n de un contrato en el que el interesado es parte o para la aplicaci\u00f3n a petici\u00f3n de \u00e9ste de medidas precontractuales.<\/p>\n<p>Ley 13\/2010, de protecci\u00f3n civil y gesti\u00f3n de emergencias.<\/p>\n<p>DECRETO 224\/2015, de 4 de diciembre, del Consell, por el que se regula el Registro de Bomberos de la Comunitat Valenciana y se establecen las condiciones y requisitos para la acreditaci\u00f3n del personal bombero voluntario y el personal bombero de empresa.(DOCV n\u00fam. 7676 de 11.12.2015)<\/p>\n<p><a href=\"https:\/\/www.bombersdv.es\/wp-content\/uploads\/sites\/6\/2016\/07\/1-4_Reglamento_GruposVoluntarios.pdf\" target=\"_blank\" rel=\"noopener\">Reglamento Bomberos Voluntarios del Consorcio\u00a0<\/a><\/p>\n<p>La base jur\u00eddica en el caso de categor\u00edas especiales, son los art\u00edculos 6.1.a) y 6.1.b) en relaci\u00f3n con los art\u00edculos 9.2.a), 9.2.b) y 9.2.h) del RGPD: el tratamiento es necesario para el cumplimiento de obligaciones y el ejercicio de derechos espec\u00edficos del responsable del tratamiento o del interesado relacionado con la acreditaci\u00f3n a instancias de los interesados de las condiciones f\u00edsicas de acceso y el cumplimiento de las obligaciones de aseguramiento derivado de la normativa de la Generalitat Valenciana.<\/p>\n<p>El consentimiento del titular de los datos que podr\u00e1 ser retirado en cualquier momento a trav\u00e9s de una notificaci\u00f3n, preferentemente a trav\u00e9s de la sede electr\u00f3nica del Consorcio.<\/td>\n<\/tr>\n<\/tbody>\n<\/table>\n<\/div><\/div><\/div><div class=\"fusion-panel panel-default panel-cbeba704a2bfcd359 fusion-toggle-has-divider\" style=\"--awb-title-color:#333333;\"><div class=\"panel-heading\"><h4 class=\"panel-title toggle\" id=\"toggle_cbeba704a2bfcd359\"><a aria-expanded=\"false\" aria-controls=\"cbeba704a2bfcd359\" role=\"button\" data-toggle=\"collapse\" data-parent=\"#accordion-69815-1\" data-target=\"#cbeba704a2bfcd359\" href=\"#cbeba704a2bfcd359\"><span class=\"fusion-toggle-icon-wrapper\" aria-hidden=\"true\"><i class=\"fa-fusion-box active-icon awb-icon-minus\" aria-hidden=\"true\"><\/i><i class=\"fa-fusion-box inactive-icon awb-icon-plus\" aria-hidden=\"true\"><\/i><\/span><span class=\"fusion-toggle-heading\">Plazos de conservaci\u00f3n<\/span><\/a><\/h4><\/div><div id=\"cbeba704a2bfcd359\" class=\"panel-collapse collapse \" aria-labelledby=\"toggle_cbeba704a2bfcd359\"><div class=\"panel-body toggle-content fusion-clearfix\">\n<table style=\"border-collapse: collapse; width: 100%;\" border=\"1\">\n<tbody>\n<tr style=\"background-color: #ffc107;\">\n<td style=\"width: 100%;\"><span style=\"color: #ffffff;\"><strong>Plazos de conservaci\u00f3n<\/strong><\/span><\/td>\n<\/tr>\n<tr>\n<td style=\"width: 100%;\">Se conservar\u00e1n durante el tiempo necesario para cumplir con la finalidad para la que se recabaron y para determinar las posibles responsabilidades que se pudieran derivar de dicha finalidad y del tratamiento de los datos, conforme a la Ley 58\/2003, de 17 de diciembre, General Tributaria, adem\u00e1s de los periodos establecidos en la normativa de archivos y documentaci\u00f3n.<\/td>\n<\/tr>\n<\/tbody>\n<\/table>\n<\/div><\/div><\/div><div class=\"fusion-panel panel-default panel-56ebec176ab586a27 fusion-toggle-has-divider\" style=\"--awb-title-color:#333333;\"><div class=\"panel-heading\"><h4 class=\"panel-title toggle\" id=\"toggle_56ebec176ab586a27\"><a aria-expanded=\"false\" aria-controls=\"56ebec176ab586a27\" role=\"button\" data-toggle=\"collapse\" data-parent=\"#accordion-69815-1\" data-target=\"#56ebec176ab586a27\" href=\"#56ebec176ab586a27\"><span class=\"fusion-toggle-icon-wrapper\" aria-hidden=\"true\"><i class=\"fa-fusion-box active-icon awb-icon-minus\" aria-hidden=\"true\"><\/i><i class=\"fa-fusion-box inactive-icon awb-icon-plus\" aria-hidden=\"true\"><\/i><\/span><span class=\"fusion-toggle-heading\">Descripci\u00f3n del tratamiento<\/span><\/a><\/h4><\/div><div id=\"56ebec176ab586a27\" class=\"panel-collapse collapse \" aria-labelledby=\"toggle_56ebec176ab586a27\"><div class=\"panel-body toggle-content fusion-clearfix\">\n<table style=\"border-collapse: collapse; width: 100%;\" border=\"1\">\n<tbody>\n<tr style=\"height: 24px; background-color: #ffc107;\">\n<td style=\"width: 100%; height: 24px;\"><span style=\"color: #ffffff;\"><strong>Origen y procedencia de los datos<\/strong><\/span><\/td>\n<\/tr>\n<tr style=\"height: 24px;\">\n<td style=\"width: 100%; height: 24px;\">Del interesado; de otras administraciones<\/td>\n<\/tr>\n<tr style=\"height: 24px; background-color: #ffc107;\">\n<td style=\"width: 100%; height: 24px;\"><span style=\"color: #ffffff;\"><strong>Colectivos afectados<\/strong><\/span><\/td>\n<\/tr>\n<tr style=\"height: 23px;\">\n<td style=\"width: 100%; height: 23px;\">Ciudadanos \/ Voluntarios del Consorcio<\/td>\n<\/tr>\n<\/tbody>\n<\/table>\n<\/div><\/div><\/div><div class=\"fusion-panel panel-default panel-b37d73d39a656438d fusion-toggle-has-divider\" style=\"--awb-title-color:#333333;\"><div class=\"panel-heading\"><h4 class=\"panel-title toggle\" id=\"toggle_b37d73d39a656438d\"><a aria-expanded=\"false\" aria-controls=\"b37d73d39a656438d\" role=\"button\" data-toggle=\"collapse\" data-parent=\"#accordion-69815-1\" data-target=\"#b37d73d39a656438d\" href=\"#b37d73d39a656438d\"><span class=\"fusion-toggle-icon-wrapper\" aria-hidden=\"true\"><i class=\"fa-fusion-box active-icon awb-icon-minus\" aria-hidden=\"true\"><\/i><i class=\"fa-fusion-box inactive-icon awb-icon-plus\" aria-hidden=\"true\"><\/i><\/span><span class=\"fusion-toggle-heading\">Categor\u00edas de los datos tratados<\/span><\/a><\/h4><\/div><div id=\"b37d73d39a656438d\" class=\"panel-collapse collapse \" aria-labelledby=\"toggle_b37d73d39a656438d\"><div class=\"panel-body toggle-content fusion-clearfix\">\n<table style=\"border-collapse: collapse; width: 100%;\" border=\"1\">\n<tbody>\n<tr style=\"height: 24px; background-color: #ffc107;\">\n<td style=\"width: 20.7317%; height: 24px;\" colspan=\"2\"><span style=\"color: #ffffff;\"><strong>Tipolog\u00edas de los datos<\/strong><\/span><\/td>\n<\/tr>\n<tr style=\"height: 24px;\">\n<td style=\"width: 20.7317%; height: 24px;\"><span style=\"color: #ffcc00;\"><strong>Infracciones<\/strong><\/span><\/td>\n<td style=\"width: 79.2683%; height: 24px;\">No est\u00e1n previstas<\/td>\n<\/tr>\n<tr style=\"height: 24px;\">\n<td style=\"width: 20.7317%; height: 24px;\"><span style=\"color: #ffcc00;\"><strong>Categor\u00edas especiales de datos<\/strong><\/span><\/td>\n<td style=\"width: 79.2683%; height: 24px;\">Salud<\/td>\n<\/tr>\n<tr style=\"height: 24px;\">\n<td style=\"width: 20.7317%; height: 24px;\"><span style=\"color: #ffcc00;\"><strong>Datos identificativos<\/strong><\/span><\/td>\n<td style=\"width: 79.2683%; height: 24px;\">Nombre y apellidos; NIF (NIE, Pasaporte o n\u00famero de tarjeta de residencia) ; direcci\u00f3n; tel\u00e9fono, correo electr\u00f3nico y\/o domicilio; firma; imagen y voz.<\/td>\n<\/tr>\n<tr style=\"height: 24px;\">\n<td style=\"width: 20.7317%; height: 24px;\"><span style=\"color: #ffcc00;\"><strong>Otros<\/strong><\/span><\/td>\n<td style=\"width: 79.2683%; height: 24px;\">Datos bancarios. Beneficiarios de seguros<\/td>\n<\/tr>\n<\/tbody>\n<\/table>\n<\/div><\/div><\/div><div class=\"fusion-panel panel-default panel-d4a586cbc6220219e fusion-toggle-has-divider\" style=\"--awb-title-color:#333333;\"><div class=\"panel-heading\"><h4 class=\"panel-title toggle\" id=\"toggle_d4a586cbc6220219e\"><a aria-expanded=\"false\" aria-controls=\"d4a586cbc6220219e\" role=\"button\" data-toggle=\"collapse\" data-parent=\"#accordion-69815-1\" data-target=\"#d4a586cbc6220219e\" href=\"#d4a586cbc6220219e\"><span class=\"fusion-toggle-icon-wrapper\" aria-hidden=\"true\"><i class=\"fa-fusion-box active-icon awb-icon-minus\" aria-hidden=\"true\"><\/i><i class=\"fa-fusion-box inactive-icon awb-icon-plus\" aria-hidden=\"true\"><\/i><\/span><span class=\"fusion-toggle-heading\">Medidas de seguridad<\/span><\/a><\/h4><\/div><div id=\"d4a586cbc6220219e\" class=\"panel-collapse collapse \" aria-labelledby=\"toggle_d4a586cbc6220219e\"><div class=\"panel-body toggle-content fusion-clearfix\">\n<table style=\"border-collapse: collapse; width: 100%;\" border=\"1\">\n<tbody>\n<tr style=\"height: 24px; background-color: #ffc107;\">\n<td style=\"width: 100%; height: 24px;\"><span style=\"color: #ffffff;\"><strong>Medidas t\u00e9cnicas y organizativas aplicadas<\/strong><\/span><\/td>\n<\/tr>\n<tr style=\"height: 168px;\">\n<td style=\"width: 100%; height: 168px;\">\n<p>Las medidas de seguridad garantizar\u00e1n la confidencialidad, integridad, disponibilidad y resiliencia permanentes de los sistemas y servicios de tratamiento que resulten apropiadas para garantizar un nivel de seguridad adecuado al riesgo del tratamiento, en los t\u00e9rminos exigidos por el art\u00edculo 32.1 del RGPD.<\/p>\n<p>Se corresponden con las previstas y en el Anexo II del Real Decreto 311\/2022, de 3 de mayo,, por el que se regula el Esquema Nacional de Seguridad en el \u00e1mbito de la Administraci\u00f3n Electr\u00f3nica\u00a0 y en el marco de los documentos que conforman la Pol\u00edtica de protecci\u00f3n de seguridad de la informaci\u00f3n del Consorcio<\/td>\n<\/tr>\n<\/tbody>\n<\/table>\n<\/div><\/div><\/div><div class=\"fusion-panel panel-default panel-6b9a9afe6147b88f3 fusion-toggle-has-divider\" style=\"--awb-title-color:#333333;\"><div class=\"panel-heading\"><h4 class=\"panel-title toggle\" id=\"toggle_6b9a9afe6147b88f3\"><a aria-expanded=\"false\" aria-controls=\"6b9a9afe6147b88f3\" role=\"button\" data-toggle=\"collapse\" data-parent=\"#accordion-69815-1\" data-target=\"#6b9a9afe6147b88f3\" href=\"#6b9a9afe6147b88f3\"><span class=\"fusion-toggle-icon-wrapper\" aria-hidden=\"true\"><i class=\"fa-fusion-box active-icon awb-icon-minus\" aria-hidden=\"true\"><\/i><i class=\"fa-fusion-box inactive-icon awb-icon-plus\" aria-hidden=\"true\"><\/i><\/span><span class=\"fusion-toggle-heading\">Comunicaciones de datos<\/span><\/a><\/h4><\/div><div id=\"6b9a9afe6147b88f3\" class=\"panel-collapse collapse \" aria-labelledby=\"toggle_6b9a9afe6147b88f3\"><div class=\"panel-body toggle-content fusion-clearfix\">\n<table style=\"border-collapse: collapse; width: 100%;\" border=\"1\">\n<tbody>\n<tr style=\"height: 24px; background-color: #ffc107;\">\n<td style=\"width: 100%; height: 24px;\"><span style=\"color: #ffffff;\"><strong>Categor\u00edas de destinatarios de comunicaciones<\/strong><\/span><\/td>\n<\/tr>\n<tr style=\"height: 24px;\">\n<td style=\"width: 100%; height: 24px;\">Se podr\u00e1n realizar comunicaciones por obligaci\u00f3n legal. Entre ellas las siguientes:<\/p>\n<ul>\n<li>\u00d3rganos responsables de la gesti\u00f3n de emergencias del Gobierno de la Comunitat Valenciana<\/li>\n<li>Entidades bancarias en los supuestos de pagos ordenados por el Consorcio.<\/li>\n<li>\u00d3rganos Judiciales, Ministerio Fiscal o autoridad administrativa competente en el marco de una investigaci\u00f3n penal, disciplinaria o sancionadora.<\/li>\n<li>Autoridad Independiente de Protecci\u00f3n del Informante, as\u00ed como a la Agencia Valenciana Antifraude, en su caso.<\/li>\n<li>Tribunal de Cuentas y Sindicatura de Cuentas de la Comunitat Valenciana.<\/li>\n<li>Compa\u00f1\u00edas de seguros en relaci\u00f3n con las p\u00f3lizas en las que el Consorcio sea el tomador y los interesados asegurados.<\/li>\n<\/ul>\n<\/td>\n<\/tr>\n<\/tbody>\n<\/table>\n<\/div><\/div><\/div><div class=\"fusion-panel panel-default panel-3d267b9009a79be40 fusion-toggle-has-divider\"><div class=\"panel-heading\"><h4 class=\"panel-title toggle\" id=\"toggle_3d267b9009a79be40\"><a aria-expanded=\"false\" aria-controls=\"3d267b9009a79be40\" role=\"button\" data-toggle=\"collapse\" data-parent=\"#accordion-69815-1\" data-target=\"#3d267b9009a79be40\" href=\"#3d267b9009a79be40\"><span class=\"fusion-toggle-icon-wrapper\" aria-hidden=\"true\"><i class=\"fa-fusion-box active-icon awb-icon-minus\" aria-hidden=\"true\"><\/i><i class=\"fa-fusion-box inactive-icon awb-icon-plus\" aria-hidden=\"true\"><\/i><\/span><span class=\"fusion-toggle-heading\">Transferencias internaciones de datos<\/span><\/a><\/h4><\/div><div id=\"3d267b9009a79be40\" class=\"panel-collapse collapse \" aria-labelledby=\"toggle_3d267b9009a79be40\"><div class=\"panel-body toggle-content fusion-clearfix\">\n<p>No est\u00e1n previstas<\/p>\n<\/div><\/div><\/div><\/div><\/div><\/div><\/div><\/div><\/div>\n","protected":false},"excerpt":{"rendered":"","protected":false},"author":183,"featured_media":0,"parent":15159,"menu_order":0,"comment_status":"closed","ping_status":"closed","template":"","meta":{"footnotes":""},"class_list":["post-69815","page","type-page","status-publish","hentry"],"_links":{"self":[{"href":"https:\/\/www.bombersdv.es\/es\/wp-json\/wp\/v2\/pages\/69815"}],"collection":[{"href":"https:\/\/www.bombersdv.es\/es\/wp-json\/wp\/v2\/pages"}],"about":[{"href":"https:\/\/www.bombersdv.es\/es\/wp-json\/wp\/v2\/types\/page"}],"author":[{"embeddable":true,"href":"https:\/\/www.bombersdv.es\/es\/wp-json\/wp\/v2\/users\/183"}],"replies":[{"embeddable":true,"href":"https:\/\/www.bombersdv.es\/es\/wp-json\/wp\/v2\/comments?post=69815"}],"version-history":[{"count":10,"href":"https:\/\/www.bombersdv.es\/es\/wp-json\/wp\/v2\/pages\/69815\/revisions"}],"predecessor-version":[{"id":70032,"href":"https:\/\/www.bombersdv.es\/es\/wp-json\/wp\/v2\/pages\/69815\/revisions\/70032"}],"up":[{"embeddable":true,"href":"https:\/\/www.bombersdv.es\/es\/wp-json\/wp\/v2\/pages\/15159"}],"wp:attachment":[{"href":"https:\/\/www.bombersdv.es\/es\/wp-json\/wp\/v2\/media?parent=69815"}],"curies":[{"name":"wp","href":"https:\/\/api.w.org\/{rel}","templated":true}]}}