{"id":69871,"date":"2024-06-28T09:56:58","date_gmt":"2024-06-28T07:56:58","guid":{"rendered":"https:\/\/www.bombersdv.es\/?page_id=69871"},"modified":"2024-06-28T10:03:44","modified_gmt":"2024-06-28T08:03:44","slug":"actividad-de-tratamiento-de-datos-prevencion-de-riesgos-laborales","status":"publish","type":"page","link":"https:\/\/www.bombersdv.es\/es\/portal-de-transparencia\/actividad-de-tratamiento-de-datos-prevencion-de-riesgos-laborales\/","title":{"rendered":"ACTIVIDAD DE TRATAMIENTO DE DATOS: Prevenci\u00f3n de Riesgos Laborales"},"content":{"rendered":"<div class=\"fusion-fullwidth fullwidth-box fusion-builder-row-1 fusion-flex-container nonhundred-percent-fullwidth non-hundred-percent-height-scrolling\" style=\"--awb-border-radius-top-left:0px;--awb-border-radius-top-right:0px;--awb-border-radius-bottom-right:0px;--awb-border-radius-bottom-left:0px;--awb-flex-wrap:wrap;\" ><div class=\"fusion-builder-row fusion-row fusion-flex-align-items-flex-start fusion-flex-content-wrap\" style=\"max-width:1248px;margin-left: calc(-4% \/ 2 );margin-right: calc(-4% \/ 2 );\"><div class=\"fusion-layout-column fusion_builder_column fusion-builder-column-0 fusion_builder_column_1_1 1_1 fusion-flex-column\" style=\"--awb-bg-size:cover;--awb-width-large:100%;--awb-margin-top-large:0px;--awb-spacing-right-large:1.92%;--awb-margin-bottom-large:20px;--awb-spacing-left-large:1.92%;--awb-width-medium:100%;--awb-order-medium:0;--awb-spacing-right-medium:1.92%;--awb-spacing-left-medium:1.92%;--awb-width-small:100%;--awb-order-small:0;--awb-spacing-right-small:1.92%;--awb-spacing-left-small:1.92%;\"><div class=\"fusion-column-wrapper fusion-column-has-shadow fusion-flex-justify-content-flex-start fusion-content-layout-column\"><div class=\"fusion-text fusion-text-1\"><h3><span style=\"color: #ffcc00;\"><strong>ACTIVIDAD DE TRATAMIENTO: Prevenci\u00f3n de Riesgos Laborales<\/strong><\/span><\/h3>\n<p><span style=\"color: #808080;\"><em>Ultima actualizaci\u00f3n : 06\/2024<\/em><\/span><\/p>\n<\/div><div class=\"fusion-separator fusion-full-width-sep\" style=\"align-self: center;margin-left: auto;margin-right: auto;width:100%;\"><div class=\"fusion-separator-border sep-single sep-solid\" style=\"--awb-height:20px;--awb-amount:20px;--awb-sep-color:#ffbf00;border-color:#ffbf00;border-top-width:2px;\"><\/div><\/div><div class=\"accordian fusion-accordian\" style=\"--awb-border-size:1px;--awb-icon-size:13px;--awb-content-font-size:15px;--awb-icon-alignment:left;--awb-hover-color:#f9f9f9;--awb-border-color:#cccccc;--awb-background-color:#ffffff;--awb-divider-color:#e0dede;--awb-divider-hover-color:#e0dede;--awb-icon-color:#ffffff;--awb-title-color:#333333;--awb-content-color:#747474;--awb-icon-box-color:#ffc107;--awb-toggle-hover-accent-color:#ffc107;--awb-title-font-family:&quot;Raleway&quot;;--awb-title-font-weight:500;--awb-title-font-style:normal;--awb-title-font-size:20px;--awb-title-letter-spacing:0px;--awb-title-line-height:1.1;--awb-content-font-family:&quot;Raleway&quot;;--awb-content-font-style:normal;--awb-content-font-weight:500;\"><div class=\"panel-group fusion-toggle-icon-boxed\" id=\"accordion-69871-1\"><div class=\"fusion-panel panel-default panel-701f2a66f12e80716 fusion-toggle-has-divider\" style=\"--awb-title-color:#333333;\"><div class=\"panel-heading\"><h4 class=\"panel-title toggle\" id=\"toggle_701f2a66f12e80716\"><a aria-expanded=\"false\" aria-controls=\"701f2a66f12e80716\" role=\"button\" data-toggle=\"collapse\" data-parent=\"#accordion-69871-1\" data-target=\"#701f2a66f12e80716\" href=\"#701f2a66f12e80716\"><span class=\"fusion-toggle-icon-wrapper\" aria-hidden=\"true\"><i class=\"fa-fusion-box active-icon awb-icon-minus\" aria-hidden=\"true\"><\/i><i class=\"fa-fusion-box inactive-icon awb-icon-plus\" aria-hidden=\"true\"><\/i><\/span><span class=\"fusion-toggle-heading\">Identificaci\u00f3n del tratamiento<\/span><\/a><\/h4><\/div><div id=\"701f2a66f12e80716\" class=\"panel-collapse collapse \" aria-labelledby=\"toggle_701f2a66f12e80716\"><div class=\"panel-body toggle-content fusion-clearfix\">\n<table style=\"width: 100%; border-collapse: collapse; border-style: inset; border-color: #000000;\" border=\"1\">\n<tbody>\n<tr>\n<td style=\"width: 99.9129%; background-color: #ffc107;\" colspan=\"2\"><span style=\"color: #ffffff;\"><strong>Nombre y finalidad<\/strong><\/span><\/td>\n<\/tr>\n<tr>\n<td style=\"width: 18.4669%; text-align: right;\"><span style=\"color: #ffcc00;\"><strong>Nombre<\/strong><\/span><\/td>\n<td style=\"width: 81.446%;\">Prevenci\u00f3n de riesgos laborales<\/td>\n<\/tr>\n<tr>\n<td style=\"width: 18.4669%; text-align: right;\"><span style=\"color: #ffcc00;\"><strong>Descripci\u00f3n finalidad<\/strong><\/span><\/td>\n<td style=\"width: 81.446%;\">Tratamiento de datos para la gesti\u00f3n de prevenci\u00f3n de riesgos laborales de los empleados del Consorcio<\/td>\n<\/tr>\n<\/tbody>\n<\/table>\n<\/div><\/div><\/div><div class=\"fusion-panel panel-default panel-2fa80035c13120b03 fusion-toggle-has-divider\" style=\"--awb-title-color:#333333;\"><div class=\"panel-heading\"><h4 class=\"panel-title toggle\" id=\"toggle_2fa80035c13120b03\"><a aria-expanded=\"false\" aria-controls=\"2fa80035c13120b03\" role=\"button\" data-toggle=\"collapse\" data-parent=\"#accordion-69871-1\" data-target=\"#2fa80035c13120b03\" href=\"#2fa80035c13120b03\"><span class=\"fusion-toggle-icon-wrapper\" aria-hidden=\"true\"><i class=\"fa-fusion-box active-icon awb-icon-minus\" aria-hidden=\"true\"><\/i><i class=\"fa-fusion-box inactive-icon awb-icon-plus\" aria-hidden=\"true\"><\/i><\/span><span class=\"fusion-toggle-heading\">Identificaci\u00f3n del responsable del tratamiento<\/span><\/a><\/h4><\/div><div id=\"2fa80035c13120b03\" class=\"panel-collapse collapse \" aria-labelledby=\"toggle_2fa80035c13120b03\"><div class=\"panel-body toggle-content fusion-clearfix\">\n<table style=\"border-collapse: collapse; width: 100%;\" border=\"1\">\n<tbody>\n<tr style=\"background-color: #ffc107;\">\n<td style=\"width: 100%;\" colspan=\"2\"><span style=\"color: #ffffff;\"><strong>Responsable del tratamiento<\/strong><\/span><\/td>\n<\/tr>\n<tr>\n<td style=\"width: 30.6023%;\"><span style=\"color: #ffcc00;\"><strong>Identidad<\/strong><\/span><\/td>\n<td style=\"width: 69.3977%;\">\n<p>Consorcio para el Servicio de Prevenci\u00f3n y Extinci\u00f3n de Incendios y de Salvamento de la provincia de Valencia<\/p>\n<p>No obstante, la empresa encargada del servicio del prevenci\u00f3n ajeno ser\u00e1 responsable del tratamiento de todos aquellos datos personales que el trabajador le proporcione o se deriven del desarrollo de la propia actividad de prevenci\u00f3n de riesgos laborales llevada a cabo por el servicio m\u00e9dico, de acuerdo con el art\u00edculo 22.4 de la Ley 31\/1995, de 8 de noviembre, de Prevenci\u00f3n de Riesgos Laborales (Informe de la Agencia Espa\u00f1ola de Protecci\u00f3n de Datos n\u00ba 189\/2008), necesarios para la prestaci\u00f3n de los servicios relativos a medicina del trabajo y vigilancia de la salud-<\/td>\n<\/tr>\n<tr>\n<td style=\"width: 30.6023%;\"><span style=\"color: #ffcc00;\"><strong>Forma de contactar con el responsable<\/strong><\/span><\/td>\n<td style=\"width: 69.3977%;\">\n<p>Por correo electr\u00f3nico en la direcci\u00f3n infobombers@bombersdv.es<\/p>\n<p>Por correo postal, en la direcci\u00f3n Avellanas 14, 46003 Val\u00e8ncia.<\/td>\n<\/tr>\n<tr>\n<td style=\"width: 30.6023%;\"><span style=\"color: #ffcc00;\"><strong>Forma de ejercitar derechos<\/strong><\/span><\/td>\n<td style=\"width: 69.3977%;\">Para solicitar el\u00a0<b>acceso, la rectificaci\u00f3n, supresi\u00f3n o limitaci\u00f3n del tratamiento de los datos personales o para oponerse al tratamiento,<\/b>\u00a0en el caso de se den los requisitos establecidos en el Reglamento General de Protecci\u00f3n de Datos, as\u00ed como en la Ley Org\u00e1nica 3\/2018, de 5 de diciembre, de Protecci\u00f3n de Datos Personal y garant\u00eda de los derechos digitales,\u00a0se\u00a0puede dirigir un escrito al Consorcio en la direcci\u00f3n indicada m\u00e1s arriba\u00a0o en el\u00a0registro electr\u00f3nico https:\/\/sede.bombersdv.es\/<\/td>\n<\/tr>\n<tr>\n<td style=\"width: 30.6023%;\"><span style=\"color: #ffcc00;\"><strong>Unidad responsable de la tramitaci\u00f3n<\/strong><\/span><\/td>\n<td style=\"width: 69.3977%;\">Servicio de Recursos Humanos; Prevenci\u00f3n de Riesgos laborales<\/td>\n<\/tr>\n<\/tbody>\n<\/table>\n<\/div><\/div><\/div><div class=\"fusion-panel panel-default panel-3ee5f4c07325055f4 fusion-toggle-has-divider\" style=\"--awb-title-color:#333333;\"><div class=\"panel-heading\"><h4 class=\"panel-title toggle\" id=\"toggle_3ee5f4c07325055f4\"><a aria-expanded=\"false\" aria-controls=\"3ee5f4c07325055f4\" role=\"button\" data-toggle=\"collapse\" data-parent=\"#accordion-69871-1\" data-target=\"#3ee5f4c07325055f4\" href=\"#3ee5f4c07325055f4\"><span class=\"fusion-toggle-icon-wrapper\" aria-hidden=\"true\"><i class=\"fa-fusion-box active-icon awb-icon-minus\" aria-hidden=\"true\"><\/i><i class=\"fa-fusion-box inactive-icon awb-icon-plus\" aria-hidden=\"true\"><\/i><\/span><span class=\"fusion-toggle-heading\">Delegado de protecci\u00f3n de datos<\/span><\/a><\/h4><\/div><div id=\"3ee5f4c07325055f4\" class=\"panel-collapse collapse \" aria-labelledby=\"toggle_3ee5f4c07325055f4\"><div class=\"panel-body toggle-content fusion-clearfix\">\n<table style=\"border-collapse: collapse; width: 100%;\" border=\"1\">\n<tbody>\n<tr>\n<td style=\"width: 40.9408%;\"><span style=\"color: #ffcc00;\"><b>Datos de Contacto del Delegado de protecci\u00f3n de datos<\/b><\/span><\/td>\n<td style=\"width: 59.0592%;\">Para cualquier consulta o queja relacionada con el tratamiento de estos datos, el Consorcio pone a disposici\u00f3n de los interesados el buz\u00f3n del delegado de protecci\u00f3n de datos dpd@bombersdv.es<\/td>\n<\/tr>\n<\/tbody>\n<\/table>\n<\/div><\/div><\/div><div class=\"fusion-panel panel-default panel-9f9ef4ae0e072faa5 fusion-toggle-has-divider\" style=\"--awb-title-color:#333333;\"><div class=\"panel-heading\"><h4 class=\"panel-title toggle\" id=\"toggle_9f9ef4ae0e072faa5\"><a aria-expanded=\"false\" aria-controls=\"9f9ef4ae0e072faa5\" role=\"button\" data-toggle=\"collapse\" data-parent=\"#accordion-69871-1\" data-target=\"#9f9ef4ae0e072faa5\" href=\"#9f9ef4ae0e072faa5\"><span class=\"fusion-toggle-icon-wrapper\" aria-hidden=\"true\"><i class=\"fa-fusion-box active-icon awb-icon-minus\" aria-hidden=\"true\"><\/i><i class=\"fa-fusion-box inactive-icon awb-icon-plus\" aria-hidden=\"true\"><\/i><\/span><span class=\"fusion-toggle-heading\">Licitud del tratamiento<\/span><\/a><\/h4><\/div><div id=\"9f9ef4ae0e072faa5\" class=\"panel-collapse collapse \" aria-labelledby=\"toggle_9f9ef4ae0e072faa5\"><div class=\"panel-body toggle-content fusion-clearfix\">\n<table style=\"border-collapse: collapse; width: 100%;\" border=\"1\">\n<tbody>\n<tr>\n<td style=\"width: 100%; background-color: #ffc107;\"><span style=\"color: #ffffff;\">Base jur\u00eddica<\/span><\/td>\n<\/tr>\n<tr>\n<td style=\"width: 100%;\">La base de licitud es el art\u00edculo 6.1.c) del RGPD: el tratamiento es necesario para el cumplimiento de una obligaci\u00f3n legal aplicable al responsable del tratamiento, de acuerdo con:<\/p>\n<ul>\n<li>Ley 31\/1995, de 8 de noviembre, de Prevenci\u00f3n de Riesgos Laborales.<\/li>\n<li>Ley 30\/1984, de 2 de agosto, de medidas para la reforma de la Funci\u00f3n P\u00fablica.<\/li>\n<li>Ley 7\/1985, de 2 de abril, Reguladora de las Bases del R\u00e9gimen Local.<\/li>\n<li>Ley Org\u00e1nica 11\/1985, de 2 de agosto, de Libertad Sindical.<\/li>\n<li>Ley Org\u00e1nica 3\/2007, de 22 de marzo, para la igualdad efectiva de hombres y mujeres.<\/li>\n<li>Real Decreto Legislativo 2\/2015, de 23 de octubre, por el que se aprueba el texto refundido de la Ley del Estatuto de los Trabajadores.<\/li>\n<li>Real Decreto Legislativo 5\/2015, de 30 de octubre, por el que se aprueba el texto refundido de la Ley del Estatuto B\u00e1sico del Empleado P\u00fablico.<\/li>\n<\/ul>\n<p>La base jur\u00eddica en el caso de categor\u00edas especiales es el art\u00edculo art\u00edculo 6.1.b) y c), en relaci\u00f3n con el RGPD 9.2.b) del RGPD: el tratamiento es necesario para el cumplimiento de obligaciones y el ejercicio de derechos espec\u00edficos del responsable del tratamiento o del interesado en el \u00e1mbito del Derecho laboral, as\u00ed como el art\u00edculo 9.2.h) del RGPD relativo a fines de medicina preventiva o laboral, de acuerdo, entre otros, con la Ley 31\/1995, de 8 de noviembre, de Prevenci\u00f3n de Riesgos Laborales. En determinados casos, el tratamiento se basar\u00e1 en el consentimiento del interesado (art. 6.1 a) RGPD, y ser\u00e1 recogido por la empresa adjudicataria de los servicios de prevenci\u00f3n, como responsable del tratamiento.<\/td>\n<\/tr>\n<\/tbody>\n<\/table>\n<\/div><\/div><\/div><div class=\"fusion-panel panel-default panel-4f1ca34e1632d5953 fusion-toggle-has-divider\" style=\"--awb-title-color:#333333;\"><div class=\"panel-heading\"><h4 class=\"panel-title toggle\" id=\"toggle_4f1ca34e1632d5953\"><a aria-expanded=\"false\" aria-controls=\"4f1ca34e1632d5953\" role=\"button\" data-toggle=\"collapse\" data-parent=\"#accordion-69871-1\" data-target=\"#4f1ca34e1632d5953\" href=\"#4f1ca34e1632d5953\"><span class=\"fusion-toggle-icon-wrapper\" aria-hidden=\"true\"><i class=\"fa-fusion-box active-icon awb-icon-minus\" aria-hidden=\"true\"><\/i><i class=\"fa-fusion-box inactive-icon awb-icon-plus\" aria-hidden=\"true\"><\/i><\/span><span class=\"fusion-toggle-heading\">Plazos de conservaci\u00f3n<\/span><\/a><\/h4><\/div><div id=\"4f1ca34e1632d5953\" class=\"panel-collapse collapse \" aria-labelledby=\"toggle_4f1ca34e1632d5953\"><div class=\"panel-body toggle-content fusion-clearfix\">\n<table style=\"border-collapse: collapse; width: 100%;\" border=\"1\">\n<tbody>\n<tr style=\"background-color: #ffc107;\">\n<td style=\"width: 100%;\"><span style=\"color: #ffffff;\"><strong>Plazos de conservaci\u00f3n<\/strong><\/span><\/td>\n<\/tr>\n<tr>\n<td style=\"width: 100%;\">Se conservar\u00e1n durante el tiempo necesario para cumplir con la finalidad para la que se recabaron y para determinar las posibles responsabilidades que se pudieran derivar de dicha finalidad y del tratamiento de los datos adem\u00e1s de los periodos establecidos en la normativa de archivos y documentaci\u00f3n.<\/td>\n<\/tr>\n<\/tbody>\n<\/table>\n<\/div><\/div><\/div><div class=\"fusion-panel panel-default panel-0423a13e425cc72af fusion-toggle-has-divider\" style=\"--awb-title-color:#333333;\"><div class=\"panel-heading\"><h4 class=\"panel-title toggle\" id=\"toggle_0423a13e425cc72af\"><a aria-expanded=\"false\" aria-controls=\"0423a13e425cc72af\" role=\"button\" data-toggle=\"collapse\" data-parent=\"#accordion-69871-1\" data-target=\"#0423a13e425cc72af\" href=\"#0423a13e425cc72af\"><span class=\"fusion-toggle-icon-wrapper\" aria-hidden=\"true\"><i class=\"fa-fusion-box active-icon awb-icon-minus\" aria-hidden=\"true\"><\/i><i class=\"fa-fusion-box inactive-icon awb-icon-plus\" aria-hidden=\"true\"><\/i><\/span><span class=\"fusion-toggle-heading\">Descripci\u00f3n del tratamiento<\/span><\/a><\/h4><\/div><div id=\"0423a13e425cc72af\" class=\"panel-collapse collapse \" aria-labelledby=\"toggle_0423a13e425cc72af\"><div class=\"panel-body toggle-content fusion-clearfix\">\n<table style=\"border-collapse: collapse; width: 100%;\" border=\"1\">\n<tbody>\n<tr style=\"height: 24px; background-color: #ffc107;\">\n<td style=\"width: 100%; height: 24px;\"><span style=\"color: #ffffff;\"><strong>Origen y procedencia de los datos<\/strong><\/span><\/td>\n<\/tr>\n<tr style=\"height: 24px;\">\n<td style=\"width: 100%; height: 24px;\">De la propia persona afectada o su representante legal, as\u00ed como de Administraciones P\u00fablicas, en su caso.<\/td>\n<\/tr>\n<tr style=\"height: 24px; background-color: #ffc107;\">\n<td style=\"width: 100%; height: 24px;\"><span style=\"color: #ffffff;\"><strong>Colectivos afectados<\/strong><\/span><\/td>\n<\/tr>\n<tr style=\"height: 23px;\">\n<td style=\"width: 100%; height: 23px;\">Empleados<\/td>\n<\/tr>\n<\/tbody>\n<\/table>\n<\/div><\/div><\/div><div class=\"fusion-panel panel-default panel-bbc140f4595c8773c fusion-toggle-has-divider\" style=\"--awb-title-color:#333333;\"><div class=\"panel-heading\"><h4 class=\"panel-title toggle\" id=\"toggle_bbc140f4595c8773c\"><a aria-expanded=\"false\" aria-controls=\"bbc140f4595c8773c\" role=\"button\" data-toggle=\"collapse\" data-parent=\"#accordion-69871-1\" data-target=\"#bbc140f4595c8773c\" href=\"#bbc140f4595c8773c\"><span class=\"fusion-toggle-icon-wrapper\" aria-hidden=\"true\"><i class=\"fa-fusion-box active-icon awb-icon-minus\" aria-hidden=\"true\"><\/i><i class=\"fa-fusion-box inactive-icon awb-icon-plus\" aria-hidden=\"true\"><\/i><\/span><span class=\"fusion-toggle-heading\">Categor\u00edas de los datos tratados<\/span><\/a><\/h4><\/div><div id=\"bbc140f4595c8773c\" class=\"panel-collapse collapse \" aria-labelledby=\"toggle_bbc140f4595c8773c\"><div class=\"panel-body toggle-content fusion-clearfix\">\n<table style=\"border-collapse: collapse; width: 100%;\" border=\"1\">\n<tbody>\n<tr style=\"height: 24px; background-color: #ffc107;\">\n<td style=\"width: 20.7317%; height: 24px;\" colspan=\"2\"><span style=\"color: #ffffff;\"><strong>Tipolog\u00edas de los datos<\/strong><\/span><\/td>\n<\/tr>\n<tr style=\"height: 24px;\">\n<td style=\"width: 20.7317%; height: 24px;\"><span style=\"color: #ffcc00;\"><strong>Infracciones<\/strong><\/span><\/td>\n<td style=\"width: 79.2683%; height: 24px;\">No est\u00e1n previstas<\/td>\n<\/tr>\n<tr style=\"height: 24px;\">\n<td style=\"width: 20.7317%; height: 24px;\"><span style=\"color: #ffcc00;\"><strong>Categor\u00edas especiales de datos<\/strong><\/span><\/td>\n<td style=\"width: 79.2683%; height: 24px;\">Datos relativos a la salud: bajas por enfermedad, accidentes laborales y discapacidades.<\/td>\n<\/tr>\n<tr style=\"height: 24px;\">\n<td style=\"width: 20.7317%; height: 24px;\"><span style=\"color: #ffcc00;\"><strong>Datos identificativos<\/strong><\/span><\/td>\n<td style=\"width: 79.2683%; height: 24px;\">Nombre y apellidos; NIF (NIE, Pasaporte o n\u00famero de tarjeta de residencia) ; direcci\u00f3n; tel\u00e9fono, correo electr\u00f3nico y\/o domicilio; firma; imagen.<\/td>\n<\/tr>\n<tr style=\"height: 24px;\">\n<td style=\"width: 20.7317%; height: 24px;\"><span style=\"color: #ffcc00;\"><strong>Otros<\/strong><\/span><\/td>\n<td style=\"width: 79.2683%; height: 24px;\">Caracter\u00edsticas personales (Edad, Fecha de nacimiento, etc.) y profesionales;\u00a0 detalles del empleo.<\/td>\n<\/tr>\n<\/tbody>\n<\/table>\n<\/div><\/div><\/div><div class=\"fusion-panel panel-default panel-70ec9e6b5a4d9ca64 fusion-toggle-has-divider\" style=\"--awb-title-color:#333333;\"><div class=\"panel-heading\"><h4 class=\"panel-title toggle\" id=\"toggle_70ec9e6b5a4d9ca64\"><a aria-expanded=\"false\" aria-controls=\"70ec9e6b5a4d9ca64\" role=\"button\" data-toggle=\"collapse\" data-parent=\"#accordion-69871-1\" data-target=\"#70ec9e6b5a4d9ca64\" href=\"#70ec9e6b5a4d9ca64\"><span class=\"fusion-toggle-icon-wrapper\" aria-hidden=\"true\"><i class=\"fa-fusion-box active-icon awb-icon-minus\" aria-hidden=\"true\"><\/i><i class=\"fa-fusion-box inactive-icon awb-icon-plus\" aria-hidden=\"true\"><\/i><\/span><span class=\"fusion-toggle-heading\">Medidas de seguridad<\/span><\/a><\/h4><\/div><div id=\"70ec9e6b5a4d9ca64\" class=\"panel-collapse collapse \" aria-labelledby=\"toggle_70ec9e6b5a4d9ca64\"><div class=\"panel-body toggle-content fusion-clearfix\">\n<table style=\"border-collapse: collapse; width: 100%;\" border=\"1\">\n<tbody>\n<tr style=\"height: 24px; background-color: #ffc107;\">\n<td style=\"width: 100%; height: 24px;\"><span style=\"color: #ffffff;\"><strong>Medidas t\u00e9cnicas y organizativas aplicadas<\/strong><\/span><\/td>\n<\/tr>\n<tr style=\"height: 168px;\">\n<td style=\"width: 100%; height: 168px;\">\n<p>Las medidas de seguridad garantizar\u00e1n la confidencialidad, integridad, disponibilidad y resiliencia permanentes de los sistemas y servicios de tratamiento que resulten apropiadas para garantizar un nivel de seguridad adecuado al riesgo del tratamiento, en los t\u00e9rminos exigidos por el art\u00edculo 32.1 del RGPD.<\/p>\n<p>Se corresponden con las previstas y en el Anexo II del Real Decreto 311\/2022, de 3 de mayo, por el que se regula el Esquema Nacional de Seguridad en el \u00e1mbito de la Administraci\u00f3n Electr\u00f3nica y en el marco de los documentos que conforman la Pol\u00edtica de protecci\u00f3n de seguridad de la informaci\u00f3n del Consorcio<\/td>\n<\/tr>\n<\/tbody>\n<\/table>\n<\/div><\/div><\/div><div class=\"fusion-panel panel-default panel-3f4266690aa9ba3f4 fusion-toggle-has-divider\" style=\"--awb-title-color:#333333;\"><div class=\"panel-heading\"><h4 class=\"panel-title toggle\" id=\"toggle_3f4266690aa9ba3f4\"><a aria-expanded=\"false\" aria-controls=\"3f4266690aa9ba3f4\" role=\"button\" data-toggle=\"collapse\" data-parent=\"#accordion-69871-1\" data-target=\"#3f4266690aa9ba3f4\" href=\"#3f4266690aa9ba3f4\"><span class=\"fusion-toggle-icon-wrapper\" aria-hidden=\"true\"><i class=\"fa-fusion-box active-icon awb-icon-minus\" aria-hidden=\"true\"><\/i><i class=\"fa-fusion-box inactive-icon awb-icon-plus\" aria-hidden=\"true\"><\/i><\/span><span class=\"fusion-toggle-heading\">Comunicaciones de datos<\/span><\/a><\/h4><\/div><div id=\"3f4266690aa9ba3f4\" class=\"panel-collapse collapse \" aria-labelledby=\"toggle_3f4266690aa9ba3f4\"><div class=\"panel-body toggle-content fusion-clearfix\">\n<table style=\"border-collapse: collapse; width: 100%;\" border=\"1\">\n<tbody>\n<tr style=\"height: 24px; background-color: #ffc107;\">\n<td style=\"width: 100%; height: 24px;\"><span style=\"color: #ffffff;\"><strong>Categor\u00edas de destinatarios de comunicaciones<\/strong><\/span><\/td>\n<\/tr>\n<tr style=\"height: 24px;\">\n<td style=\"width: 100%; height: 24px;\">\n<p style=\"text-align: justify;\">Por obligaci\u00f3n legal, se comunicar\u00e1n a \u00f3rganos judiciales.<\/p>\n<p style=\"text-align: justify;\">Adem\u00e1s, tambi\u00e9n se comunicar\u00e1n a la adjudicataria del servicio de prevenci\u00f3n ajeno\u00a0 en cumplimiento de la Ley 31\/1995, de 8 de noviembre, de Prevenci\u00f3n de Riesgos Laborales, as\u00ed como a la Mutua de accidentes y a la Inspecci\u00f3n de Trabajo, cuando proceda.<\/p>\n<p style=\"text-align: justify;\">La empresa externa que presta el servicio de prevenci\u00f3n ser\u00e1 responsable del tratamiento de todos aquellos datos que el trabajador le proporcione en desarrollo de la actividad de prevenci\u00f3n de riesgos laborales llevada a cabo por un servicio m\u00e9dico, destinado la vigilancia de la salud de los trabajadores de las empresas que son sus clientes, que deber\u00e1n ser informadas de las conclusiones que se deriven de los reconocimientos efectuados s\u00f3lo en relaci\u00f3n con la aptitud del trabajador para el desempe\u00f1o del puesto de trabajo. Por otro lado la declaraci\u00f3n de aptitud del trabajador para el desempe\u00f1o de un puesto de trabajo ser\u00eda un supuesto de cesi\u00f3n de datos.\u00a0 No obstante\u00a0 el Consorcio y m\u00e1s en concreto las personas u \u00f3rganos con responsabilidades en materia de prevenci\u00f3n ser\u00e1n informados de las conclusiones que se deriven de los reconocimientos efectuados en relaci\u00f3n con la aptitud del trabajador para el desempe\u00f1o del puesto de trabajo o con la necesidad de introducir o mejorar las medidas de protecci\u00f3n y prevenci\u00f3n, a fin de que puedan desarrollar correctamente sus funciones en materia preventiva. El acceso del Consorcio a los datos, limitado a lo que se acaba de indicar, supone una cesi\u00f3n de datos de car\u00e1cter personal, que al estar est\u00e1 autorizada en una Ley, no necesitar\u00e1 del consentimiento de los trabajadores.<\/p>\n<\/td>\n<\/tr>\n<\/tbody>\n<\/table>\n<\/div><\/div><\/div><div class=\"fusion-panel panel-default panel-e17072ed558b07788 fusion-toggle-has-divider\"><div class=\"panel-heading\"><h4 class=\"panel-title toggle\" id=\"toggle_e17072ed558b07788\"><a aria-expanded=\"false\" aria-controls=\"e17072ed558b07788\" role=\"button\" data-toggle=\"collapse\" data-parent=\"#accordion-69871-1\" data-target=\"#e17072ed558b07788\" href=\"#e17072ed558b07788\"><span class=\"fusion-toggle-icon-wrapper\" aria-hidden=\"true\"><i class=\"fa-fusion-box active-icon awb-icon-minus\" aria-hidden=\"true\"><\/i><i class=\"fa-fusion-box inactive-icon awb-icon-plus\" aria-hidden=\"true\"><\/i><\/span><span class=\"fusion-toggle-heading\">Transferencias internaciones de datos<\/span><\/a><\/h4><\/div><div id=\"e17072ed558b07788\" class=\"panel-collapse collapse \" aria-labelledby=\"toggle_e17072ed558b07788\"><div class=\"panel-body toggle-content fusion-clearfix\">\n<p>No est\u00e1n previstas<\/p>\n<\/div><\/div><\/div><\/div><\/div><\/div><\/div><\/div><\/div>\n","protected":false},"excerpt":{"rendered":"","protected":false},"author":183,"featured_media":0,"parent":15159,"menu_order":0,"comment_status":"closed","ping_status":"closed","template":"","meta":{"footnotes":""},"class_list":["post-69871","page","type-page","status-publish","hentry"],"_links":{"self":[{"href":"https:\/\/www.bombersdv.es\/es\/wp-json\/wp\/v2\/pages\/69871"}],"collection":[{"href":"https:\/\/www.bombersdv.es\/es\/wp-json\/wp\/v2\/pages"}],"about":[{"href":"https:\/\/www.bombersdv.es\/es\/wp-json\/wp\/v2\/types\/page"}],"author":[{"embeddable":true,"href":"https:\/\/www.bombersdv.es\/es\/wp-json\/wp\/v2\/users\/183"}],"replies":[{"embeddable":true,"href":"https:\/\/www.bombersdv.es\/es\/wp-json\/wp\/v2\/comments?post=69871"}],"version-history":[{"count":5,"href":"https:\/\/www.bombersdv.es\/es\/wp-json\/wp\/v2\/pages\/69871\/revisions"}],"predecessor-version":[{"id":69878,"href":"https:\/\/www.bombersdv.es\/es\/wp-json\/wp\/v2\/pages\/69871\/revisions\/69878"}],"up":[{"embeddable":true,"href":"https:\/\/www.bombersdv.es\/es\/wp-json\/wp\/v2\/pages\/15159"}],"wp:attachment":[{"href":"https:\/\/www.bombersdv.es\/es\/wp-json\/wp\/v2\/media?parent=69871"}],"curies":[{"name":"wp","href":"https:\/\/api.w.org\/{rel}","templated":true}]}}