{"id":69887,"date":"2024-07-11T12:38:17","date_gmt":"2024-07-11T10:38:17","guid":{"rendered":"https:\/\/www.bombersdv.es\/?page_id=69887"},"modified":"2024-07-11T12:38:17","modified_gmt":"2024-07-11T10:38:17","slug":"uritec","status":"publish","type":"page","link":"https:\/\/www.bombersdv.es\/es\/areas-operativas\/uritec\/","title":{"rendered":"URITEC"},"content":{"rendered":"<p><div class=\"fusion-fullwidth fullwidth-box fusion-builder-row-1 nonhundred-percent-fullwidth non-hundred-percent-height-scrolling\" style=\"--awb-border-radius-top-left:0px;--awb-border-radius-top-right:0px;--awb-border-radius-bottom-right:0px;--awb-border-radius-bottom-left:0px;--awb-flex-wrap:wrap;\" ><div class=\"fusion-builder-row fusion-row\"><div class=\"fusion-layout-column fusion_builder_column fusion-builder-column-0 fusion_builder_column_1_1 1_1 fusion-one-full fusion-column-first fusion-column-last\" style=\"--awb-bg-size:cover;\"><div class=\"fusion-column-wrapper fusion-flex-column-wrapper-legacy\"><div class=\"fusion-text fusion-text-1\"><p style=\"text-align: justify;\">El \u00e1mbito de actuaci\u00f3n de la URITEC es el de las intervenciones debidas a eventos asociados al almacenamiento, producci\u00f3n, transformaci\u00f3n o transporte de sustancias y\/o residuos qu\u00edmicos peligrosos, radiactivos, biol\u00f3gicos que puedan ocasionar consecuencias negativas para la seguridad, la salud, el medio ambiente y otros bienes, o cualquier otra situaci\u00f3n de riesgo en la que se requiera para su resoluci\u00f3n de las capacidades humanas y materiales de esta unidad.<br \/>\nLas t\u00e9cnicas y equipos a utilizar en la resoluci\u00f3n de emergencias en las que est\u00e1 presente el riesgo tecnol\u00f3gico exigen una especializaci\u00f3n dif\u00edcil de alcanzar si no se recibe una formaci\u00f3n espec\u00edfica profunda y peri\u00f3dica. Por su complejidad, la resoluci\u00f3n \u00f3ptima de este tipo de emergencia solo es posible si se dispone de un equipo de profesionales especialmente entrenados y formados en t\u00e9cnicas y t\u00e1cticas espec\u00edficas que capacite al interviniente para el manejo y uso correcto de las herramientas disponibles en el CPBV. Por todo ello, se ha considerado adecuado crear la URITEC para cubrir la necesidad de hacer frente a las emergencias y riesgos tecnol\u00f3gicos.<\/p>\n<\/div><div class=\"fusion-clearfix\"><\/div><\/div><\/div><\/div><\/div><div class=\"fusion-fullwidth fullwidth-box fusion-builder-row-2 hundred-percent-fullwidth non-hundred-percent-height-scrolling fusion-equal-height-columns\" style=\"--awb-background-position:left top;--awb-border-sizes-top:0px;--awb-border-sizes-bottom:0px;--awb-border-sizes-left:0px;--awb-border-sizes-right:0px;--awb-border-radius-top-left:0px;--awb-border-radius-top-right:0px;--awb-border-radius-bottom-right:0px;--awb-border-radius-bottom-left:0px;--awb-padding-top:0px;--awb-padding-right:30px;--awb-padding-bottom:0px;--awb-padding-left:30px;--awb-flex-wrap:wrap;\" ><div class=\"fusion-builder-row fusion-row\"><div class=\"fusion-layout-column fusion_builder_column fusion-builder-column-1 fusion_builder_column_1_2 1_2 fusion-one-half fusion-column-first\" style=\"--awb-bg-size:cover;--awb-box-shadow: 0px 0px ;;--awb-border-color:#f90000;--awb-border-top:0;--awb-border-right:0;--awb-border-bottom:0;--awb-border-left:0;--awb-border-style:solid;width:50%;width:calc(50% - ( ( 4% ) * 0.5 ) );margin-right: 4%;\"><div class=\"fusion-column-wrapper fusion-column-has-shadow fusion-flex-column-wrapper-legacy\"><div class=\"fusion-text fusion-text-2\"><h3 style=\"text-align: center;\"><span style=\"color: #ff0000;\">Documentos de inter\u00e9s<\/span><\/h3>\n<\/div><ul style=\"--awb-line-height:23.8px;--awb-icon-width:23.8px;--awb-icon-height:23.8px;--awb-icon-margin:9.8px;--awb-content-margin:33.6px;--awb-circlecolor:#d32f13;--awb-circle-yes-font-size:12.32px;\" class=\"fusion-checklist fusion-checklist-1 fusion-checklist-default type-icons\"><li class=\"fusion-li-item\" style=\"\"><span class=\"icon-wrapper circle-yes\"><i class=\"fusion-li-icon fa-align-justify fas\" aria-hidden=\"true\"><\/i><\/span><div class=\"fusion-li-item-content\">\n<p><a href=\"https:\/\/www.bombersdv.es\/wp-content\/uploads\/2024\/06\/Envio-TRANSPARENCIA-Y-PROTECCION-DE-DATOS-Copia-autentica-6.pdf\" target=\"_blank\" rel=\"noopener\">Normas de funcionamiento<\/a><\/p>\n<\/div><\/li><\/ul><ul style=\"--awb-iconcolor:#ff0000;--awb-line-height:23.8px;--awb-icon-width:23.8px;--awb-icon-height:23.8px;--awb-icon-margin:9.8px;--awb-content-margin:33.6px;--awb-circlecolor:#d32f13;--awb-circle-yes-font-size:12.32px;\" class=\"fusion-checklist fusion-checklist-2 fusion-checklist-default type-icons\"><\/ul><div class=\"fusion-clearfix\"><\/div><\/div><\/div><div class=\"fusion-layout-column fusion_builder_column fusion-builder-column-2 fusion_builder_column_1_2 1_2 fusion-one-half fusion-column-last\" style=\"--awb-bg-size:cover;width:50%;width:calc(50% - ( ( 4% ) * 0.5 ) );\"><div class=\"fusion-column-wrapper fusion-flex-column-wrapper-legacy\"><div class=\"fusion-text fusion-text-3\"><h3 style=\"text-align: center;\"><span style=\"color: #ff0000;\">Noticias relacionadas<\/span><\/h3>\n<\/div><div class=\"fusion-clearfix\"><\/div><\/div><\/div><div class=\"fusion-layout-column fusion_builder_column fusion-builder-column-3 fusion_builder_column_1_1 1_1 fusion-one-full fusion-column-first fusion-column-last\" style=\"--awb-bg-size:cover;\"><div class=\"fusion-column-wrapper fusion-flex-column-wrapper-legacy\"><div class=\"fusion-image-carousel fusion-image-carousel-fixed fusion-image-carousel-1 lightbox-enabled fusion-carousel-border\"><div class=\"awb-carousel awb-swiper awb-swiper-carousel\" data-autoplay=\"no\" data-columns=\"5\" data-itemmargin=\"13\" data-itemwidth=\"180\" data-touchscroll=\"no\" data-imagesize=\"fixed\"><div class=\"swiper-wrapper awb-image-carousel-wrapper fusion-flex-align-items-center\"><div class=\"swiper-slide\"><div class=\"fusion-carousel-item-wrapper\"><div class=\"fusion-image-wrapper hover-type-none\"><a data-rel=\"iLightbox[image_carousel_1]\" data-title=\"URITEC 6 IMG20221123131842\" aria-label=\"URITEC 6 IMG20221123131842\" href=\"https:\/\/www.bombersdv.es\/wp-content\/uploads\/2024\/07\/6-IMG20221123131842-scaled.jpg\" target=\"_self\"><img decoding=\"async\" width=\"320\" height=\"202\" src=\"https:\/\/www.bombersdv.es\/wp-content\/uploads\/2024\/07\/6-IMG20221123131842-320x202.jpg\" class=\"attachment-blog-medium size-blog-medium\" alt=\"\" \/><\/a><\/div><\/div><\/div><div class=\"swiper-slide\"><div class=\"fusion-carousel-item-wrapper\"><div class=\"fusion-image-wrapper hover-type-none\"><a data-rel=\"iLightbox[image_carousel_1]\" data-caption=\"dig\" data-title=\"URITEC dig\" aria-label=\"URITEC dig\" href=\"https:\/\/www.bombersdv.es\/wp-content\/uploads\/2024\/07\/5-IMG_20211201_125742-scaled.jpg\" target=\"_self\"><img decoding=\"async\" width=\"320\" height=\"202\" src=\"https:\/\/www.bombersdv.es\/wp-content\/uploads\/2024\/07\/5-IMG_20211201_125742-320x202.jpg\" class=\"attachment-blog-medium size-blog-medium\" alt=\"\" \/><\/a><\/div><\/div><\/div><div class=\"swiper-slide\"><div class=\"fusion-carousel-item-wrapper\"><div class=\"fusion-image-wrapper hover-type-none\"><a data-rel=\"iLightbox[image_carousel_1]\" data-caption=\"cof\" data-title=\"URITEC cof\" aria-label=\"URITEC cof\" href=\"https:\/\/www.bombersdv.es\/wp-content\/uploads\/2024\/07\/4-IMG_20211201_130333-scaled.jpg\" target=\"_self\"><img decoding=\"async\" width=\"320\" height=\"202\" src=\"https:\/\/www.bombersdv.es\/wp-content\/uploads\/2024\/07\/4-IMG_20211201_130333-320x202.jpg\" class=\"attachment-blog-medium size-blog-medium\" alt=\"\" \/><\/a><\/div><\/div><\/div><div class=\"swiper-slide\"><div class=\"fusion-carousel-item-wrapper\"><div class=\"fusion-image-wrapper hover-type-none\"><a data-rel=\"iLightbox[image_carousel_1]\" data-title=\"URITEC 3 x IMG_8400\" aria-label=\"URITEC 3 x IMG_8400\" href=\"https:\/\/www.bombersdv.es\/wp-content\/uploads\/2024\/07\/3-x-IMG_8400-scaled.jpg\" target=\"_self\"><img decoding=\"async\" width=\"320\" height=\"202\" src=\"https:\/\/www.bombersdv.es\/wp-content\/uploads\/2024\/07\/3-x-IMG_8400-320x202.jpg\" class=\"attachment-blog-medium size-blog-medium\" alt=\"\" \/><\/a><\/div><\/div><\/div><div class=\"swiper-slide\"><div class=\"fusion-carousel-item-wrapper\"><div class=\"fusion-image-wrapper hover-type-none\"><a data-rel=\"iLightbox[image_carousel_1]\" data-title=\"URITEC 3 IMG_20201125_152025\" aria-label=\"URITEC 3 IMG_20201125_152025\" href=\"https:\/\/www.bombersdv.es\/wp-content\/uploads\/2024\/07\/3-IMG_20201125_152025-scaled.jpg\" target=\"_self\"><img decoding=\"async\" width=\"320\" height=\"202\" src=\"https:\/\/www.bombersdv.es\/wp-content\/uploads\/2024\/07\/3-IMG_20201125_152025-320x202.jpg\" class=\"attachment-blog-medium size-blog-medium\" alt=\"\" \/><\/a><\/div><\/div><\/div><div class=\"swiper-slide\"><div class=\"fusion-carousel-item-wrapper\"><div class=\"fusion-image-wrapper hover-type-none\"><a data-rel=\"iLightbox[image_carousel_1]\" data-title=\"URITEC 2 IMG_20201125_151627_1\" aria-label=\"URITEC 2 IMG_20201125_151627_1\" href=\"https:\/\/www.bombersdv.es\/wp-content\/uploads\/2024\/07\/2-IMG_20201125_151627_1-scaled.jpg\" target=\"_self\"><img decoding=\"async\" width=\"320\" height=\"202\" src=\"https:\/\/www.bombersdv.es\/wp-content\/uploads\/2024\/07\/2-IMG_20201125_151627_1-320x202.jpg\" class=\"attachment-blog-medium size-blog-medium\" alt=\"\" \/><\/a><\/div><\/div><\/div><div class=\"swiper-slide\"><div class=\"fusion-carousel-item-wrapper\"><div class=\"fusion-image-wrapper hover-type-none\"><a data-rel=\"iLightbox[image_carousel_1]\" data-title=\"URITEC 1 x IMG_8437\" aria-label=\"URITEC 1 x IMG_8437\" href=\"https:\/\/www.bombersdv.es\/wp-content\/uploads\/2024\/07\/1-x-IMG_8437-scaled.jpg\" target=\"_self\"><img decoding=\"async\" width=\"320\" height=\"202\" src=\"https:\/\/www.bombersdv.es\/wp-content\/uploads\/2024\/07\/1-x-IMG_8437-320x202.jpg\" class=\"attachment-blog-medium size-blog-medium\" alt=\"\" \/><\/a><\/div><\/div><\/div><div class=\"swiper-slide\"><div class=\"fusion-carousel-item-wrapper\"><div class=\"fusion-image-wrapper hover-type-none\"><a data-rel=\"iLightbox[image_carousel_1]\" data-title=\"URITEC 1 IMG_20201125_151432\" aria-label=\"URITEC 1 IMG_20201125_151432\" href=\"https:\/\/www.bombersdv.es\/wp-content\/uploads\/2024\/07\/1-IMG_20201125_151432-scaled.jpg\" target=\"_self\"><img decoding=\"async\" width=\"320\" height=\"202\" src=\"https:\/\/www.bombersdv.es\/wp-content\/uploads\/2024\/07\/1-IMG_20201125_151432-320x202.jpg\" class=\"attachment-blog-medium size-blog-medium\" alt=\"\" \/><\/a><\/div><\/div><\/div><\/div><div class=\"awb-swiper-button awb-swiper-button-prev\"><i class=\"awb-icon-angle-left\" aria-hidden=\"true\"><\/i><\/div><div class=\"awb-swiper-button awb-swiper-button-next\"><i class=\"awb-icon-angle-right\" aria-hidden=\"true\"><\/i><\/div><\/div><\/div><div class=\"fusion-clearfix\"><\/div><\/div><\/div><\/div><\/div><\/p>\n","protected":false},"excerpt":{"rendered":"","protected":false},"author":183,"featured_media":0,"parent":12188,"menu_order":0,"comment_status":"closed","ping_status":"closed","template":"","meta":{"footnotes":""},"class_list":["post-69887","page","type-page","status-publish","hentry"],"_links":{"self":[{"href":"https:\/\/www.bombersdv.es\/es\/wp-json\/wp\/v2\/pages\/69887"}],"collection":[{"href":"https:\/\/www.bombersdv.es\/es\/wp-json\/wp\/v2\/pages"}],"about":[{"href":"https:\/\/www.bombersdv.es\/es\/wp-json\/wp\/v2\/types\/page"}],"author":[{"embeddable":true,"href":"https:\/\/www.bombersdv.es\/es\/wp-json\/wp\/v2\/users\/183"}],"replies":[{"embeddable":true,"href":"https:\/\/www.bombersdv.es\/es\/wp-json\/wp\/v2\/comments?post=69887"}],"version-history":[{"count":10,"href":"https:\/\/www.bombersdv.es\/es\/wp-json\/wp\/v2\/pages\/69887\/revisions"}],"predecessor-version":[{"id":69986,"href":"https:\/\/www.bombersdv.es\/es\/wp-json\/wp\/v2\/pages\/69887\/revisions\/69986"}],"up":[{"embeddable":true,"href":"https:\/\/www.bombersdv.es\/es\/wp-json\/wp\/v2\/pages\/12188"}],"wp:attachment":[{"href":"https:\/\/www.bombersdv.es\/es\/wp-json\/wp\/v2\/media?parent=69887"}],"curies":[{"name":"wp","href":"https:\/\/api.w.org\/{rel}","templated":true}]}}