{"id":69972,"date":"2024-07-10T09:11:17","date_gmt":"2024-07-10T07:11:17","guid":{"rendered":"https:\/\/www.bombersdv.es\/?page_id=69972"},"modified":"2024-07-10T09:22:04","modified_gmt":"2024-07-10T07:22:04","slug":"actividad-de-tratamiento-de-datos-gestion-informatica-y-de-la-seguridad-de-la-informacion","status":"publish","type":"page","link":"https:\/\/www.bombersdv.es\/es\/portal-de-transparencia\/actividad-de-tratamiento-de-datos-gestion-informatica-y-de-la-seguridad-de-la-informacion\/","title":{"rendered":"ACTIVIDAD DE TRATAMIENTO DE DATOS: Gesti\u00f3n inform\u00e1tica y de la seguridad de la informaci\u00f3n."},"content":{"rendered":"<div class=\"fusion-fullwidth fullwidth-box fusion-builder-row-1 fusion-flex-container nonhundred-percent-fullwidth non-hundred-percent-height-scrolling\" style=\"--awb-border-radius-top-left:0px;--awb-border-radius-top-right:0px;--awb-border-radius-bottom-right:0px;--awb-border-radius-bottom-left:0px;--awb-flex-wrap:wrap;\" ><div class=\"fusion-builder-row fusion-row fusion-flex-align-items-flex-start fusion-flex-content-wrap\" style=\"max-width:1248px;margin-left: calc(-4% \/ 2 );margin-right: calc(-4% \/ 2 );\"><div class=\"fusion-layout-column fusion_builder_column fusion-builder-column-0 fusion_builder_column_1_1 1_1 fusion-flex-column\" style=\"--awb-bg-size:cover;--awb-width-large:100%;--awb-margin-top-large:0px;--awb-spacing-right-large:1.92%;--awb-margin-bottom-large:20px;--awb-spacing-left-large:1.92%;--awb-width-medium:100%;--awb-order-medium:0;--awb-spacing-right-medium:1.92%;--awb-spacing-left-medium:1.92%;--awb-width-small:100%;--awb-order-small:0;--awb-spacing-right-small:1.92%;--awb-spacing-left-small:1.92%;\"><div class=\"fusion-column-wrapper fusion-column-has-shadow fusion-flex-justify-content-flex-start fusion-content-layout-column\"><div class=\"fusion-text fusion-text-1\"><h3><span style=\"color: #ffcc00;\"><strong>ACTIVIDAD DE TRATAMIENTO: Gesti\u00f3n inform\u00e1tica y de la seguridad de la informaci\u00f3n<\/strong><\/span><\/h3>\n<p><span style=\"color: #808080;\"><em>Ultima actualizaci\u00f3n 07\/2024<\/em><\/span><\/p>\n<\/div><div class=\"fusion-separator fusion-full-width-sep\" style=\"align-self: center;margin-left: auto;margin-right: auto;width:100%;\"><div class=\"fusion-separator-border sep-single sep-solid\" style=\"--awb-height:20px;--awb-amount:20px;--awb-sep-color:#ffbf00;border-color:#ffbf00;border-top-width:2px;\"><\/div><\/div><div class=\"accordian fusion-accordian\" style=\"--awb-border-size:1px;--awb-icon-size:13px;--awb-content-font-size:15px;--awb-icon-alignment:left;--awb-hover-color:#f9f9f9;--awb-border-color:#cccccc;--awb-background-color:#ffffff;--awb-divider-color:#e0dede;--awb-divider-hover-color:#e0dede;--awb-icon-color:#ffffff;--awb-title-color:#333333;--awb-content-color:#747474;--awb-icon-box-color:#ffc107;--awb-toggle-hover-accent-color:#ffc107;--awb-title-font-family:&quot;Raleway&quot;;--awb-title-font-weight:500;--awb-title-font-style:normal;--awb-title-font-size:20px;--awb-title-letter-spacing:0px;--awb-title-line-height:1.1;--awb-content-font-family:&quot;Raleway&quot;;--awb-content-font-style:normal;--awb-content-font-weight:500;\"><div class=\"panel-group fusion-toggle-icon-boxed\" id=\"accordion-69972-1\"><div class=\"fusion-panel panel-default panel-dc22d8337dd74b74f fusion-toggle-has-divider\" style=\"--awb-title-color:#333333;\"><div class=\"panel-heading\"><h4 class=\"panel-title toggle\" id=\"toggle_dc22d8337dd74b74f\"><a aria-expanded=\"false\" aria-controls=\"dc22d8337dd74b74f\" role=\"button\" data-toggle=\"collapse\" data-parent=\"#accordion-69972-1\" data-target=\"#dc22d8337dd74b74f\" href=\"#dc22d8337dd74b74f\"><span class=\"fusion-toggle-icon-wrapper\" aria-hidden=\"true\"><i class=\"fa-fusion-box active-icon awb-icon-minus\" aria-hidden=\"true\"><\/i><i class=\"fa-fusion-box inactive-icon awb-icon-plus\" aria-hidden=\"true\"><\/i><\/span><span class=\"fusion-toggle-heading\">Identificaci\u00f3n del tratamiento<\/span><\/a><\/h4><\/div><div id=\"dc22d8337dd74b74f\" class=\"panel-collapse collapse \" aria-labelledby=\"toggle_dc22d8337dd74b74f\"><div class=\"panel-body toggle-content fusion-clearfix\">\n<table style=\"width: 100%; border-collapse: collapse; border-style: inset; border-color: #000000;\" border=\"1\">\n<tbody>\n<tr>\n<td style=\"width: 99.9129%; background-color: #ffc107;\" colspan=\"2\"><span style=\"color: #ffffff;\"><strong>Nombre y finalidad<\/strong><\/span><\/td>\n<\/tr>\n<tr>\n<td style=\"width: 18.4669%; text-align: right;\"><span style=\"color: #ffcc00;\"><strong>Nombre<\/strong><\/span><\/td>\n<td style=\"width: 81.446%;\">Gesti\u00f3n inform\u00e1tica y de la seguridad de la informaci\u00f3n<\/td>\n<\/tr>\n<tr>\n<td style=\"width: 18.4669%; text-align: right;\"><span style=\"color: #ffcc00;\"><strong>Descripci\u00f3n finalidad<\/strong><\/span><\/td>\n<td style=\"width: 81.446%;\">La finalidad del tratamiento es la de gestionar y administrar los recursos inform\u00e1ticos, los contenidos digitales, el correo electr\u00f3nico, los servicios de almacenamiento en la nube, la gesti\u00f3n de usuarios y el control de accesos, las herramientas de trabajo colaborativo y el registro de actividad de los sistemas y de las comunicaciones electr\u00f3nicas del Consorcio, as\u00ed como atender las incidencias de los usuarios.\u00a0 Incluye la gesti\u00f3n de datos personales para comunicaciones y\/o violaciones de seguridad, auditor\u00edas, as\u00ed como otras actuaciones derivadas de la gesti\u00f3n de la seguridad en el Consorcio.<\/td>\n<\/tr>\n<\/tbody>\n<\/table>\n<\/div><\/div><\/div><div class=\"fusion-panel panel-default panel-cd8ffe295047ac434 fusion-toggle-has-divider\" style=\"--awb-title-color:#333333;\"><div class=\"panel-heading\"><h4 class=\"panel-title toggle\" id=\"toggle_cd8ffe295047ac434\"><a aria-expanded=\"false\" aria-controls=\"cd8ffe295047ac434\" role=\"button\" data-toggle=\"collapse\" data-parent=\"#accordion-69972-1\" data-target=\"#cd8ffe295047ac434\" href=\"#cd8ffe295047ac434\"><span class=\"fusion-toggle-icon-wrapper\" aria-hidden=\"true\"><i class=\"fa-fusion-box active-icon awb-icon-minus\" aria-hidden=\"true\"><\/i><i class=\"fa-fusion-box inactive-icon awb-icon-plus\" aria-hidden=\"true\"><\/i><\/span><span class=\"fusion-toggle-heading\">Identificaci\u00f3n del responsable del tratamiento<\/span><\/a><\/h4><\/div><div id=\"cd8ffe295047ac434\" class=\"panel-collapse collapse \" aria-labelledby=\"toggle_cd8ffe295047ac434\"><div class=\"panel-body toggle-content fusion-clearfix\">\n<table style=\"border-collapse: collapse; width: 100%;\" border=\"1\">\n<tbody>\n<tr style=\"background-color: #ffc107;\">\n<td style=\"width: 100%;\" colspan=\"2\"><span style=\"color: #ffffff;\"><strong>Responsable del tratamiento<\/strong><\/span><\/td>\n<\/tr>\n<tr>\n<td style=\"width: 30.6023%;\"><span style=\"color: #ffcc00;\"><strong>Identidad<\/strong><\/span><\/td>\n<td style=\"width: 69.3977%;\">Consorcio para el Servicio de Prevenci\u00f3n y Extinci\u00f3n de Incendios y de Salvamento de la provincia de Valencia<\/td>\n<\/tr>\n<tr>\n<td style=\"width: 30.6023%;\"><span style=\"color: #ffcc00;\"><strong>Forma de contactar con el responsable<\/strong><\/span><\/td>\n<td style=\"width: 69.3977%;\">\n<p>Por correo electr\u00f3nico en la direcci\u00f3n infobombers@bombersdv.es<\/p>\n<p>Por correo postal, en la direcci\u00f3n Avellanas 14, 46003 Val\u00e8ncia.<\/td>\n<\/tr>\n<tr>\n<td style=\"width: 30.6023%;\"><span style=\"color: #ffcc00;\"><strong>Forma de ejercitar derechos<\/strong><\/span><\/td>\n<td style=\"width: 69.3977%;\">Para solicitar el\u00a0<b>acceso, la rectificaci\u00f3n, supresi\u00f3n o limitaci\u00f3n del tratamiento de los datos personales o para oponerse al tratamiento,<\/b>\u00a0en el caso de se den los requisitos establecidos en el Reglamento General de Protecci\u00f3n de Datos, as\u00ed como en la Ley Org\u00e1nica 3\/2018, de 5 de diciembre, de Protecci\u00f3n de Datos Personal y garant\u00eda de los derechos digitales,\u00a0se\u00a0puede dirigir un escrito al Consorcio en la direcci\u00f3n indicada m\u00e1s arriba\u00a0o en el\u00a0registro electr\u00f3nico https:\/\/sede.bombersdv.es\/<\/td>\n<\/tr>\n<tr>\n<td style=\"width: 30.6023%;\"><span style=\"color: #ffcc00;\"><strong>Unidad responsable de la tramitaci\u00f3n<\/strong><\/span><\/td>\n<td style=\"width: 69.3977%;\">SERTIC<\/td>\n<\/tr>\n<\/tbody>\n<\/table>\n<\/div><\/div><\/div><div class=\"fusion-panel panel-default panel-12b9901fcde648d38 fusion-toggle-has-divider\" style=\"--awb-title-color:#333333;\"><div class=\"panel-heading\"><h4 class=\"panel-title toggle\" id=\"toggle_12b9901fcde648d38\"><a aria-expanded=\"false\" aria-controls=\"12b9901fcde648d38\" role=\"button\" data-toggle=\"collapse\" data-parent=\"#accordion-69972-1\" data-target=\"#12b9901fcde648d38\" href=\"#12b9901fcde648d38\"><span class=\"fusion-toggle-icon-wrapper\" aria-hidden=\"true\"><i class=\"fa-fusion-box active-icon awb-icon-minus\" aria-hidden=\"true\"><\/i><i class=\"fa-fusion-box inactive-icon awb-icon-plus\" aria-hidden=\"true\"><\/i><\/span><span class=\"fusion-toggle-heading\">Delegado de protecci\u00f3n de datos<\/span><\/a><\/h4><\/div><div id=\"12b9901fcde648d38\" class=\"panel-collapse collapse \" aria-labelledby=\"toggle_12b9901fcde648d38\"><div class=\"panel-body toggle-content fusion-clearfix\">\n<table style=\"border-collapse: collapse; width: 100%;\" border=\"1\">\n<tbody>\n<tr>\n<td style=\"width: 40.9408%;\"><span style=\"color: #ffcc00;\"><b>Datos de Contacto del Delegado de protecci\u00f3n de datos<\/b><\/span><\/td>\n<td style=\"width: 59.0592%;\">Para cualquier consulta o queja relacionada con el tratamiento de estos datos, el Consorcio pone a disposici\u00f3n de los interesados el buz\u00f3n del delegado de protecci\u00f3n de datos dpd@bombersdv.es<\/td>\n<\/tr>\n<\/tbody>\n<\/table>\n<\/div><\/div><\/div><div class=\"fusion-panel panel-default panel-c44b9776bc10ecac7 fusion-toggle-has-divider\" style=\"--awb-title-color:#333333;\"><div class=\"panel-heading\"><h4 class=\"panel-title toggle\" id=\"toggle_c44b9776bc10ecac7\"><a aria-expanded=\"false\" aria-controls=\"c44b9776bc10ecac7\" role=\"button\" data-toggle=\"collapse\" data-parent=\"#accordion-69972-1\" data-target=\"#c44b9776bc10ecac7\" href=\"#c44b9776bc10ecac7\"><span class=\"fusion-toggle-icon-wrapper\" aria-hidden=\"true\"><i class=\"fa-fusion-box active-icon awb-icon-minus\" aria-hidden=\"true\"><\/i><i class=\"fa-fusion-box inactive-icon awb-icon-plus\" aria-hidden=\"true\"><\/i><\/span><span class=\"fusion-toggle-heading\">Licitud del tratamiento<\/span><\/a><\/h4><\/div><div id=\"c44b9776bc10ecac7\" class=\"panel-collapse collapse \" aria-labelledby=\"toggle_c44b9776bc10ecac7\"><div class=\"panel-body toggle-content fusion-clearfix\">\n<table style=\"border-collapse: collapse; width: 100%;\" border=\"1\">\n<tbody>\n<tr>\n<td style=\"width: 100%; background-color: #ffc107;\"><span style=\"color: #ffffff;\">Base jur\u00eddica<\/span><\/td>\n<\/tr>\n<tr>\n<td style=\"width: 100%;\">La licitud del tratamiento se basa en el art. 6.1 c) del RGPD, cumplimiento de una obligaci\u00f3n legal, de acuerdo con:<\/p>\n<ul>\n<li>Ley 39\/2015, de 1 de octubre, de Procedimiento Administrativo Com\u00fan de las Administraciones P\u00fablicas.<\/li>\n<li>Ley 40\/2015, de 1 de octubre, de R\u00e9gimen Jur\u00eddico del sector p\u00fablico.<\/li>\n<li>Ley 3\/2018, de 5 de diciembre, de Protecci\u00f3n de Datos Personales y garant\u00eda de los derechos digitales.<\/li>\n<li>Reglamento (UE) 2016\/679 relativo a la protecci\u00f3n de las personas f\u00edsicas en lo que respecta al tratamiento de datos personales y a la libre circulaci\u00f3n de estos datos.<\/li>\n<li>Ley Org\u00e1nica 1\/1982, de 5 de mayo, de Protecci\u00f3n Civil del Derecho al Honor, a la Intimidad Personal y Familiar y a la Propia Imagen.<\/li>\n<\/ul>\n<\/td>\n<\/tr>\n<\/tbody>\n<\/table>\n<\/div><\/div><\/div><div class=\"fusion-panel panel-default panel-d4fc82ea7e6c69429 fusion-toggle-has-divider\" style=\"--awb-title-color:#333333;\"><div class=\"panel-heading\"><h4 class=\"panel-title toggle\" id=\"toggle_d4fc82ea7e6c69429\"><a aria-expanded=\"false\" aria-controls=\"d4fc82ea7e6c69429\" role=\"button\" data-toggle=\"collapse\" data-parent=\"#accordion-69972-1\" data-target=\"#d4fc82ea7e6c69429\" href=\"#d4fc82ea7e6c69429\"><span class=\"fusion-toggle-icon-wrapper\" aria-hidden=\"true\"><i class=\"fa-fusion-box active-icon awb-icon-minus\" aria-hidden=\"true\"><\/i><i class=\"fa-fusion-box inactive-icon awb-icon-plus\" aria-hidden=\"true\"><\/i><\/span><span class=\"fusion-toggle-heading\">Plazos de conservaci\u00f3n<\/span><\/a><\/h4><\/div><div id=\"d4fc82ea7e6c69429\" class=\"panel-collapse collapse \" aria-labelledby=\"toggle_d4fc82ea7e6c69429\"><div class=\"panel-body toggle-content fusion-clearfix\">\n<table style=\"border-collapse: collapse; width: 100%;\" border=\"1\">\n<tbody>\n<tr style=\"background-color: #ffc107;\">\n<td style=\"width: 100%;\"><span style=\"color: #ffffff;\"><strong>Plazos de conservaci\u00f3n<\/strong><\/span><\/td>\n<\/tr>\n<tr>\n<td style=\"width: 100%;\">Se conservar\u00e1n durante el tiempo necesario para cumplir con la finalidad para la que se recabaron y para determinar las posibles responsabilidades que se pudieran derivar de dicha finalidad y del tratamiento de los datos, adem\u00e1s de los periodos establecidos en la normativa de archivos y documentaci\u00f3n.<\/td>\n<\/tr>\n<\/tbody>\n<\/table>\n<\/div><\/div><\/div><div class=\"fusion-panel panel-default panel-31a7871429b81f235 fusion-toggle-has-divider\" style=\"--awb-title-color:#333333;\"><div class=\"panel-heading\"><h4 class=\"panel-title toggle\" id=\"toggle_31a7871429b81f235\"><a aria-expanded=\"false\" aria-controls=\"31a7871429b81f235\" role=\"button\" data-toggle=\"collapse\" data-parent=\"#accordion-69972-1\" data-target=\"#31a7871429b81f235\" href=\"#31a7871429b81f235\"><span class=\"fusion-toggle-icon-wrapper\" aria-hidden=\"true\"><i class=\"fa-fusion-box active-icon awb-icon-minus\" aria-hidden=\"true\"><\/i><i class=\"fa-fusion-box inactive-icon awb-icon-plus\" aria-hidden=\"true\"><\/i><\/span><span class=\"fusion-toggle-heading\">Descripci\u00f3n del tratamiento<\/span><\/a><\/h4><\/div><div id=\"31a7871429b81f235\" class=\"panel-collapse collapse \" aria-labelledby=\"toggle_31a7871429b81f235\"><div class=\"panel-body toggle-content fusion-clearfix\">\n<table style=\"border-collapse: collapse; width: 100%;\" border=\"1\">\n<tbody>\n<tr style=\"height: 24px; background-color: #ffc107;\">\n<td style=\"width: 100%; height: 24px;\"><span style=\"color: #ffffff;\"><strong>Origen y procedencia de los datos<\/strong><\/span><\/td>\n<\/tr>\n<tr style=\"height: 24px;\">\n<td style=\"width: 100%; height: 24px;\">Los interesados o sus representantes legales<\/td>\n<\/tr>\n<tr style=\"height: 24px; background-color: #ffc107;\">\n<td style=\"width: 100%; height: 24px;\"><span style=\"color: #ffffff;\"><strong>Colectivos afectados<\/strong><\/span><\/td>\n<\/tr>\n<tr style=\"height: 23px;\">\n<td style=\"width: 100%; height: 23px;\">Ciudadanos, solicitantes, empleados, participantes en procesos selectivos y\/o de formaci\u00f3n, estudiantes en pr\u00e1cticas y resto de personas pertenecientes a colectivos , instituciones o empresas con contrato, convenio, protocolos de colaboraci\u00f3n u otros similares con el Consorcio.<\/td>\n<\/tr>\n<\/tbody>\n<\/table>\n<\/div><\/div><\/div><div class=\"fusion-panel panel-default panel-9c8ad7b106d010895 fusion-toggle-has-divider\" style=\"--awb-title-color:#333333;\"><div class=\"panel-heading\"><h4 class=\"panel-title toggle\" id=\"toggle_9c8ad7b106d010895\"><a aria-expanded=\"false\" aria-controls=\"9c8ad7b106d010895\" role=\"button\" data-toggle=\"collapse\" data-parent=\"#accordion-69972-1\" data-target=\"#9c8ad7b106d010895\" href=\"#9c8ad7b106d010895\"><span class=\"fusion-toggle-icon-wrapper\" aria-hidden=\"true\"><i class=\"fa-fusion-box active-icon awb-icon-minus\" aria-hidden=\"true\"><\/i><i class=\"fa-fusion-box inactive-icon awb-icon-plus\" aria-hidden=\"true\"><\/i><\/span><span class=\"fusion-toggle-heading\">Categor\u00edas de los datos tratados<\/span><\/a><\/h4><\/div><div id=\"9c8ad7b106d010895\" class=\"panel-collapse collapse \" aria-labelledby=\"toggle_9c8ad7b106d010895\"><div class=\"panel-body toggle-content fusion-clearfix\">\n<table style=\"border-collapse: collapse; width: 100%;\" border=\"1\">\n<tbody>\n<tr style=\"height: 24px; background-color: #ffc107;\">\n<td style=\"width: 20.7317%; height: 24px;\" colspan=\"2\"><span style=\"color: #ffffff;\"><strong>Tipolog\u00edas de los datos<\/strong><\/span><\/td>\n<\/tr>\n<tr style=\"height: 24px;\">\n<td style=\"width: 20.7317%; height: 24px;\"><span style=\"color: #ffcc00;\"><strong>Infracciones<\/strong><\/span><\/td>\n<td style=\"width: 79.2683%; height: 24px;\">No est\u00e1n previstas<\/td>\n<\/tr>\n<tr style=\"height: 24px;\">\n<td style=\"width: 20.7317%; height: 24px;\"><span style=\"color: #ffcc00;\"><strong>Categor\u00edas especiales de datos<\/strong><\/span><\/td>\n<td style=\"width: 79.2683%; height: 24px;\">No est\u00e1n previstas<\/td>\n<\/tr>\n<tr style=\"height: 24px;\">\n<td style=\"width: 20.7317%; height: 24px;\"><span style=\"color: #ffcc00;\"><strong>Datos identificativos<\/strong><\/span><\/td>\n<td style=\"width: 79.2683%; height: 24px;\">Nombre y apellidos; NIF (NIE, Pasaporte o n\u00famero de tarjeta de residencia) ; direcci\u00f3n; tel\u00e9fono, correo electr\u00f3nico y\/o domicilio; firma; c\u00f3digo personal, IP equipo, imagen y voz.<\/td>\n<\/tr>\n<tr style=\"height: 24px;\">\n<td style=\"width: 20.7317%; height: 24px;\"><span style=\"color: #ffcc00;\"><strong>Otros<\/strong><\/span><\/td>\n<td style=\"width: 79.2683%; height: 24px;\">Detalles de empleo; Registro de los accesos realizados a los sistemas de informaci\u00f3n, logs.<\/td>\n<\/tr>\n<\/tbody>\n<\/table>\n<\/div><\/div><\/div><div class=\"fusion-panel panel-default panel-6228f706c732ebb09 fusion-toggle-has-divider\" style=\"--awb-title-color:#333333;\"><div class=\"panel-heading\"><h4 class=\"panel-title toggle\" id=\"toggle_6228f706c732ebb09\"><a aria-expanded=\"false\" aria-controls=\"6228f706c732ebb09\" role=\"button\" data-toggle=\"collapse\" data-parent=\"#accordion-69972-1\" data-target=\"#6228f706c732ebb09\" href=\"#6228f706c732ebb09\"><span class=\"fusion-toggle-icon-wrapper\" aria-hidden=\"true\"><i class=\"fa-fusion-box active-icon awb-icon-minus\" aria-hidden=\"true\"><\/i><i class=\"fa-fusion-box inactive-icon awb-icon-plus\" aria-hidden=\"true\"><\/i><\/span><span class=\"fusion-toggle-heading\">Medidas de seguridad<\/span><\/a><\/h4><\/div><div id=\"6228f706c732ebb09\" class=\"panel-collapse collapse \" aria-labelledby=\"toggle_6228f706c732ebb09\"><div class=\"panel-body toggle-content fusion-clearfix\">\n<table style=\"border-collapse: collapse; width: 100%;\" border=\"1\">\n<tbody>\n<tr style=\"height: 24px; background-color: #ffc107;\">\n<td style=\"width: 100%; height: 24px;\"><span style=\"color: #ffffff;\"><strong>Medidas t\u00e9cnicas y organizativas aplicadas<\/strong><\/span><\/td>\n<\/tr>\n<tr style=\"height: 168px;\">\n<td style=\"width: 100%; height: 168px;\">\n<p>Las medidas de seguridad garantizar\u00e1n la confidencialidad, integridad, disponibilidad y resiliencia permanentes de los sistemas y servicios de tratamiento que resulten apropiadas para garantizar un nivel de seguridad adecuado al riesgo del tratamiento, en los t\u00e9rminos exigidos por el art\u00edculo 32.1 del RGPD.<\/p>\n<p>Se corresponden con las previstas y en el Anexo II del Real Decreto 311\/2022, de 3 de mayo, por el que se regula el Esquema Nacional de Seguridad y en el marco de los documentos que conforman la Pol\u00edtica de protecci\u00f3n de seguridad de la informaci\u00f3n del Consorcio<\/td>\n<\/tr>\n<\/tbody>\n<\/table>\n<\/div><\/div><\/div><div class=\"fusion-panel panel-default panel-e0d17ac92f96ca514 fusion-toggle-has-divider\" style=\"--awb-title-color:#333333;\"><div class=\"panel-heading\"><h4 class=\"panel-title toggle\" id=\"toggle_e0d17ac92f96ca514\"><a aria-expanded=\"false\" aria-controls=\"e0d17ac92f96ca514\" role=\"button\" data-toggle=\"collapse\" data-parent=\"#accordion-69972-1\" data-target=\"#e0d17ac92f96ca514\" href=\"#e0d17ac92f96ca514\"><span class=\"fusion-toggle-icon-wrapper\" aria-hidden=\"true\"><i class=\"fa-fusion-box active-icon awb-icon-minus\" aria-hidden=\"true\"><\/i><i class=\"fa-fusion-box inactive-icon awb-icon-plus\" aria-hidden=\"true\"><\/i><\/span><span class=\"fusion-toggle-heading\">Comunicaciones de datos<\/span><\/a><\/h4><\/div><div id=\"e0d17ac92f96ca514\" class=\"panel-collapse collapse \" aria-labelledby=\"toggle_e0d17ac92f96ca514\"><div class=\"panel-body toggle-content fusion-clearfix\">\n<table style=\"border-collapse: collapse; width: 100%;\" border=\"1\">\n<tbody>\n<tr style=\"height: 24px; background-color: #ffc107;\">\n<td style=\"width: 100%; height: 24px;\"><span style=\"color: #ffffff;\"><strong>Categor\u00edas de destinatarios de comunicaciones<\/strong><\/span><\/td>\n<\/tr>\n<tr style=\"height: 24px;\">\n<td style=\"width: 100%; height: 24px;\">Por obligaci\u00f3n legal se comunicar\u00e1n a:<\/p>\n<ul>\n<li>Agencia Espa\u00f1ola de Protecci\u00f3n de Datos (AEPD)<\/li>\n<li>Comit\u00e9 Europeo de Protecci\u00f3n de Datos (CEPD)<\/li>\n<li>Centro Criptol\u00f3gico Nacional (CCN)<\/li>\n<li>CERT: Computer Emergency Response Team y CSIRT: Computer Security Incident Response Teams<\/li>\n<li>Fuerzas y Cuerpos de Seguridad<\/li>\n<li>\u00d3rganos Judiciales, Ministerio Fiscal o autoridad administrativa competente en el marco de una investigaci\u00f3n penal, disciplinaria o sancionadora.<\/li>\n<li>Autoridad Independiente de Protecci\u00f3n del Informante, as\u00ed como a la Agencia Valenciana Antifraude, en su caso.<\/li>\n<\/ul>\n<p>Tambi\u00e9n podr\u00e1n realizarse comunicaciones en ejecuci\u00f3n de un contrato y\/o en cumplimiento de una obligaci\u00f3n legal a empresas auditoras de protecci\u00f3n de datos y de seguridad de la informaci\u00f3n.<\/td>\n<\/tr>\n<\/tbody>\n<\/table>\n<\/div><\/div><\/div><div class=\"fusion-panel panel-default panel-27028ab64fdc6fcda fusion-toggle-has-divider\"><div class=\"panel-heading\"><h4 class=\"panel-title toggle\" id=\"toggle_27028ab64fdc6fcda\"><a aria-expanded=\"false\" aria-controls=\"27028ab64fdc6fcda\" role=\"button\" data-toggle=\"collapse\" data-parent=\"#accordion-69972-1\" data-target=\"#27028ab64fdc6fcda\" href=\"#27028ab64fdc6fcda\"><span class=\"fusion-toggle-icon-wrapper\" aria-hidden=\"true\"><i class=\"fa-fusion-box active-icon awb-icon-minus\" aria-hidden=\"true\"><\/i><i class=\"fa-fusion-box inactive-icon awb-icon-plus\" aria-hidden=\"true\"><\/i><\/span><span class=\"fusion-toggle-heading\">Transferencias internaciones de datos<\/span><\/a><\/h4><\/div><div id=\"27028ab64fdc6fcda\" class=\"panel-collapse collapse \" aria-labelledby=\"toggle_27028ab64fdc6fcda\"><div class=\"panel-body toggle-content fusion-clearfix\">\n<p>No est\u00e1n previstas<\/p>\n<\/div><\/div><\/div><\/div><\/div><\/div><\/div><\/div><\/div>\n","protected":false},"excerpt":{"rendered":"","protected":false},"author":183,"featured_media":0,"parent":15159,"menu_order":0,"comment_status":"closed","ping_status":"closed","template":"","meta":{"footnotes":""},"class_list":["post-69972","page","type-page","status-publish","hentry"],"_links":{"self":[{"href":"https:\/\/www.bombersdv.es\/es\/wp-json\/wp\/v2\/pages\/69972"}],"collection":[{"href":"https:\/\/www.bombersdv.es\/es\/wp-json\/wp\/v2\/pages"}],"about":[{"href":"https:\/\/www.bombersdv.es\/es\/wp-json\/wp\/v2\/types\/page"}],"author":[{"embeddable":true,"href":"https:\/\/www.bombersdv.es\/es\/wp-json\/wp\/v2\/users\/183"}],"replies":[{"embeddable":true,"href":"https:\/\/www.bombersdv.es\/es\/wp-json\/wp\/v2\/comments?post=69972"}],"version-history":[{"count":8,"href":"https:\/\/www.bombersdv.es\/es\/wp-json\/wp\/v2\/pages\/69972\/revisions"}],"predecessor-version":[{"id":69984,"href":"https:\/\/www.bombersdv.es\/es\/wp-json\/wp\/v2\/pages\/69972\/revisions\/69984"}],"up":[{"embeddable":true,"href":"https:\/\/www.bombersdv.es\/es\/wp-json\/wp\/v2\/pages\/15159"}],"wp:attachment":[{"href":"https:\/\/www.bombersdv.es\/es\/wp-json\/wp\/v2\/media?parent=69972"}],"curies":[{"name":"wp","href":"https:\/\/api.w.org\/{rel}","templated":true}]}}