{"id":70040,"date":"2024-07-15T08:10:55","date_gmt":"2024-07-15T06:10:55","guid":{"rendered":"https:\/\/www.bombersdv.es\/?page_id=70040"},"modified":"2025-01-15T07:20:20","modified_gmt":"2025-01-15T06:20:20","slug":"2024-ld001-gerente","status":"publish","type":"page","link":"https:\/\/www.bombersdv.es\/es\/oposiciones\/procesos-finalizados\/2024-ld001-gerente\/","title":{"rendered":"2024\/LD001: GERENTE"},"content":{"rendered":"<div class=\"fusion-fullwidth fullwidth-box fusion-builder-row-1 nonhundred-percent-fullwidth non-hundred-percent-height-scrolling\" style=\"--awb-background-position:left top;--awb-border-radius-top-left:0px;--awb-border-radius-top-right:0px;--awb-border-radius-bottom-right:0px;--awb-border-radius-bottom-left:0px;--awb-padding-top:20px;--awb-padding-bottom:20px;--awb-border-sizes-top:0px;--awb-border-sizes-bottom:0px;--awb-flex-wrap:wrap;\" ><div class=\"fusion-builder-row fusion-row\"><div class=\"fusion-layout-column fusion_builder_column fusion-builder-column-0 fusion_builder_column_1_1 1_1 fusion-one-full fusion-column-first fusion-column-last fusion-column-no-min-height\" style=\"--awb-bg-size:cover;--awb-margin-bottom:0px;\"><div class=\"fusion-column-wrapper fusion-flex-column-wrapper-legacy\"><div class=\"fusion-title title fusion-title-1 fusion-sep-none fusion-title-text fusion-title-size-two\"><h2 class=\"fusion-title-heading title-heading-left fusion-responsive-typography-calculated\" style=\"margin:0;--fontSize:34;line-height:1.09;\">2024\/LD001: GERENTE<\/h2><\/div><div class=\"fusion-text fusion-text-1\"><\/div>\n<div class=\"table-2\">\n<table style=\"height: 48px;\" width=\"100%\">\n<thead>\n<tr style=\"height: 24px;\">\n<th style=\"height: 24px; width: 81.8563%;\">Tr\u00e1mite<\/th>\n<th style=\"height: 24px; width: 5.4549%;\">Fecha<\/th>\n<th style=\"height: 24px; width: 25.0202%;\">Documento(s)<\/th>\n<\/tr>\n<\/thead>\n<tbody>\n<tr style=\"height: 24px;\">\n<td style=\"height: 24px; width: 81.8563%;\">Bases<\/td>\n<td style=\"height: 24px; width: 5.4549%;\">15\/07\/2024<\/td>\n<td style=\"height: 24px; width: 25.0202%; text-align: center;\"><a href=\"https:\/\/www.bombersdv.es\/wp-content\/uploads\/2024\/07\/2024_LD001-BASES-GERENTE-CAST.pdf\" target=\"_blank\" rel=\"noopener\">Publicaci\u00f3n BOP<\/a><\/td>\n<\/tr>\n<tr style=\"height: 96px;\">\n<td style=\"width: 81.8563%; text-align: left; height: 96px;\"><span style=\"color: #ff0000;\">El plazo de presentaci\u00f3n de instancias empieza a partir de la publicaci\u00f3n del extracto de las bases en el Bolet\u00edn Oficial del Estado. Cualquier instancia presentada antes o despu\u00e9s de este plazo ser\u00e1 extempor\u00e1nea, as\u00ed como cualquier pago de la tasa por derechos de examen realizado antes o despu\u00e9s del t\u00e9rmino de presentaci\u00f3n de instancias. En consecuencia, tanto la instancia como el pago presentados en las circunstancias indicadas, ser\u00e1n no admitidos. <\/span><\/td>\n<td style=\"width: 5.4549%; height: 96px;\"><\/td>\n<td style=\"width: 25.0202%; text-align: center; height: 96px;\"><\/td>\n<\/tr>\n<tr style=\"height: 120px;\">\n<td style=\"width: 81.8563%; text-align: left; height: 120px;\">\n<p>Se comunica que el enlace incluido en la Base Tercera en relaci\u00f3n a la presentaci\u00f3n de instancias para tomar parte en el proceso selectivo de forma telem\u00e1tica a trav\u00e9s de la Sede Electr\u00f3nica, no es correcto.<\/p>\n<p>A continuaci\u00f3n, se puede acceder al modelo de solicitud.<\/td>\n<td style=\"width: 5.4549%; height: 120px;\">16\/07\/2024<\/td>\n<td style=\"width: 25.0202%; text-align: center; height: 120px;\"><a href=\"https:\/\/www.bombersdv.es\/wp-content\/uploads\/2024\/07\/2024_LD001_MOD-INSTANC-formulario-16_7_24-1.pdf\" target=\"_blank\" rel=\"noopener\">Solicitud<\/a><\/td>\n<\/tr>\n<tr style=\"height: 24px;\">\n<td style=\"width: 81.8563%; text-align: left; height: 24px;\">Publicaci\u00f3n BOE<\/td>\n<td style=\"width: 5.4549%; height: 24px;\">01\/08\/2024<\/td>\n<td style=\"width: 25.0202%; text-align: center; height: 24px;\"><a href=\"https:\/\/www.bombersdv.es\/wp-content\/uploads\/2024\/08\/2024_LD_-BOE-BASES-GERENTE.pdf\" target=\"_blank\" rel=\"noopener\">Publicaci\u00f3n BOE<\/a><\/td>\n<\/tr>\n<tr style=\"height: 48px;\">\n<td style=\"width: 81.8563%; text-align: left; height: 48px;\"><span id=\"ep1\"><span id=\"et1\">Decreto n\u00ba 1191, de 01\/10\/2004,\u00a0 por el que se procede a aprobar la lista provisional de personas admitidas y excluidas y nombrar al \u00d3rgano T\u00e9cnico de Selecci\u00f3n.<\/span><\/span><\/td>\n<td style=\"width: 5.4549%; height: 48px;\">01\/10\/2024<\/td>\n<td style=\"width: 25.0202%; text-align: center; height: 48px;\"><a href=\"https:\/\/www.bombersdv.es\/wp-content\/uploads\/2024\/10\/Envio-GESTION-Copia-autentica-522.pdf\" target=\"_blank\" rel=\"noopener\">Notificaci\u00f3n<\/a><\/td>\n<\/tr>\n<tr style=\"height: 24px;\">\n<td style=\"width: 81.8563%; text-align: left; height: 24px;\">Publicaci\u00f3n lista Definitiva admitidos en el proceso<span id=\"ep1\"><span id=\"et1\"><br \/>\n<\/span><\/span><\/td>\n<td style=\"width: 5.4549%; height: 24px;\">31\/10\/2024<\/td>\n<td style=\"width: 25.0202%; text-align: center; height: 24px;\"><a href=\"https:\/\/www.bombersdv.es\/wp-content\/uploads\/2024\/10\/lista-defintiva-cas.pdf\" target=\"_blank\" rel=\"noopener\">Publicaci\u00f3n BOP<\/a><\/td>\n<\/tr>\n<tr style=\"height: 24px;\">\n<td style=\"width: 81.8563%; text-align: left; height: 24px;\">Anuncio de la Presidencia: Convocatoria \u00d3rgano T\u00e9cnico de Selecci\u00f3n y Entrevistas aspirantes<\/td>\n<td style=\"width: 5.4549%; height: 24px;\">31\/10\/2024<\/td>\n<td style=\"width: 25.0202%; text-align: center; height: 24px;\"><a href=\"https:\/\/www.bombersdv.es\/wp-content\/uploads\/2024\/10\/Constitucion-OTS-y-convocatoria-proceso-LD2024_OP001-Copia-autentica.pdf\" target=\"_blank\" rel=\"noopener\">Anuncio<\/a><\/td>\n<\/tr>\n<tr style=\"height: 24px;\">\n<td style=\"width: 81.8563%; text-align: left; height: 24px;\">Decreto dejando sin efecto convocatoria de fecha 31\/10\/2024<\/td>\n<td style=\"width: 5.4549%; height: 24px;\">05\/11\/2024<\/td>\n<td style=\"width: 25.0202%; text-align: center; height: 24px;\"><a href=\"https:\/\/www.bombersdv.es\/wp-content\/uploads\/2024\/11\/2024_LD001-DEJAR-SIN-EFECTO-CONVOCTORIA-OTS-Y-ENTREVISTA.pdf\" target=\"_blank\" rel=\"noopener\">Decreto<\/a><\/td>\n<\/tr>\n<tr style=\"height: 24px;\">\n<td style=\"width: 81.8563%; text-align: left; height: 24px;\">Decreto Convocatoria \u00d3rgano T\u00e9cnico de Selecci\u00f3n<\/td>\n<td style=\"width: 5.4549%; height: 24px;\">12\/11\/2024<\/td>\n<td style=\"width: 25.0202%; text-align: center; height: 24px;\"><a href=\"https:\/\/www.bombersdv.es\/wp-content\/uploads\/2024\/11\/2024_LD001Decreto-CONVOCATORIA-OTS-PROCESO-GERENTE.pdf\" target=\"_blank\" rel=\"noopener\">Decreto<\/a><\/td>\n<\/tr>\n<tr style=\"height: 24px;\">\n<td style=\"width: 81.8563%; text-align: left; height: 24px;\">Anuncio del OTS por el cual se realiza la convocatoria a la entrevista personal<\/td>\n<td style=\"width: 5.4549%; height: 24px;\">14\/11\/2024<\/td>\n<td style=\"width: 25.0202%; text-align: center; height: 24px;\"><a href=\"https:\/\/www.bombersdv.es\/wp-content\/uploads\/2024\/11\/Auncio-convocatoria-entrevista-Copia-autentica-2.pdf\" target=\"_blank\" rel=\"noopener\">Anuncio OTS<\/a><\/td>\n<\/tr>\n<tr>\n<td style=\"width: 81.8563%;\">Anuncio del OTS por la que se realiza la Propuesta de Adjudicaci\u00f3n<\/td>\n<td style=\"width: 5.4549%;\">21\/11\/2024<\/td>\n<td style=\"width: 25.0202%; text-align: center;\"><a href=\"https:\/\/www.bombersdv.es\/wp-content\/uploads\/2024\/11\/Anuncio-propuesta-adjudicacion-Copia-autentica.pdf\" target=\"_blank\" rel=\"noopener\">Anuncio OTS<\/a><\/td>\n<\/tr>\n<\/tbody>\n<\/table>\n<div class=\"fusion-text fusion-text-2\"><\/div><div class=\"fusion-clearfix\"><\/div><\/div><\/div><\/div><\/div>\n<\/div>\n","protected":false},"excerpt":{"rendered":"","protected":false},"author":192,"featured_media":0,"parent":15127,"menu_order":0,"comment_status":"closed","ping_status":"closed","template":"","meta":{"footnotes":""},"class_list":["post-70040","page","type-page","status-publish","hentry"],"_links":{"self":[{"href":"https:\/\/www.bombersdv.es\/es\/wp-json\/wp\/v2\/pages\/70040"}],"collection":[{"href":"https:\/\/www.bombersdv.es\/es\/wp-json\/wp\/v2\/pages"}],"about":[{"href":"https:\/\/www.bombersdv.es\/es\/wp-json\/wp\/v2\/types\/page"}],"author":[{"embeddable":true,"href":"https:\/\/www.bombersdv.es\/es\/wp-json\/wp\/v2\/users\/192"}],"replies":[{"embeddable":true,"href":"https:\/\/www.bombersdv.es\/es\/wp-json\/wp\/v2\/comments?post=70040"}],"version-history":[{"count":18,"href":"https:\/\/www.bombersdv.es\/es\/wp-json\/wp\/v2\/pages\/70040\/revisions"}],"predecessor-version":[{"id":71251,"href":"https:\/\/www.bombersdv.es\/es\/wp-json\/wp\/v2\/pages\/70040\/revisions\/71251"}],"up":[{"embeddable":true,"href":"https:\/\/www.bombersdv.es\/es\/wp-json\/wp\/v2\/pages\/15127"}],"wp:attachment":[{"href":"https:\/\/www.bombersdv.es\/es\/wp-json\/wp\/v2\/media?parent=70040"}],"curies":[{"name":"wp","href":"https:\/\/api.w.org\/{rel}","templated":true}]}}