{"id":70115,"date":"2024-07-19T08:31:02","date_gmt":"2024-07-19T06:31:02","guid":{"rendered":"https:\/\/www.bombersdv.es\/?page_id=70115"},"modified":"2025-10-01T10:42:52","modified_gmt":"2025-10-01T08:42:52","slug":"2024-bt002temporal-de-trabajo-extraordinaria-y-urgente-que-deviene-del-proceso-seleccion-2023-op001-para-el-puesto-de-trabajo-cb-31-bombero-a-conductor-a","status":"publish","type":"page","link":"https:\/\/www.bombersdv.es\/es\/oposiciones\/procesos-finalizados\/2024-bt002temporal-de-trabajo-extraordinaria-y-urgente-que-deviene-del-proceso-seleccion-2023-op001-para-el-puesto-de-trabajo-cb-31-bombero-a-conductor-a\/","title":{"rendered":"2024\/BT002Temporal de Trabajo Extraordinaria y Urgente que deviene del proceso selecci\u00f3n 2023\/OP001, para el puesto de trabajo CB-31 Bombero\/a Conductor\/a."},"content":{"rendered":"<div class=\"fusion-fullwidth fullwidth-box fusion-builder-row-1 nonhundred-percent-fullwidth non-hundred-percent-height-scrolling\" style=\"--awb-background-position:left top;--awb-border-sizes-top:0px;--awb-border-sizes-bottom:0px;--awb-border-sizes-left:0px;--awb-border-sizes-right:0px;--awb-border-radius-top-left:0px;--awb-border-radius-top-right:0px;--awb-border-radius-bottom-right:0px;--awb-border-radius-bottom-left:0px;--awb-padding-top:20px;--awb-padding-bottom:20px;--awb-flex-wrap:wrap;\" ><div class=\"fusion-builder-row fusion-row\"><div class=\"fusion-layout-column fusion_builder_column fusion-builder-column-0 fusion_builder_column_1_1 1_1 fusion-one-full fusion-column-first fusion-column-last fusion-column-no-min-height\" style=\"--awb-bg-size:cover;--awb-margin-bottom:0px;\"><div class=\"fusion-column-wrapper fusion-flex-column-wrapper-legacy\"><div class=\"fusion-title title fusion-title-1 fusion-sep-none fusion-title-text fusion-title-size-two\"><h2 class=\"fusion-title-heading title-heading-left fusion-responsive-typography-calculated\" style=\"margin:0;--fontSize:34;line-height:1.09;\">2024\/BT002 Borsa Temporal de Treball Extraordin\u00e0ria i Urgent que esdev\u00e9 del proc\u00e9s selecci\u00f3 2023\/OP001, per al lloc de treball CB-31 Bomber\/a Conductor\/a.<\/h2><\/div><div class=\"fusion-text fusion-text-1\"><div class=\"table-2\">\n<table style=\"height: 48px;\" width=\"100%\">\n<thead>\n<tr style=\"height: 24px;\">\n<th style=\"height: 24px; width: 69.8688%;\">Tr\u00e1mite<\/th>\n<th style=\"height: 24px; width: 12.6459%;\">Fecha<\/th>\n<th style=\"height: 24px; width: 16.703%;\">Documento(s)<\/th>\n<\/tr>\n<\/thead>\n<tbody>\n<tr style=\"height: 24px;\">\n<td style=\"height: 24px; width: 69.8688%;\">\n<p>Por Decreto de la Presidencia n\u00fam 783, de 28\/0\/2024, se procede a constituir la Bolsa Temporal de Trabajo Extraordinaria y Urgente que deviene del proceso selecci\u00f3n 2023\/OP001, para el puesto de trabajo CB-31 Bombero\/a Conductor\/a.<\/p>\n<p>(En aplicaci\u00f3n del art. 39.2 y 40.3 de la Ley 39\/2015 de Procedimiento Administrativo, dicha notificaci\u00f3n se entender\u00e1 practicada con efectos de su publicaci\u00f3n).<\/td>\n<td style=\"height: 24px; width: 12.6459%; text-align: center;\">19\/07\/2024<\/td>\n<td style=\"height: 24px; width: 16.703%; text-align: center;\"><a href=\"https:\/\/www.bombersdv.es\/wp-content\/uploads\/2024\/07\/Envio-GESTION-Copia-autentica-491.pdf\" target=\"_blank\" rel=\"noopener\">Decreto<\/a><\/td>\n<\/tr>\n<tr>\n<td style=\"width: 69.8688%;\">Actualizaci\u00f3n de llamamiento<\/td>\n<td style=\"width: 12.6459%; text-align: center;\">13\/05\/2025<\/td>\n<td style=\"width: 16.703%; text-align: center;\"><a href=\"https:\/\/www.bombersdv.es\/wp-content\/uploads\/2025\/05\/ACTUALIZACION-BOLSA-EXTRAORDINARIA-Y-URGENTE-DERIVADA-DEL-PROCESO-2023_OP001-DEL-PUESTO-DE-BOMBERO-CONDUCTOR-Copia-autentica.pdf\" target=\"_blank\" rel=\"noopener\">Seguimiento actualizado<\/a><\/td>\n<\/tr>\n<tr>\n<td style=\"width: 69.8688%;\">Actualizaci\u00f3n de llamamiento<\/td>\n<td style=\"width: 12.6459%; text-align: center;\">17\/06\/2025<\/td>\n<td style=\"width: 16.703%; text-align: center;\"><a href=\"https:\/\/www.bombersdv.es\/wp-content\/uploads\/2025\/06\/2024_BT002_ACTUALIZ-BOLSA-EXTRAORDINARIA-Y-URGENTE-BOMBERO-CONDUCTOR-2023_OP001-Copia-autentica.pdf\" target=\"_blank\" rel=\"noopener\">Seguimiento actualizado<\/a><\/td>\n<\/tr>\n<tr>\n<td style=\"width: 69.8688%;\">\n<p align=\"justify\">Fin vigencia 30\/09\/2025, por Decreto de la Presidencia n\u00famero 2025\/1491, de 30 de septiembre, por la que se procede a la constituci\u00f3n Bolsa de Trabajo Temporal Primaria derivada del Proceso Selectivo 2023\/OP001.<\/p>\n<\/td>\n<td style=\"width: 12.6459%; text-align: center;\"><\/td>\n<td style=\"width: 16.703%; text-align: center;\"><\/td>\n<\/tr>\n<\/tbody>\n<\/table>\n<\/div><div class=\"fusion-clearfix\"><\/div><\/div><\/div><\/div><\/div>\n<\/div>\n","protected":false},"excerpt":{"rendered":"","protected":false},"author":192,"featured_media":0,"parent":15127,"menu_order":0,"comment_status":"closed","ping_status":"closed","template":"","meta":{"footnotes":""},"class_list":["post-70115","page","type-page","status-publish","hentry"],"_links":{"self":[{"href":"https:\/\/www.bombersdv.es\/es\/wp-json\/wp\/v2\/pages\/70115"}],"collection":[{"href":"https:\/\/www.bombersdv.es\/es\/wp-json\/wp\/v2\/pages"}],"about":[{"href":"https:\/\/www.bombersdv.es\/es\/wp-json\/wp\/v2\/types\/page"}],"author":[{"embeddable":true,"href":"https:\/\/www.bombersdv.es\/es\/wp-json\/wp\/v2\/users\/192"}],"replies":[{"embeddable":true,"href":"https:\/\/www.bombersdv.es\/es\/wp-json\/wp\/v2\/comments?post=70115"}],"version-history":[{"count":10,"href":"https:\/\/www.bombersdv.es\/es\/wp-json\/wp\/v2\/pages\/70115\/revisions"}],"predecessor-version":[{"id":74264,"href":"https:\/\/www.bombersdv.es\/es\/wp-json\/wp\/v2\/pages\/70115\/revisions\/74264"}],"up":[{"embeddable":true,"href":"https:\/\/www.bombersdv.es\/es\/wp-json\/wp\/v2\/pages\/15127"}],"wp:attachment":[{"href":"https:\/\/www.bombersdv.es\/es\/wp-json\/wp\/v2\/media?parent=70115"}],"curies":[{"name":"wp","href":"https:\/\/api.w.org\/{rel}","templated":true}]}}