{"id":70237,"date":"2024-08-01T08:04:59","date_gmt":"2024-08-01T06:04:59","guid":{"rendered":"https:\/\/www.bombersdv.es\/?page_id=70237"},"modified":"2025-09-01T08:24:43","modified_gmt":"2025-09-01T06:24:43","slug":"concurso-de-traslados-10a-edicion-cabo","status":"publish","type":"page","link":"https:\/\/www.bombersdv.es\/es\/oposiciones\/procesos-finalizados\/concurso-de-traslados-10a-edicion-cabo\/","title":{"rendered":"2024 Concurso de Traslados 10\u00aa Edici\u00f3n Cabo"},"content":{"rendered":"<div class=\"fusion-fullwidth fullwidth-box fusion-builder-row-1 nonhundred-percent-fullwidth non-hundred-percent-height-scrolling\" style=\"--awb-background-position:left top;--awb-border-sizes-top:0px;--awb-border-sizes-bottom:0px;--awb-border-sizes-left:0px;--awb-border-sizes-right:0px;--awb-border-radius-top-left:0px;--awb-border-radius-top-right:0px;--awb-border-radius-bottom-right:0px;--awb-border-radius-bottom-left:0px;--awb-padding-top:20px;--awb-padding-bottom:20px;--awb-flex-wrap:wrap;\" ><div class=\"fusion-builder-row fusion-row\"><div class=\"fusion-layout-column fusion_builder_column fusion-builder-column-0 fusion_builder_column_1_1 1_1 fusion-one-full fusion-column-first fusion-column-last fusion-column-no-min-height\" style=\"--awb-bg-size:cover;--awb-margin-bottom:0px;\"><div class=\"fusion-column-wrapper fusion-flex-column-wrapper-legacy\"><div class=\"fusion-title title fusion-title-1 fusion-sep-none fusion-title-text fusion-title-size-two\"><h2 class=\"fusion-title-heading title-heading-left fusion-responsive-typography-calculated\" style=\"margin:0;--fontSize:34;line-height:1.09;\">2024 Concurso de Traslados 10\u00aa Edici\u00f3n Cabo<\/h2><\/div><div class=\"fusion-text fusion-text-1\"><div class=\"table-2\">\n<table style=\"width: 99.2175%;\" width=\"100%\">\n<thead>\n<tr style=\"height: 24px;\">\n<th style=\"width: 58.9984%; height: 24px;\">Tr\u00e1mite<\/th>\n<th style=\"width: 10.7199%; height: 24px;\">Fecha<\/th>\n<th style=\"width: 29.4992%; height: 24px;\">Documento(s)<\/th>\n<\/tr>\n<\/thead>\n<tbody>\n<tr style=\"height: 24px;\">\n<td style=\"width: 58.9984%; height: 24px;\">Bases<\/td>\n<td style=\"width: 10.7199%; height: 24px;\">06\/08\/2024<\/td>\n<td style=\"width: 29.4992%; height: 24px; text-align: center;\"><a href=\"https:\/\/www.bombersdv.es\/wp-content\/uploads\/2024\/08\/CTCABO_CP002_2024_BASES.pdf\" target=\"_blank\" rel=\"noopener\">Anuncio BOP<\/a><\/td>\n<\/tr>\n<tr style=\"height: 48px;\">\n<td style=\"width: 58.9984%; height: 48px;\">Modificaci\u00f3n Base Segunda convocatoria permanente concurso traslados puestos de bombero, cabo y sargento<\/td>\n<td style=\"width: 10.7199%; height: 48px;\">06\/08\/2024<\/td>\n<td style=\"width: 29.4992%; height: 48px; text-align: center;\"><a href=\"https:\/\/www.bombersdv.es\/wp-content\/uploads\/2024\/08\/CTMODIFICACION-BASES.pdf\" target=\"_blank\" rel=\"noopener\">Anuncio BOP<\/a><\/td>\n<\/tr>\n<tr style=\"height: 24px;\">\n<td style=\"width: 58.9984%; height: 24px;\">Anuncio convocatoria, vacantes y candidatos que no han obtenido destino en edici\u00f3n anterior<\/td>\n<td style=\"width: 10.7199%; height: 24px;\">06\/08\/2024<\/td>\n<td style=\"width: 29.4992%; height: 24px; text-align: center;\"><a href=\"https:\/\/www.bombersdv.es\/wp-content\/uploads\/2024\/08\/Anuncio-inicio-CT-edicion-10-CABOS-Copia-autentica-1.pdf\" target=\"_blank\" rel=\"noopener\">Anuncio RRHH<\/a><\/td>\n<\/tr>\n<tr>\n<td style=\"width: 58.9984%;\">solicitud y autobaremaci\u00f3n<\/td>\n<td style=\"width: 10.7199%;\">02\/09\/2024<\/td>\n<td style=\"width: 29.4992%; text-align: center;\"><a href=\"https:\/\/www.bombersdv.es\/wp-content\/uploads\/2024\/09\/CT-CABOS-instancia-cast-UNIFICADA.pdf\" target=\"_blank\" rel=\"noopener\">solicitud y autobaremaci\u00f3n<\/a><\/td>\n<\/tr>\n<tr>\n<td style=\"width: 58.9984%;\">Decreto n\u00fam 1195, de \/10, por el que se aprueba la lista de admitidos al\u00a0 Concurso de Traslados de Cabos 10\u00aa edici\u00f3n<\/td>\n<td style=\"width: 10.7199%;\">16\/10\/2024<\/td>\n<td style=\"width: 29.4992%; text-align: center;\"><a href=\"https:\/\/www.bombersdv.es\/wp-content\/uploads\/2024\/10\/Lista-CT-cabos-1.pdf\" target=\"_blank\" rel=\"noopener\">Anuncio<\/a><\/td>\n<\/tr>\n<tr>\n<td style=\"width: 58.9984%;\">Anuncio Comisi\u00f3n de Valoraci\u00f3n (CP002\/2024) Cabos 10\u00aa edici\u00f3n: por la que se hace p\u00fablica la relaci\u00f3n provisional relativa a la puntuaci\u00f3n obtenida y adjudicaci\u00f3n provisional de destino.<\/td>\n<td style=\"width: 10.7199%;\">22\/11\/2024<\/td>\n<td style=\"width: 29.4992%; text-align: center;\"><a href=\"https:\/\/www.bombersdv.es\/wp-content\/uploads\/2024\/11\/Anuncio-de-la-Comision-CT-Cabo-10a-edicion-Copia-autentica-1.pdf\" target=\"_blank\" rel=\"noopener\">Anuncio Comisi\u00f3n<\/a><\/td>\n<\/tr>\n<tr>\n<td style=\"width: 58.9984%;\">Anuncio Comisi\u00f3n de Valoraci\u00f3n (CP002\/2024) Cabos 10\u00aa edici\u00f3n: por la que se hace p\u00fablica la Resoluci\u00f3n de las alegaciones presentadas, Relaci\u00f3n definitiva relativa a la puntuaci\u00f3n obtenida y adjudicaci\u00f3n definitiva de destino.<\/td>\n<td style=\"width: 10.7199%;\">20\/12\/2024<\/td>\n<td style=\"width: 29.4992%; text-align: center;\"><a href=\"https:\/\/www.bombersdv.es\/wp-content\/uploads\/2024\/12\/Anuncio-Comision-Valoracion-Concurso-Traslados-Cabo-20_12_2024-Copia-autentica-2.pdf\" target=\"_blank\" rel=\"noopener\">Anuncio Comisi\u00f3n<\/a><\/td>\n<\/tr>\n<tr>\n<td style=\"width: 58.9984%;\">Por Decreto de la Presidencia num 6, de 08\/01\/2025, se procede a adjudicar el destino Definitivo de los concursantes de la 10\u00aa Edici\u00f3n del Concurso de Traslados de Cabo.<\/td>\n<td style=\"width: 10.7199%;\">09\/01\/2025<\/td>\n<td style=\"width: 29.4992%; text-align: center;\"><\/td>\n<\/tr>\n<\/tbody>\n<\/table>\n<\/div>\n<\/div><div class=\"fusion-clearfix\"><\/div><\/div><\/div><\/div><\/div>\n","protected":false},"excerpt":{"rendered":"","protected":false},"author":1642,"featured_media":0,"parent":15127,"menu_order":0,"comment_status":"closed","ping_status":"closed","template":"","meta":{"footnotes":""},"class_list":["post-70237","page","type-page","status-publish","hentry"],"_links":{"self":[{"href":"https:\/\/www.bombersdv.es\/es\/wp-json\/wp\/v2\/pages\/70237"}],"collection":[{"href":"https:\/\/www.bombersdv.es\/es\/wp-json\/wp\/v2\/pages"}],"about":[{"href":"https:\/\/www.bombersdv.es\/es\/wp-json\/wp\/v2\/types\/page"}],"author":[{"embeddable":true,"href":"https:\/\/www.bombersdv.es\/es\/wp-json\/wp\/v2\/users\/1642"}],"replies":[{"embeddable":true,"href":"https:\/\/www.bombersdv.es\/es\/wp-json\/wp\/v2\/comments?post=70237"}],"version-history":[{"count":17,"href":"https:\/\/www.bombersdv.es\/es\/wp-json\/wp\/v2\/pages\/70237\/revisions"}],"predecessor-version":[{"id":71935,"href":"https:\/\/www.bombersdv.es\/es\/wp-json\/wp\/v2\/pages\/70237\/revisions\/71935"}],"up":[{"embeddable":true,"href":"https:\/\/www.bombersdv.es\/es\/wp-json\/wp\/v2\/pages\/15127"}],"wp:attachment":[{"href":"https:\/\/www.bombersdv.es\/es\/wp-json\/wp\/v2\/media?parent=70237"}],"curies":[{"name":"wp","href":"https:\/\/api.w.org\/{rel}","templated":true}]}}