{"id":70827,"date":"2024-10-23T07:38:57","date_gmt":"2024-10-23T05:38:57","guid":{"rendered":"https:\/\/www.bombersdv.es\/?page_id=70827"},"modified":"2026-04-21T13:54:23","modified_gmt":"2026-04-21T11:54:23","slug":"2024-pi001-proceso-para-cubrir-por-el-turno-de-promocion-interna-4-plazas-de-administrativo-subgrupo-c1-en-el-consorcio-provincial-de-bomberos-de-valencia","status":"publish","type":"page","link":"https:\/\/www.bombersdv.es\/es\/oposiciones\/procesos-en-marcha\/2024-pi001-proceso-para-cubrir-por-el-turno-de-promocion-interna-4-plazas-de-administrativo-subgrupo-c1-en-el-consorcio-provincial-de-bomberos-de-valencia\/","title":{"rendered":"2024\/PI001: Proceso para cubrir, por el Turno de Promoci\u00f3n Interna, 4 plazas de Administrativo Subgrupo C1, en el Consorcio Provincial de Bomberos de Valencia"},"content":{"rendered":"<div class=\"fusion-fullwidth fullwidth-box fusion-builder-row-1 nonhundred-percent-fullwidth non-hundred-percent-height-scrolling\" style=\"--awb-background-position:left top;--awb-border-radius-top-left:0px;--awb-border-radius-top-right:0px;--awb-border-radius-bottom-right:0px;--awb-border-radius-bottom-left:0px;--awb-padding-top:20px;--awb-padding-bottom:20px;--awb-border-sizes-top:0px;--awb-border-sizes-bottom:0px;--awb-flex-wrap:wrap;\" ><div class=\"fusion-builder-row fusion-row\"><div class=\"fusion-layout-column fusion_builder_column fusion-builder-column-0 fusion_builder_column_1_1 1_1 fusion-one-full fusion-column-first fusion-column-last fusion-column-no-min-height\" style=\"--awb-bg-size:cover;--awb-margin-bottom:0px;\"><div class=\"fusion-column-wrapper fusion-flex-column-wrapper-legacy\"><div class=\"fusion-title title fusion-title-1 fusion-sep-none fusion-title-text fusion-title-size-two\"><h2 class=\"fusion-title-heading title-heading-left fusion-responsive-typography-calculated\" style=\"margin:0;--fontSize:34;line-height:1.09;\">2024\/PI001: Proceso para cubrir, por el turno de promoci\u00f3n interna, 4 plazas de Administrativo Subgrupo C1, en el Consorcio Provincial de Bomberos de Valencia<\/h2><\/div><div class=\"fusion-text fusion-text-1\"><\/div>\n<div class=\"table-2\">\n<table style=\"height: 48px;\" width=\"100%\">\n<thead>\n<tr style=\"height: 24px;\">\n<th style=\"height: 24px; width: 69.0355%;\">Tr\u00e1mite<\/th>\n<th style=\"height: 24px; width: 8.1329%;\">Fecha<\/th>\n<th style=\"height: 24px; width: 22.1064%;\">Documento(s)<\/th>\n<\/tr>\n<\/thead>\n<tbody>\n<tr style=\"height: 24px;\">\n<td style=\"height: 24px; width: 69.0355%;\">\n<p>Bases<\/p>\n<p><span style=\"color: #ff0000;\">E<\/span><strong><span style=\"color: #ff0000;\">l plazo de presentaci\u00f3n de instancias empieza a partir de la publicaci\u00f3n del extracto de las bases en el Bolet\u00edn Oficial del Estado. Cualquier instancia presentada antes o despu\u00e9s de este plazo ser\u00e1 extempor\u00e1nea, as\u00ed como cualquier pago de la tasa por derechos de examen realizado antes o despu\u00e9s del t\u00e9rmino de presentaci\u00f3n de instancias. En consecuencia, tanto la instancia como el pago presentados en las circunstancias indicadas, ser\u00e1n no admitidos. <\/span><\/strong><\/td>\n<td style=\"height: 24px; width: 8.1329%;\">23\/10\/2024<\/td>\n<td style=\"height: 24px; width: 22.1064%; text-align: center;\"><a href=\"https:\/\/www.bombersdv.es\/wp-content\/uploads\/2024\/10\/2024_PI001_Pub-BOP-BASES-ADMIVO-PI-valenc.pdf\" target=\"_blank\" rel=\"noopener\">Publicaci\u00f3n BOP<\/a><\/td>\n<\/tr>\n<tr style=\"height: 24px;\">\n<td style=\"height: 24px; width: 69.0355%;\">Publicaci\u00f3n DOGV<\/td>\n<td style=\"height: 24px; width: 8.1329%;\">12\/11\/2024<\/td>\n<td style=\"height: 24px; width: 22.1064%;\"><a href=\"https:\/\/www.bombersdv.es\/wp-content\/uploads\/2024\/11\/2024_PI001-PUBLIC-DOGV-4-PL-ADMIVO-PI-es.pdf\" target=\"_blank\" rel=\"noopener\">Publicaci\u00f3n DOGV<\/a><\/td>\n<\/tr>\n<tr>\n<td style=\"width: 69.0355%;\">Publicaci\u00f3n BOE<\/td>\n<td style=\"width: 8.1329%;\">31\/01\/2025<\/td>\n<td style=\"width: 22.1064%;\"><a href=\"https:\/\/www.bombersdv.es\/wp-content\/uploads\/2025\/01\/BOE-A-2025-1765-ADVO-PI.pdf\" target=\"_blank\" rel=\"noopener\">Publicaci\u00f3n BOE<\/a><\/td>\n<\/tr>\n<tr>\n<td style=\"width: 69.0355%;\">El ingreso de la tasa se realizar\u00e1 mediante transferencia bancaria a la cuenta ES14 2100 4337 8802 0004 5460 o mediante tarjeta bancaria de cualquier entidad en los cajeros autom\u00e1ticos de CaixaBank indicando el C\u00f3digo de Entidad <em>08<\/em><em>46<\/em><em>759<\/em> Concepto: 2024\/PI001 <em>PLAZ<\/em><em>AS ADMINISTRATIVO PI <\/em>y el nombre y apellidos de la persona aspirante, utilizando, en su caso, el c\u00f3digo de barras que se adjunta.<\/td>\n<td style=\"width: 8.1329%;\">03\/02\/2025<\/td>\n<td style=\"width: 22.1064%;\">\n<p><a href=\"https:\/\/www.bombersdv.es\/wp-content\/uploads\/2025\/02\/2024_PI001-PLAZAS-ADMINISTRATIVO-PI.pdf\" target=\"_blank\" rel=\"noopener\">C\u00f3digo de barras<\/a><\/p>\n<p><a href=\"https:\/\/www.bombersdv.es\/wp-content\/uploads\/2025\/02\/Intrucciones-PAGO-DERECHOS-EXAMEN.pdf\" target=\"_blank\" rel=\"noopener\">Instrucciones<\/a><\/td>\n<\/tr>\n<tr>\n<td style=\"width: 69.0355%;\">Lista provisional personas admitidas y excluidas, y designaci\u00f3n miembros OTS<\/td>\n<td style=\"width: 8.1329%;\">28\/05\/2025<\/td>\n<td style=\"width: 22.1064%;\"><a href=\"https:\/\/www.bombersdv.es\/wp-content\/uploads\/2025\/05\/2024_PI001-LISTA-PROV-ADMINIST-PI-ES.pdf\" target=\"_blank\" rel=\"noopener\">Publicaci\u00f3n BOP<\/a><\/td>\n<\/tr>\n<tr>\n<td style=\"width: 69.0355%;\">Correcci\u00f3n errores apellidos miembro \u00d3rgano T\u00e9cnico de Selecci\u00f3n<\/td>\n<td style=\"width: 8.1329%;\">11\/08\/2025<\/td>\n<td style=\"width: 22.1064%;\"><a href=\"https:\/\/www.bombersdv.es\/wp-content\/uploads\/2025\/08\/2024_PI001_PS-ADMIVO-PI-correccion-errores-apellidos-miembro-OTS_ES-1.pdf\" target=\"_blank\" rel=\"noopener\">Publicaci\u00f3n BOP<\/a><\/td>\n<\/tr>\n<tr>\n<td style=\"width: 69.0355%;\">Designaci\u00f3n nuevo miembro \u00d3rgano T\u00e9cnico de Selecci\u00f3n por renuncia<\/td>\n<td style=\"width: 8.1329%;\">04\/11\/2025<\/td>\n<td style=\"width: 22.1064%;\"><a href=\"https:\/\/www.bombersdv.es\/wp-content\/uploads\/2025\/11\/2024_PI001_PUBLIC-BOP-MODIF-OTS-RENUNCIA-JJL-CAST.pdf\" target=\"_blank\" rel=\"noopener\">Publicaci\u00f3n BOP<\/a><\/td>\n<\/tr>\n<tr>\n<td style=\"width: 69.0355%;\">Lista definitiva personas admitidas y excluidas, y fecha de examen<\/td>\n<td style=\"width: 8.1329%;\">11\/11\/2025<\/td>\n<td style=\"width: 22.1064%;\"><a href=\"https:\/\/www.bombersdv.es\/wp-content\/uploads\/2025\/11\/2024_PI001_-REL-DEF-Y-FECHA-EX-ES-1.pdf\" target=\"_blank\" rel=\"noopener\">Publicaci\u00f3n BOP<\/a><\/td>\n<\/tr>\n<tr>\n<td style=\"width: 69.0355%;\">Calendarizaci\u00f3n curso de formaci\u00f3n obligatorio proceso selectivo<\/td>\n<td style=\"width: 8.1329%;\">05\/12\/2025<\/td>\n<td style=\"width: 22.1064%;\"><a href=\"https:\/\/www.bombersdv.es\/wp-content\/uploads\/2025\/12\/Anuncio-calendariacion-curso-formacion-Copia-autentica-1.pdf\" target=\"_blank\" rel=\"noopener\">Anuncio<\/a><\/td>\n<\/tr>\n<tr>\n<td style=\"width: 69.0355%;\">Modificaci\u00f3n calendarizaci\u00f3n curso de formaci\u00f3n obligatorio<\/td>\n<td style=\"width: 8.1329%;\">15\/12\/2025<\/td>\n<td style=\"width: 22.1064%;\"><a href=\"https:\/\/www.bombersdv.es\/wp-content\/uploads\/2025\/12\/ANUNCIO-MODIFICACION-CALENDARIZACION-CURSO-PS-Copia-autentica-1.pdf\" target=\"_blank\" rel=\"noopener\">Anuncio\u00a0<\/a><\/td>\n<\/tr>\n<tr>\n<td style=\"width: 69.0355%;\">Anuncio OTS resultados primera parte fase oposici\u00f3n y fecha celebraci\u00f3n segunda parte fase\u00a0 oposici\u00f3n (cuestionario tipo test)<\/td>\n<td style=\"width: 8.1329%;\">23\/02\/2026<\/td>\n<td style=\"width: 22.1064%;\"><a href=\"https:\/\/www.bombersdv.es\/wp-content\/uploads\/2026\/02\/2024_PI001ANUNCIO-resultados-curso-y-fecha-examen-cuestionario_ADMIVO-PI.pdf\" target=\"_blank\" rel=\"noopener\">Anuncio <\/a><\/td>\n<\/tr>\n<tr>\n<td style=\"width: 69.0355%;\">Anunci0 OTS publicaci\u00f3n examen primer ejercicio y plantilla de correcci\u00f3n<\/td>\n<td style=\"width: 8.1329%;\">09\/03\/2026<\/td>\n<td style=\"width: 22.1064%;\"><a href=\"https:\/\/www.bombersdv.es\/wp-content\/uploads\/2026\/03\/2024_PI001_Anuncio-enunciado-preguntas-Examen-tipo-TEST-y-Plantilla-resultados-Copia-autentica-1.pdf\" target=\"_blank\" rel=\"noopener\">Anuncio<\/a><\/td>\n<\/tr>\n<tr>\n<td style=\"width: 69.0355%;\">Anuncio OTS publicaci\u00f3n resultados primer ejercicio<\/td>\n<td style=\"width: 8.1329%;\">17\/03\/2026<\/td>\n<td style=\"width: 22.1064%;\"><a href=\"https:\/\/www.bombersdv.es\/wp-content\/uploads\/2026\/03\/2024_PI001_ANUNCIO-resultados-prueba-tipo-test-Copia-autentica-1.pdf\" target=\"_blank\" rel=\"noopener\">Anuncio<\/a><\/td>\n<\/tr>\n<tr>\n<td style=\"width: 69.0355%;\">Anuncio OTS publicaci\u00f3n baremaci\u00f3n m\u00e9ritos provisional<\/td>\n<td style=\"width: 8.1329%;\">21\/04\/2026<\/td>\n<td style=\"width: 22.1064%;\"><a href=\"https:\/\/www.bombersdv.es\/wp-content\/uploads\/2026\/04\/2024_PI001_Anuncio-resultados-baremacion-de-meritos-provisional-Copia-autentica-1.pdf\" target=\"_blank\" rel=\"noopener\">Anuncio<\/a><\/td>\n<\/tr>\n<\/tbody>\n<\/table>\n<p>ion_text]<div class=\"fusion-clearfix\"><\/div><\/div><\/div><\/div><\/div>\n<\/div>\n","protected":false},"excerpt":{"rendered":"","protected":false},"author":192,"featured_media":0,"parent":15126,"menu_order":0,"comment_status":"closed","ping_status":"closed","template":"","meta":{"footnotes":""},"class_list":["post-70827","page","type-page","status-publish","hentry"],"_links":{"self":[{"href":"https:\/\/www.bombersdv.es\/es\/wp-json\/wp\/v2\/pages\/70827"}],"collection":[{"href":"https:\/\/www.bombersdv.es\/es\/wp-json\/wp\/v2\/pages"}],"about":[{"href":"https:\/\/www.bombersdv.es\/es\/wp-json\/wp\/v2\/types\/page"}],"author":[{"embeddable":true,"href":"https:\/\/www.bombersdv.es\/es\/wp-json\/wp\/v2\/users\/192"}],"replies":[{"embeddable":true,"href":"https:\/\/www.bombersdv.es\/es\/wp-json\/wp\/v2\/comments?post=70827"}],"version-history":[{"count":25,"href":"https:\/\/www.bombersdv.es\/es\/wp-json\/wp\/v2\/pages\/70827\/revisions"}],"predecessor-version":[{"id":76356,"href":"https:\/\/www.bombersdv.es\/es\/wp-json\/wp\/v2\/pages\/70827\/revisions\/76356"}],"up":[{"embeddable":true,"href":"https:\/\/www.bombersdv.es\/es\/wp-json\/wp\/v2\/pages\/15126"}],"wp:attachment":[{"href":"https:\/\/www.bombersdv.es\/es\/wp-json\/wp\/v2\/media?parent=70827"}],"curies":[{"name":"wp","href":"https:\/\/api.w.org\/{rel}","templated":true}]}}