{"id":70885,"date":"2024-10-25T07:53:47","date_gmt":"2024-10-25T05:53:47","guid":{"rendered":"https:\/\/www.bombersdv.es\/?page_id=70885"},"modified":"2026-04-15T13:09:34","modified_gmt":"2026-04-15T11:09:34","slug":"2024-op002-proceso-para-cubrir-por-turno-libre-5-plazas-de-tecnico-de-gestion-administracion-general-subescala-de-gestion-grupo-a-subgrupo-a2-en-el-consorcio-provincial-de-bomberos-de-valencia","status":"publish","type":"page","link":"https:\/\/www.bombersdv.es\/es\/oposiciones\/procesos-en-marcha\/2024-op002-proceso-para-cubrir-por-turno-libre-5-plazas-de-tecnico-de-gestion-administracion-general-subescala-de-gestion-grupo-a-subgrupo-a2-en-el-consorcio-provincial-de-bomberos-de-valencia\/","title":{"rendered":"2024\/OP002: Proceso para cubrir, por Turno Libre, 5 plazas de T\u00e9cnico de Gesti\u00f3n, Administraci\u00f3n General, Subescala de Gesti\u00f3n, Grupo A Subgrupo A2, en el Consorcio Provincial de Bomberos de Valencia"},"content":{"rendered":"<div class=\"fusion-fullwidth fullwidth-box fusion-builder-row-1 nonhundred-percent-fullwidth non-hundred-percent-height-scrolling\" style=\"--awb-background-position:left top;--awb-border-radius-top-left:0px;--awb-border-radius-top-right:0px;--awb-border-radius-bottom-right:0px;--awb-border-radius-bottom-left:0px;--awb-padding-top:20px;--awb-padding-bottom:20px;--awb-border-sizes-top:0px;--awb-border-sizes-bottom:0px;--awb-flex-wrap:wrap;\" ><div class=\"fusion-builder-row fusion-row\"><div class=\"fusion-layout-column fusion_builder_column fusion-builder-column-0 fusion_builder_column_1_1 1_1 fusion-one-full fusion-column-first fusion-column-last fusion-column-no-min-height\" style=\"--awb-bg-size:cover;--awb-margin-bottom:0px;\"><div class=\"fusion-column-wrapper fusion-flex-column-wrapper-legacy\"><div class=\"fusion-title title fusion-title-1 fusion-sep-none fusion-title-text fusion-title-size-two\"><h2 class=\"fusion-title-heading title-heading-left fusion-responsive-typography-calculated\" style=\"margin:0;--fontSize:34;line-height:1.09;\">2024\/OP002: Proceso para cubrir, por Turno Libre, 5 plazas de T\u00e9cnico de Gesti\u00f3n, Administraci\u00f3n General, Subescala de Gesti\u00f3n, Grupo A Subgrupo A2, en el Consorcio Provincial de Bomberos de Valencia<\/h2><\/div><div class=\"fusion-text fusion-text-1\"><div class=\"table-2\">\n<table style=\"height: 48px;\" width=\"100%\">\n<thead>\n<tr style=\"height: 24px;\">\n<th style=\"height: 24px; width: 71.6459%;\">Tr\u00e1mite<\/th>\n<th style=\"height: 24px; width: 8.6349%;\">Fecha<\/th>\n<th style=\"height: 24px; width: 18.9939%;\">Documento(s)<\/th>\n<\/tr>\n<\/thead>\n<tbody>\n<tr style=\"height: 24px;\">\n<td style=\"height: 24px; width: 71.6459%;\">\n<p>Bases<\/p>\n<p><span style=\"color: #ff0000;\">E<\/span><strong><span style=\"color: #ff0000;\">l plazo de presentaci\u00f3n de instancias empieza a partir de la publicaci\u00f3n del extracto de las bases en el Bolet\u00edn Oficial del Estado. Cualquier instancia presentada antes o despu\u00e9s de este plazo ser\u00e1 extempor\u00e1nea, as\u00ed como cualquier pago de la tasa por derechos de examen realizado antes o despu\u00e9s del t\u00e9rmino de presentaci\u00f3n de instancias. En consecuencia, tanto la instancia como el pago presentados en las circunstancias indicadas, ser\u00e1n no admitidos.<\/span> <\/strong><\/td>\n<td style=\"height: 24px; width: 8.6349%;\">24\/10\/2024<\/td>\n<td style=\"height: 24px; width: 18.9939%; text-align: center;\"><a href=\"https:\/\/www.bombersdv.es\/wp-content\/uploads\/2024\/10\/2024_OP002-TAG-TURNO-LIBRE_ES.pdf\" target=\"_blank\" rel=\"noopener\">Publicaci\u00f3n BOP<\/a><\/td>\n<\/tr>\n<tr style=\"height: 24px;\">\n<td style=\"height: 24px; width: 71.6459%;\">\n<p align=\"justify\">Anuncio del Consorcio Provincial de Bomberos de Valencia sobre la rectificaci\u00f3n del Decreto 1.242, de 16\/10\/2024, por el que se procede a la aprobaci\u00f3n de las bases y convocatoria del procedimiento selectivo para el ingreso en la escala de administraci\u00f3n general, subescala de gesti\u00f3n, grupo A, subgrupo A2, para cubrir por el turno libre 5 plazas de t\u00e9cnico\/a de gesti\u00f3n, vacantes en la plantilla de personal.<\/p>\n<p align=\"justify\">El texto de las Bases anexado al Anuncio no se corresponde a la convocatoria se\u00f1alada, habi\u00e9ndose procedido a su subsanaci\u00f3n. El nuevo Anexo ser\u00e1 publicado en breve en el BOP.<\/p>\n<\/td>\n<td style=\"height: 24px; width: 8.6349%;\">15\/11\/2024<\/td>\n<td style=\"height: 24px; width: 18.9939%; text-align: center;\"><a href=\"https:\/\/www.bombersdv.es\/wp-content\/uploads\/2024\/11\/2024_OP002_5PLAZAS-TAGES.pdf\" target=\"_blank\" rel=\"noopener\">Publicaci\u00f3n BOP<\/a><\/td>\n<\/tr>\n<tr>\n<td style=\"width: 71.6459%;\">\n<p><strong><span style=\"color: #ff0000;\">Se reitera que el plazo de presentaci\u00f3n de instancias empieza a partir de la publicaci\u00f3n del extracto de las bases en el Bolet\u00edn Oficial del Estado.<\/span><\/strong><\/p>\n<p><strong><span style=\"color: #ff0000;\">En consecuencia las instancias que ya hayan sido presentadas por las personas interesadas, as\u00ed como en su caso el pago de la tasa efectuado, son extempor\u00e1neas, no pudiendo ser admitidas en el Proceso selectivo<\/span><\/strong><\/td>\n<td style=\"width: 8.6349%;\">15\/11\/2024<\/td>\n<td style=\"width: 18.9939%; text-align: center;\"><\/td>\n<\/tr>\n<tr>\n<td style=\"width: 71.6459%;\">Publicaci\u00f3n correcta Anexo texto perteneciente a las Bases del Proceso Selectivo 2024\/OP002<\/td>\n<td style=\"width: 8.6349%;\">25\/11\/2024<\/td>\n<td style=\"width: 18.9939%; text-align: center;\"><a href=\"https:\/\/www.bombersdv.es\/wp-content\/uploads\/2024\/11\/2024_OP002_CORREC-ERRORES-TAG-5TLES.pdf\" target=\"_blank\" rel=\"noopener\">Publicaci\u00f3n BOP<\/a><\/td>\n<\/tr>\n<tr>\n<td style=\"width: 71.6459%;\">Publicaci\u00f3n DOGV<\/td>\n<td style=\"width: 8.6349%;\">23\/12\/2024<\/td>\n<td style=\"width: 18.9939%; text-align: center;\"><a href=\"https:\/\/www.bombersdv.es\/wp-content\/uploads\/2024\/12\/2024_OP002_ANUNCIO-DOGV-5-PLAZAS-TAG-TL_es.pdf\" target=\"_blank\" rel=\"noopener\">Publicaci\u00f3n DOGV<\/a><\/td>\n<\/tr>\n<tr>\n<td style=\"width: 71.6459%;\">Publicaci\u00f3n BOE<\/td>\n<td style=\"width: 8.6349%;\">31\/01\/2025<\/td>\n<td style=\"width: 18.9939%; text-align: center;\"><a href=\"https:\/\/www.bombersdv.es\/wp-content\/uploads\/2025\/01\/BOE-A-2025-1766-TECNICO-GESTION-TL.pdf\" target=\"_blank\" rel=\"noopener\">Publicaci\u00f3n BOE<\/a><\/td>\n<\/tr>\n<tr>\n<td style=\"width: 71.6459%;\">El ingreso de la tasa se realizar\u00e1 mediante transferencia bancaria a la cuenta ES14 2100 4337 8802 0004 5460 o mediante tarjeta bancaria de cualquier entidad en los cajeros autom\u00e1ticos de CaixaBank indicando el C\u00f3digo de Entidad <em>08<\/em><em>46760<\/em> Concepto: 2024\/OP002 <em>PLAZAS <\/em><em>T\u00c9CNICO DE GESTI\u00d3N TL<\/em> y el nombre y apellidos de la persona aspirante, utilizando, en su caso, el c\u00f3digo de barras que se adjunta.<\/td>\n<td style=\"width: 8.6349%;\">03\/02\/2025<\/td>\n<td style=\"width: 18.9939%; text-align: center;\">\n<p><a href=\"https:\/\/www.bombersdv.es\/wp-content\/uploads\/2025\/02\/2024_OP002-PLAZAS-TECNICO-DE-GESTION-TL.pdf\" target=\"_blank\" rel=\"noopener\">C\u00f3digo de barras<\/a><\/p>\n<p><a href=\"https:\/\/www.bombersdv.es\/wp-content\/uploads\/2025\/02\/Intrucciones-PAGO-DERECHOS-EXAMEN.pdf\" target=\"_blank\" rel=\"noopener\">Instrucciones<\/a><\/td>\n<\/tr>\n<tr>\n<td style=\"width: 71.6459%;\">Anuncio BOP lista provisional personas admitidas y excluidas y designaci\u00f3n miembros OTS<\/td>\n<td style=\"width: 8.6349%;\">28\/10\/2025<\/td>\n<td style=\"width: 18.9939%; text-align: center;\"><a href=\"https:\/\/www.bombersdv.es\/wp-content\/uploads\/2025\/10\/2024_OP002-LISTA-PROV-Y-DESIG-OTS-5-PLAZAS-TEC-GEST_CS.pdf\" target=\"_blank\" rel=\"noopener\">Publicaci\u00f3n BOP<\/a><\/td>\n<\/tr>\n<tr>\n<td style=\"width: 71.6459%;\">Anuncio BOP lista definitiva personas admitidas y excluidas, modificaci\u00f3n designaci\u00f3n \u00d3rgano T\u00e9cnico de Selecci\u00f3n y fecha de examen<\/td>\n<td style=\"width: 8.6349%;\">11\/12\/2025<\/td>\n<td style=\"width: 18.9939%; text-align: center;\"><a href=\"https:\/\/www.bombersdv.es\/wp-content\/uploads\/2025\/12\/2024_OP002-PS-5-PLAZAS-TEC-GEST-TLCS.pdf\" target=\"_blank\" rel=\"noopener\">Publicaci\u00f3n BOP<\/a><\/td>\n<\/tr>\n<tr>\n<td style=\"width: 71.6459%;\">Designaci\u00f3n personal colaborador\u00a0 SERTIC<\/td>\n<td style=\"width: 8.6349%;\">15\/12\/2025<\/td>\n<td style=\"width: 18.9939%; text-align: center;\"><a href=\"https:\/\/www.bombersdv.es\/wp-content\/uploads\/2025\/12\/PS-2024_OP002_DESIGNAC-ASESOR-COLAB-SERTIC.pdf\" target=\"_blank\" rel=\"noopener\">Publicaci\u00f3n<\/a><\/td>\n<\/tr>\n<tr>\n<td style=\"width: 71.6459%;\">Anuncio OTS calendarizaci\u00f3n Proc\u00e9so Selectivo<\/td>\n<td style=\"width: 8.6349%;\">18\/12\/2025<\/td>\n<td style=\"width: 18.9939%; text-align: center;\"><a href=\"https:\/\/www.bombersdv.es\/wp-content\/uploads\/2025\/12\/2024_OP002ANUNCIO-CALENDARIZ-PROC-SELEC-Copia-autentica.pdf\" target=\"_blank\" rel=\"noopener\">Anuncio<\/a><\/td>\n<\/tr>\n<tr>\n<td style=\"width: 71.6459%;\">Listado aspirantes por aula e instrucciones cumplimentaci\u00f3n plantilla hoja de respuestas<\/td>\n<td style=\"width: 8.6349%;\">16\/01\/2026<\/td>\n<td style=\"width: 18.9939%; text-align: center;\">\n<p><a href=\"https:\/\/www.bombersdv.es\/wp-content\/uploads\/2026\/01\/2024_OP001_Division-listado-aulas-TAG-5.pdf\" target=\"_blank\" rel=\"noopener\">Listado<\/a><\/p>\n<p><a href=\"https:\/\/www.bombersdv.es\/wp-content\/uploads\/2026\/01\/instrucciones-plantilla-respuestas.pdf\" target=\"_blank\" rel=\"noopener\">Instrucciones<\/a><\/td>\n<\/tr>\n<tr>\n<td style=\"width: 71.6459%;\">Decreto relativo desestimaci\u00f3 Recurso Reposici\u00f3n contra aprobaci\u00f3n relaci\u00f3n definitiva personas<br \/>\nadmitidas y excluidas<\/td>\n<td style=\"width: 8.6349%;\">21\/01\/2026<\/td>\n<td style=\"width: 18.9939%; text-align: center;\"><a href=\"https:\/\/www.bombersdv.es\/wp-content\/uploads\/2026\/01\/PS2024_OP001_Dto-desestimac-rec-reposicion-contra-lista-definitva.pdf\" target=\"_blank\" rel=\"noopener\">Decreto<\/a><\/td>\n<\/tr>\n<tr>\n<td style=\"width: 71.6459%;\">Anuncio OTS Publicaci\u00f3n examen primer ejercicio y plantilla de correcci\u00f3n<\/td>\n<td style=\"width: 8.6349%;\">04\/02\/2026<\/td>\n<td style=\"width: 18.9939%; text-align: center;\"><a href=\"https:\/\/www.bombersdv.es\/wp-content\/uploads\/2026\/02\/PDFsam_merge.pdf\" target=\"_blank\" rel=\"noopener\">Anuncio<\/a><\/td>\n<\/tr>\n<tr>\n<td style=\"width: 71.6459%;\">Anuncio OTS resoluci\u00f3n alegaciones preguntas tipo test y convocatoria apertura sobres identidades<\/td>\n<td style=\"width: 8.6349%;\">17\/02\/2026<\/td>\n<td style=\"width: 18.9939%; text-align: center;\"><a href=\"https:\/\/www.bombersdv.es\/wp-content\/uploads\/2026\/02\/2024_OP002-Anuncio-16_02_2026-OTS-PS-5-TEC-GEST-Resol-alegac-preguntas-test-y-convocat-apertura-sobre-identidades-Copia-autentica-2.pdf\" target=\"_blank\" rel=\"noopener\">Anuncio<\/a><\/td>\n<\/tr>\n<tr>\n<td style=\"width: 71.6459%;\">Anuncio OTS por el que se hacen p\u00fablicos los resultados del ejercicio prueba te\u00f3rica (tipo test)<br \/>\n( Rectificaci\u00f3n de resultados del Primer Ejercicio)<\/td>\n<td style=\"width: 8.6349%;\">19\/02\/2026<\/td>\n<td style=\"width: 18.9939%; text-align: center;\"><a href=\"https:\/\/www.bombersdv.es\/wp-content\/uploads\/2026\/02\/Anuncio-OTS-2024_OP002-Copia-autentica-2.pdf\" target=\"_blank\" rel=\"noopener\">Anuncio<\/a><\/td>\n<\/tr>\n<tr>\n<td style=\"width: 71.6459%;\"><span id=\"ep1\"><span id=\"et2\">Anuncio OTS por el que se hacen p\u00fablicas las notas obtenidas por los aspirantes en el primer ejercicio y la convocatoria a la realizaci\u00f3n del segundo ejercicio &#8220;Prueba de desarrollo&#8221;.<\/span><\/span><\/td>\n<td style=\"width: 8.6349%;\">20\/02\/2026<\/td>\n<td style=\"width: 18.9939%; text-align: center;\"><a href=\"https:\/\/www.bombersdv.es\/wp-content\/uploads\/2026\/02\/Anuncio-OTS-2024_OP002-Copia-autentica-4.pdf\" target=\"_blank\" rel=\"noopener\">Anuncio<\/a><\/td>\n<\/tr>\n<tr>\n<td style=\"width: 71.6459%;\"><span id=\"ep1\"><span id=\"et2\">Anuncio OTS por el que se hacen p\u00fablicas las notas anonimizadas obtenidas por las personas aspirantes en el segundo ejercicio y convocatoria apertura sobres identidades<\/span><\/span><\/td>\n<td style=\"width: 8.6349%;\">14\/04\/2026<\/td>\n<td style=\"width: 18.9939%; text-align: center;\"><a href=\"https:\/\/www.bombersdv.es\/wp-content\/uploads\/2026\/04\/2024_OP002_ANUNCIO-resultad-anonimizados-examen-desarrollo-Copia-autentica.pdf\" target=\"_blank\" rel=\"noopener\">Anuncio<\/a><\/td>\n<\/tr>\n<tr>\n<td style=\"width: 71.6459%;\">\n<p align=\"left\"><span style=\"font-family: Times New Roman, serif;\"><span style=\"font-size: large;\">Anuncio OTS por el que se hacen p\u00fablicas las notas obtenidas por las personas aspirantes en el segundo ejercicio y convocatoria lectura en audiencia p\u00fablica<\/span><\/span><\/p>\n<\/td>\n<td style=\"width: 8.6349%;\">15\/04\/2026<\/td>\n<td style=\"width: 18.9939%; text-align: center;\"><a href=\"https:\/\/www.bombersdv.es\/wp-content\/uploads\/2026\/04\/2024_OP002_ANUNCIO-resultad-identificacion-aspirantes-examen-desarrollo-Copia-autentica-1.pdf\" target=\"_blank\" rel=\"noopener\">Anuncio<\/a><\/td>\n<\/tr>\n<\/tbody>\n<\/table>\n<\/div><div class=\"fusion-clearfix\"><\/div><\/div><\/div><\/div><\/div>\n<\/div>\n","protected":false},"excerpt":{"rendered":"","protected":false},"author":192,"featured_media":0,"parent":15126,"menu_order":0,"comment_status":"closed","ping_status":"closed","template":"","meta":{"footnotes":""},"class_list":["post-70885","page","type-page","status-publish","hentry"],"_links":{"self":[{"href":"https:\/\/www.bombersdv.es\/es\/wp-json\/wp\/v2\/pages\/70885"}],"collection":[{"href":"https:\/\/www.bombersdv.es\/es\/wp-json\/wp\/v2\/pages"}],"about":[{"href":"https:\/\/www.bombersdv.es\/es\/wp-json\/wp\/v2\/types\/page"}],"author":[{"embeddable":true,"href":"https:\/\/www.bombersdv.es\/es\/wp-json\/wp\/v2\/users\/192"}],"replies":[{"embeddable":true,"href":"https:\/\/www.bombersdv.es\/es\/wp-json\/wp\/v2\/comments?post=70885"}],"version-history":[{"count":28,"href":"https:\/\/www.bombersdv.es\/es\/wp-json\/wp\/v2\/pages\/70885\/revisions"}],"predecessor-version":[{"id":76298,"href":"https:\/\/www.bombersdv.es\/es\/wp-json\/wp\/v2\/pages\/70885\/revisions\/76298"}],"up":[{"embeddable":true,"href":"https:\/\/www.bombersdv.es\/es\/wp-json\/wp\/v2\/pages\/15126"}],"wp:attachment":[{"href":"https:\/\/www.bombersdv.es\/es\/wp-json\/wp\/v2\/media?parent=70885"}],"curies":[{"name":"wp","href":"https:\/\/api.w.org\/{rel}","templated":true}]}}