{"id":70891,"date":"2024-10-25T07:58:40","date_gmt":"2024-10-25T05:58:40","guid":{"rendered":"https:\/\/www.bombersdv.es\/?page_id=70891"},"modified":"2026-03-26T07:48:15","modified_gmt":"2026-03-26T06:48:15","slug":"2024-pi002-proceso-para-cubrir-por-promocion-interna-1-plaza-de-tecnico-de-gestion-administracion-general-subescala-de-gestion-grupo-a-subgrupo-a2-en-el-consorcio-provincial-de-bomberos-de-vale","status":"publish","type":"page","link":"https:\/\/www.bombersdv.es\/es\/oposiciones\/procesos-finalizados\/2024-pi002-proceso-para-cubrir-por-promocion-interna-1-plaza-de-tecnico-de-gestion-administracion-general-subescala-de-gestion-grupo-a-subgrupo-a2-en-el-consorcio-provincial-de-bomberos-de-vale\/","title":{"rendered":"2024\/PI002: Proceso para cubrir, por Promoci\u00f3n Interna, 1 plaza de T\u00e9cnico de Gesti\u00f3n, Administraci\u00f3n General, Subescala de Gesti\u00f3n, Grupo A Subgrupo A2, en el Consorcio Provincial de Bomberos de Valencia"},"content":{"rendered":"<p style=\"text-align: center;\"><div class=\"fusion-fullwidth fullwidth-box fusion-builder-row-1 nonhundred-percent-fullwidth non-hundred-percent-height-scrolling\" style=\"--awb-background-position:left top;--awb-border-radius-top-left:0px;--awb-border-radius-top-right:0px;--awb-border-radius-bottom-right:0px;--awb-border-radius-bottom-left:0px;--awb-padding-top:20px;--awb-padding-bottom:20px;--awb-border-sizes-top:0px;--awb-border-sizes-bottom:0px;--awb-flex-wrap:wrap;\" ><div class=\"fusion-builder-row fusion-row\"><div class=\"fusion-layout-column fusion_builder_column fusion-builder-column-0 fusion_builder_column_1_1 1_1 fusion-one-full fusion-column-first fusion-column-last fusion-column-no-min-height\" style=\"--awb-bg-size:cover;--awb-margin-bottom:0px;\"><div class=\"fusion-column-wrapper fusion-flex-column-wrapper-legacy\"><div class=\"fusion-title title fusion-title-1 fusion-sep-none fusion-title-text fusion-title-size-two\"><h2 class=\"fusion-title-heading title-heading-left fusion-responsive-typography-calculated\" style=\"margin:0;--fontSize:34;line-height:1.09;\">2024\/PI002: Proceso para cubrir, por Promoci\u00f3n Interna, 1 plaza de T\u00e9cnico de Gesti\u00f3n, Administraci\u00f3n General, Subescala de Gesti\u00f3n, Grupo A Subgrupo A2, en el Consorcio Provincial de Bomberos de Valencia<\/h2><\/div><div class=\"fusion-text fusion-text-1\"><div class=\"table-2\">\n<table style=\"height: 48px;\" width=\"100%\">\n<thead>\n<tr style=\"height: 24px;\">\n<th style=\"height: 24px; width: 69.0355%;\">Tr\u00e1mite<\/th>\n<th style=\"height: 24px; width: 6.52647%;\">Fecha<\/th>\n<th style=\"height: 24px; width: 23.7128%;\">Documento(s)<\/th>\n<\/tr>\n<\/thead>\n<tbody>\n<tr style=\"height: 24px;\">\n<td style=\"height: 24px; width: 69.0355%;\">\n<p>Bases<\/p>\n<p><span style=\"color: #ff0000;\">E<\/span><strong><span style=\"color: #ff0000;\">l plazo de presentaci\u00f3n de instancias empieza a partir de la publicaci\u00f3n del extracto de las bases en el Bolet\u00edn Oficial del Estado. Cualquier instancia presentada antes o despu\u00e9s de este plazo ser\u00e1 extempor\u00e1nea, as\u00ed como cualquier pago de la tasa por derechos de examen realizado antes o despu\u00e9s del t\u00e9rmino de presentaci\u00f3n de instancias. En consecuencia, tanto la instancia como el pago presentados en las circunstancias indicadas, ser\u00e1n no admitidos.<\/span> <\/strong><\/td>\n<td style=\"height: 24px; width: 6.52647%;\">25\/10\/2024<\/td>\n<td style=\"height: 24px; width: 23.7128%; text-align: center;\"><a href=\"https:\/\/www.bombersdv.es\/wp-content\/uploads\/2024\/10\/2024_PI-002-PUBLIC-BOP-BASES-TAG-PI-ES.pdf\" target=\"_blank\" rel=\"noopener\">Publicaci\u00f3n BOP<\/a><\/td>\n<\/tr>\n<tr style=\"height: 24px;\">\n<td style=\"height: 24px; width: 69.0355%;\">Publicaci\u00f3n DOGV<\/td>\n<td style=\"height: 24px; width: 6.52647%;\">15\/11\/2024<\/td>\n<td style=\"height: 24px; width: 23.7128%; text-align: center;\"><a href=\"https:\/\/www.bombersdv.es\/wp-content\/uploads\/2024\/11\/2024_PI002-TAG-PI_es.pdf\" target=\"_blank\" rel=\"noopener\">Publicaci\u00f3n DOGV<\/a><\/td>\n<\/tr>\n<tr>\n<td style=\"width: 69.0355%;\">Publicaci\u00f3n BOE<\/td>\n<td style=\"width: 6.52647%;\">30\/01\/2025<\/td>\n<td style=\"width: 23.7128%; text-align: center;\"><a href=\"https:\/\/www.bombersdv.es\/wp-content\/uploads\/2025\/01\/BOE-26-DE-30012025-TAG-INTER-1.pdf\" target=\"_blank\" rel=\"noopener\">Publicaci\u00f3n BOE<\/a><\/td>\n<\/tr>\n<tr>\n<td style=\"width: 69.0355%;\">El ingreso de la tasa se realizar\u00e1 mediante transferencia bancaria a la cuenta ES14 2100 4337 8802 0004 5460 o mediante tarjeta bancaria de cualquier entidad en los cajeros autom\u00e1ticos de CaixaBank indicando el C\u00f3digo de Entidad <em>08<\/em><em>46<\/em><em>670<\/em> Concepto: 2024\/PI002 <em>PLAZA <\/em><em>T\u00c9CNICO DE GESTI\u00d3N <\/em><em>PI<\/em> y el nombre y apellidos de la persona aspirante, utilizando, en su caso, el c\u00f3digo de barras que se adjunta.<\/td>\n<td style=\"width: 6.52647%;\">03\/02\/2025<\/td>\n<td style=\"width: 23.7128%; text-align: center;\">\n<p><a href=\"https:\/\/www.bombersdv.es\/wp-content\/uploads\/2025\/02\/2024_PI002-PLAZA-TECNICO-DE-GESTION-PI.pdf\" target=\"_blank\" rel=\"noopener\">C\u00f3digo de barras<\/a><\/p>\n<p><a href=\"https:\/\/www.bombersdv.es\/wp-content\/uploads\/2025\/02\/Intrucciones-PAGO-DERECHOS-EXAMEN.pdf\" target=\"_blank\" rel=\"noopener\">Instrucciones<\/a><\/td>\n<\/tr>\n<tr>\n<td style=\"width: 69.0355%;\">Lista provisional personas admitidas y excluidas, y designaci\u00f3n miembros OTS<\/td>\n<td style=\"width: 6.52647%;\">28\/05\/2025<\/td>\n<td style=\"width: 23.7128%; text-align: center;\"><a href=\"https:\/\/www.bombersdv.es\/wp-content\/uploads\/2025\/05\/2024_PI001-LISTA-PROV-TAG-PI-ES.pdf\" target=\"_blank\" rel=\"noopener\">Publicaci\u00f3n BOP<\/a><\/td>\n<\/tr>\n<tr>\n<td style=\"width: 69.0355%;\">Designaci\u00f3n nuevo miembro \u00d3rgano T\u00e9cnico de Selecci\u00f3n por renuncia<\/td>\n<td style=\"width: 6.52647%;\">11\/08\/2025<\/td>\n<td style=\"width: 23.7128%; text-align: center;\"><a href=\"https:\/\/www.bombersdv.es\/wp-content\/uploads\/2025\/08\/2024_PI002-TAG-modific-OTS-por-renuncia-MGP-ES-1.pdf\" target=\"_blank\" rel=\"noopener\">Publicaci\u00f3n BOP<\/a><\/td>\n<\/tr>\n<tr>\n<td style=\"width: 69.0355%;\">Lista definitiva personas admitidas y excluidas, y fecha de examen<\/td>\n<td style=\"width: 6.52647%;\">22\/08\/2025<\/td>\n<td style=\"width: 23.7128%; text-align: center;\"><a href=\"https:\/\/www.bombersdv.es\/wp-content\/uploads\/2025\/08\/2024_PI002-LISTA-DEF-Y-FECHA-EX-TAG-PI_ES.pdf\" target=\"_blank\" rel=\"noopener\">Publicaci\u00f3n BOP<\/a><\/td>\n<\/tr>\n<tr>\n<td style=\"width: 69.0355%;\">Anuncio del OTS: Fecha primer ejercicio y estimaci\u00f3n temporal del proceso selectivo<\/td>\n<td style=\"width: 6.52647%;\">24\/09\/2025<\/td>\n<td style=\"width: 23.7128%; text-align: center;\"><a href=\"https:\/\/www.bombersdv.es\/wp-content\/uploads\/2025\/09\/Anuncio-OTS-Copia-autentica.pdf\" target=\"_blank\" rel=\"noopener\">Anuncio OTS<\/a><\/td>\n<\/tr>\n<tr>\n<td style=\"width: 69.0355%;\">Anuncio del OTS: Calificaciones primer ejercicio y fecha segundo ejercicio<\/td>\n<td style=\"width: 6.52647%;\">08\/10\/2025<\/td>\n<td style=\"width: 23.7128%; text-align: center;\"><a href=\"https:\/\/www.bombersdv.es\/wp-content\/uploads\/2025\/10\/Anuncio-OTS-Copia-autentica-1.pdf\" target=\"_blank\" rel=\"noopener\">Anuncio OTS<\/a><\/td>\n<\/tr>\n<tr>\n<td style=\"width: 69.0355%;\">Anuncio del OTS: publicaci\u00f3n calificaciones segundo ejercicio y apertura del plazo de 10 d\u00edas h\u00e1biles para presentaci\u00f3n de m\u00e9ritos<\/td>\n<td style=\"width: 6.52647%;\">05\/11\/2025<\/td>\n<td style=\"width: 23.7128%; text-align: center;\"><a href=\"https:\/\/www.bombersdv.es\/wp-content\/uploads\/2025\/11\/Anuncio-OTS-Copia-autentica-1.pdf\" target=\"_blank\" rel=\"noopener\">Anuncio OTS<\/a><\/td>\n<\/tr>\n<tr>\n<td style=\"width: 69.0355%;\">Supuesto pr\u00e1ctico y plantilla de correcci\u00f3n<\/td>\n<td style=\"width: 6.52647%;\">05\/11\/2025<\/td>\n<td style=\"width: 23.7128%; text-align: center;\"><a href=\"https:\/\/www.bombersdv.es\/wp-content\/uploads\/2025\/11\/Caso-practico-materias-juridicas.pdf\" target=\"_blank\" rel=\"noopener\">Supuesto pr\u00e1ctico<\/a><\/td>\n<\/tr>\n<tr>\n<td style=\"width: 69.0355%;\">Baremaci\u00f3n provisional de m\u00e9ritos<\/td>\n<td style=\"width: 6.52647%;\">24\/11\/2025<\/td>\n<td style=\"width: 23.7128%; text-align: center;\"><a href=\"https:\/\/www.bombersdv.es\/wp-content\/uploads\/2025\/11\/Anuncio-OTS-Copia-autentica-1-1.pdf\" target=\"_blank\" rel=\"noopener\">Anuncio OTS<\/a><\/td>\n<\/tr>\n<tr>\n<td style=\"width: 69.0355%;\">Puntuaciones definitivas y propuesta de nombramiento<\/td>\n<td style=\"width: 6.52647%;\">10\/12\/2025<\/td>\n<td style=\"width: 23.7128%; text-align: center;\"><a href=\"https:\/\/www.bombersdv.es\/wp-content\/uploads\/2025\/12\/Anuncio-OTS-Copia-autentica-1.pdf\" target=\"_blank\" rel=\"noopener\">Anuncio OTS<\/a><\/td>\n<\/tr>\n<tr>\n<td style=\"width: 69.0355%;\">Publicaci\u00f3n BOP nombramiento funcionario\/a de carrera<\/td>\n<td style=\"width: 6.52647%;\">13\/03\/2026<\/td>\n<td style=\"width: 23.7128%; text-align: center;\"><a href=\"https:\/\/www.bombersdv.es\/wp-content\/uploads\/2026\/03\/Public-BOP-NOMB-FC-TEC-GEST-crs-CS.pdf\" target=\"_blank\" rel=\"noopener\">Publicaci\u00f3n BOP<\/a><\/td>\n<\/tr>\n<\/tbody>\n<\/table>\n<\/div><div class=\"fusion-clearfix\"><\/div><\/div><\/div><\/div><\/div><\/p>\n<\/div>\n","protected":false},"excerpt":{"rendered":"","protected":false},"author":192,"featured_media":0,"parent":15127,"menu_order":0,"comment_status":"closed","ping_status":"closed","template":"","meta":{"footnotes":""},"class_list":["post-70891","page","type-page","status-publish","hentry"],"_links":{"self":[{"href":"https:\/\/www.bombersdv.es\/es\/wp-json\/wp\/v2\/pages\/70891"}],"collection":[{"href":"https:\/\/www.bombersdv.es\/es\/wp-json\/wp\/v2\/pages"}],"about":[{"href":"https:\/\/www.bombersdv.es\/es\/wp-json\/wp\/v2\/types\/page"}],"author":[{"embeddable":true,"href":"https:\/\/www.bombersdv.es\/es\/wp-json\/wp\/v2\/users\/192"}],"replies":[{"embeddable":true,"href":"https:\/\/www.bombersdv.es\/es\/wp-json\/wp\/v2\/comments?post=70891"}],"version-history":[{"count":20,"href":"https:\/\/www.bombersdv.es\/es\/wp-json\/wp\/v2\/pages\/70891\/revisions"}],"predecessor-version":[{"id":75938,"href":"https:\/\/www.bombersdv.es\/es\/wp-json\/wp\/v2\/pages\/70891\/revisions\/75938"}],"up":[{"embeddable":true,"href":"https:\/\/www.bombersdv.es\/es\/wp-json\/wp\/v2\/pages\/15127"}],"wp:attachment":[{"href":"https:\/\/www.bombersdv.es\/es\/wp-json\/wp\/v2\/media?parent=70891"}],"curies":[{"name":"wp","href":"https:\/\/api.w.org\/{rel}","templated":true}]}}