{"id":71487,"date":"2024-12-09T09:07:20","date_gmt":"2024-12-09T08:07:20","guid":{"rendered":"https:\/\/www.bombersdv.es\/?page_id=71487"},"modified":"2026-03-03T14:13:47","modified_gmt":"2026-03-03T13:13:47","slug":"2024-cem002-convocatoria-provision-del-puesto-de-trabajo-cb-28-jefe-de-parque-auxiliar-concurso-de-traslados-y-bolsa","status":"publish","type":"page","link":"https:\/\/www.bombersdv.es\/es\/oposiciones\/procesos-finalizados\/2024-cem002-convocatoria-provision-del-puesto-de-trabajo-cb-28-jefe-de-parque-auxiliar-concurso-de-traslados-y-bolsa\/","title":{"rendered":"2024\/CEM002: Convocatoria provisi\u00f3n del puesto de trabajo CB-28 Jefe de Parque Auxiliar, concurso de Traslados y Bolsa"},"content":{"rendered":"<p><div class=\"fusion-fullwidth fullwidth-box fusion-builder-row-1 fusion-flex-container nonhundred-percent-fullwidth non-hundred-percent-height-scrolling\" style=\"--awb-border-radius-top-left:0px;--awb-border-radius-top-right:0px;--awb-border-radius-bottom-right:0px;--awb-border-radius-bottom-left:0px;--awb-flex-wrap:wrap;\" ><div class=\"fusion-builder-row fusion-row fusion-flex-align-items-flex-start fusion-flex-content-wrap\" style=\"max-width:1248px;margin-left: calc(-4% \/ 2 );margin-right: calc(-4% \/ 2 );\"><div class=\"fusion-layout-column fusion_builder_column fusion-builder-column-0 fusion_builder_column_1_1 1_1 fusion-flex-column\" style=\"--awb-bg-size:cover;--awb-width-large:100%;--awb-margin-top-large:0px;--awb-spacing-right-large:1.92%;--awb-margin-bottom-large:0px;--awb-spacing-left-large:1.92%;--awb-width-medium:100%;--awb-spacing-right-medium:1.92%;--awb-spacing-left-medium:1.92%;--awb-width-small:100%;--awb-spacing-right-small:1.92%;--awb-spacing-left-small:1.92%;\"><div class=\"fusion-column-wrapper fusion-flex-justify-content-flex-start fusion-content-layout-column\"><div class=\"fusion-text fusion-text-1\"><p style=\"text-align: center;\">\n<\/div><\/div><\/div><\/div><\/div><div class=\"fusion-fullwidth fullwidth-box fusion-builder-row-2 nonhundred-percent-fullwidth non-hundred-percent-height-scrolling\" style=\"--awb-background-position:left top;--awb-border-sizes-top:0px;--awb-border-sizes-bottom:0px;--awb-border-sizes-left:0px;--awb-border-sizes-right:0px;--awb-border-radius-top-left:0px;--awb-border-radius-top-right:0px;--awb-border-radius-bottom-right:0px;--awb-border-radius-bottom-left:0px;--awb-padding-top:20px;--awb-padding-bottom:20px;--awb-flex-wrap:wrap;\" ><div class=\"fusion-builder-row fusion-row\"><div class=\"fusion-layout-column fusion_builder_column fusion-builder-column-1 fusion_builder_column_1_1 1_1 fusion-one-full fusion-column-first fusion-column-last fusion-column-no-min-height\" style=\"--awb-bg-size:cover;--awb-margin-bottom:0px;\"><div class=\"fusion-column-wrapper fusion-flex-column-wrapper-legacy\"><div class=\"fusion-title title fusion-title-1 fusion-sep-none fusion-title-text fusion-title-size-two\"><h2 class=\"fusion-title-heading title-heading-left fusion-responsive-typography-calculated\" style=\"margin:0;--fontSize:34;line-height:1.09;\">2024\/CEM002: Convocatoria provisi\u00f3n del puesto de trabajo CB-28 Jefe de Parque Auxiliar, concurso de Traslados y Bolsa<\/p><\/h2><\/div><div class=\"fusion-text fusion-text-2\"><p><div class=\"fusion-text fusion-text-2\"><\/div><div class=\"fusion-text fusion-text-3\"><\/div><\/p>\n<div class=\"table-2\">\n<table style=\"height: 48px;\" width=\"100%\">\n<thead>\n<tr style=\"height: 24px;\">\n<th style=\"height: 24px; width: 73.9551%;\">Tr\u00e1mite<\/th>\n<th style=\"height: 24px; width: 5.82366%;\">Fecha<\/th>\n<th style=\"height: 24px; width: 19.496%;\">Documento(s)<\/th>\n<\/tr>\n<\/thead>\n<tbody>\n<tr style=\"height: 24px;\">\n<td style=\"height: 24px; width: 73.9551%;\">Bases<\/td>\n<td style=\"height: 24px; width: 5.82366%;\">09\/12\/2024<\/td>\n<td style=\"height: 24px; width: 19.496%; text-align: center;\"><a href=\"https:\/\/www.bombersdv.es\/wp-content\/uploads\/2024\/12\/2024_CEM001_BASES-modificadas-castellano-14-oct-1.pdf\" target=\"_blank\" rel=\"noopener\">Bases<\/a><\/td>\n<\/tr>\n<tr style=\"height: 24px;\">\n<td style=\"height: 24px; width: 73.9551%;\">\n<p>Decreto convocatoria<\/p>\n<p><span style=\"color: #ff0000;\">La fecha de la Cuarta Edici\u00f3n de la convocatoria se fija el d\u00eda 15 de enero de 2025, momento en el que se abrir\u00e1 el plazo de presentaci\u00f3n de instancias<\/span><\/td>\n<td style=\"height: 24px; width: 5.82366%;\">09\/12\/2024<\/td>\n<td style=\"height: 24px; width: 19.496%; text-align: center;\"><a href=\"https:\/\/www.bombersdv.es\/wp-content\/uploads\/2024\/12\/2024_CE001-Decreto-convocatoria.pdf\" target=\"_blank\" rel=\"noopener\">Decreto<\/a><\/td>\n<\/tr>\n<tr style=\"height: 120px;\">\n<td style=\"width: 73.9551%; height: 120px;\">\n<p>Instancia<\/p>\n<p><span style=\"color: #ff00ff;\">Las instancias presentadas antes del d\u00eda 15 de enero de 2025 no ser\u00e1 v\u00e1lidas y no se podr\u00e1n tener en cuenta en el proceso &#8211; Actualizadas plazas objeto de provisi\u00f3n definitiva 24\/01\/2025<br \/>\n<\/span><\/td>\n<td style=\"width: 5.82366%; height: 120px;\">09\/12\/2024<\/td>\n<td style=\"width: 19.496%; text-align: center; height: 120px;\"><a href=\"https:\/\/www.bombersdv.es\/wp-content\/uploads\/2025\/01\/INST-CT-JEF-P-AUX-CAST-sin-fecha.pdf\" target=\"_blank\" rel=\"noopener\">Instancia<\/a><\/td>\n<\/tr>\n<tr style=\"height: 24px;\">\n<td style=\"width: 73.9551%; height: 24px;\">Actualizaci\u00f3n vacantes provisi\u00f3n definitiva<\/td>\n<td style=\"width: 5.82366%; height: 24px;\">24\/01\/2025<\/td>\n<td style=\"width: 19.496%; text-align: center; height: 24px;\"><a href=\"https:\/\/www.bombersdv.es\/wp-content\/uploads\/2025\/01\/Actualizacion-Vacantes-Jefatura-Parque-Auxiliar-Copia-autentica.pdf\" target=\"_blank\" rel=\"noopener\">Anuncio RRHH<\/a><\/td>\n<\/tr>\n<tr style=\"height: 24px;\">\n<td style=\"width: 73.9551%; height: 24px;\">Lista provisional personas admitidas y excluidas y designaci\u00f3n miembros Comisi\u00f3n de Valoraci\u00f3n<\/td>\n<td style=\"width: 5.82366%; height: 24px;\">29\/04\/2025<\/td>\n<td style=\"width: 19.496%; text-align: center; height: 24px;\"><a href=\"https:\/\/www.bombersdv.es\/wp-content\/uploads\/2025\/04\/CONC-JEFE-P-AUX-1.pdf\" target=\"_blank\" rel=\"noopener\">Decreto<\/a><\/td>\n<\/tr>\n<tr style=\"height: 24px;\">\n<td style=\"width: 73.9551%; height: 24px;\">Rectificaci\u00f3n lista provisional<\/td>\n<td style=\"width: 5.82366%; height: 24px;\">08\/05\/2025<\/td>\n<td style=\"width: 19.496%; text-align: center; height: 24px;\"><a href=\"https:\/\/www.bombersdv.es\/wp-content\/uploads\/2025\/05\/2024_CEM-002-modif-lista-aspirantes.pdf\" target=\"_blank\" rel=\"noopener\">Decreto<\/a><\/td>\n<\/tr>\n<tr style=\"height: 24px;\">\n<td style=\"width: 73.9551%; height: 24px;\">Diligencia elevaci\u00f3n lista provisional a definitiva<\/td>\n<td style=\"width: 5.82366%; height: 24px;\">30\/05\/2025<\/td>\n<td style=\"width: 19.496%; text-align: center; height: 24px;\"><a href=\"https:\/\/www.bombersdv.es\/wp-content\/uploads\/2025\/05\/Diligencia-elevar-a-definitiva-el-listado-de-admitidos-en-el-proceso-CB.28.pdf\" target=\"_blank\" rel=\"noopener\">Diligencia<\/a><\/td>\n<\/tr>\n<tr style=\"height: 48px;\">\n<td style=\"width: 73.9551%; height: 48px;\">Anuncio de la Comisi\u00f3n de Valoraci\u00f3n por la que se hace p\u00fablica la Relaci\u00f3 Provisional y convocatoria exposici\u00f3n Memoria<\/td>\n<td style=\"width: 5.82366%; height: 48px;\">22\/10\/2025<\/td>\n<td style=\"width: 19.496%; text-align: center; height: 48px;\"><a href=\"https:\/\/www.bombersdv.es\/wp-content\/uploads\/2025\/10\/2024_CM002Anuncio-de-la-Comision-de-Valoracion-por-la-que-se-hace-publica-la-Relacion-Provisional-y-convocatoria-exposicion-Memoria-Copia-autentica-1.pdf\" target=\"_blank\" rel=\"noopener\">Anuncio<\/a><\/td>\n<\/tr>\n<tr style=\"height: 48px;\">\n<td style=\"width: 73.9551%; height: 48px;\">Anuncio de la Comisi\u00f3n de Valoraci\u00f3n por la que se eleva a definitiva la puntuaci\u00f3n obtenida en la Primera Fase de M\u00e9ritos Generales y se reitera la convocatoria exposici\u00f3n Memoria<\/td>\n<td style=\"width: 5.82366%; height: 48px;\">30\/10\/2025<\/td>\n<td style=\"width: 19.496%; text-align: center; height: 48px;\"><a href=\"https:\/\/www.bombersdv.es\/wp-content\/uploads\/2025\/10\/2024_CEM002_2o-Anuncio-resultados-definitivos-1a-fase_convocat-entrevista-Copia-autentica.pdf\" target=\"_blank\" rel=\"noopener\">Anuncio<\/a><\/td>\n<\/tr>\n<tr style=\"height: 48px;\">\n<td style=\"width: 73.9551%; height: 48px;\">Anuncio de la Comisi\u00f3n de Valoraci\u00f3n: resultados provisionales m\u00e9ritos espec\u00edficos y adjudicaci\u00f3n provisional de destinos<\/td>\n<td style=\"width: 5.82366%; height: 48px;\">03\/11\/2025<\/td>\n<td style=\"width: 19.496%; text-align: center; height: 48px;\"><a href=\"https:\/\/www.bombersdv.es\/wp-content\/uploads\/2025\/11\/2024_CEM2_Anuncio-provisional-Fase-2a-y-resumen-global-3-11-2025-Copia-autentica.pdf\" target=\"_blank\" rel=\"noopener\">Anuncio<\/a><\/td>\n<\/tr>\n<tr style=\"height: 24px;\">\n<td style=\"width: 73.9551%; height: 24px;\">Anuncio de la Comisi\u00f3n de Valoraci\u00f3n: resultados definitivos y adjudicaci\u00f3n destinos<\/td>\n<td style=\"width: 5.82366%; height: 24px;\">17\/11\/2025<\/td>\n<td style=\"width: 19.496%; text-align: center; height: 24px;\"><a href=\"https:\/\/www.bombersdv.es\/wp-content\/uploads\/2025\/11\/2024_CEM_Anuncio-def-2025_SCVP_CVPTJPA_ADJUD-DEF.pdf\" target=\"_blank\" rel=\"noopener\">Anuncio<\/a><\/td>\n<\/tr>\n<tr>\n<td style=\"width: 73.9551%;\">Decreto constituci\u00f3n bolsa<\/td>\n<td style=\"width: 5.82366%;\">22\/12\/2025<\/td>\n<td style=\"width: 19.496%; text-align: center;\"><a href=\"https:\/\/www.bombersdv.es\/wp-content\/uploads\/2025\/12\/2024_CEM002_Constituc-bolsa-Jefe-Parque-Aux.pdf\" target=\"_blank\" rel=\"noopener\">Anuncio RRHH<\/a><\/td>\n<\/tr>\n<\/tbody>\n<\/table>\n<\/div>\n<\/div><div class=\"fusion-clearfix\"><\/div><\/div><\/div><\/div><\/div><div class=\"fusion-fullwidth fullwidth-box fusion-builder-row-3 fusion-flex-container nonhundred-percent-fullwidth non-hundred-percent-height-scrolling\" style=\"--awb-border-radius-top-left:0px;--awb-border-radius-top-right:0px;--awb-border-radius-bottom-right:0px;--awb-border-radius-bottom-left:0px;--awb-flex-wrap:wrap;\" ><div class=\"fusion-builder-row fusion-row fusion-flex-align-items-flex-start fusion-flex-content-wrap\" style=\"max-width:1248px;margin-left: calc(-4% \/ 2 );margin-right: calc(-4% \/ 2 );\"><div class=\"fusion-layout-column fusion_builder_column fusion-builder-column-2 fusion_builder_column_1_1 1_1 fusion-flex-column\" style=\"--awb-bg-size:cover;--awb-width-large:100%;--awb-margin-top-large:0px;--awb-spacing-right-large:1.92%;--awb-margin-bottom-large:0px;--awb-spacing-left-large:1.92%;--awb-width-medium:100%;--awb-spacing-right-medium:1.92%;--awb-spacing-left-medium:1.92%;--awb-width-small:100%;--awb-spacing-right-small:1.92%;--awb-spacing-left-small:1.92%;\"><div class=\"fusion-column-wrapper fusion-flex-justify-content-flex-start fusion-content-layout-column\"><div class=\"fusion-text fusion-text-5\"><\/div><\/div><\/div><\/div><\/div><\/p>\n","protected":false},"excerpt":{"rendered":"","protected":false},"author":1642,"featured_media":0,"parent":15127,"menu_order":0,"comment_status":"closed","ping_status":"closed","template":"","meta":{"footnotes":""},"class_list":["post-71487","page","type-page","status-publish","hentry"],"_links":{"self":[{"href":"https:\/\/www.bombersdv.es\/es\/wp-json\/wp\/v2\/pages\/71487"}],"collection":[{"href":"https:\/\/www.bombersdv.es\/es\/wp-json\/wp\/v2\/pages"}],"about":[{"href":"https:\/\/www.bombersdv.es\/es\/wp-json\/wp\/v2\/types\/page"}],"author":[{"embeddable":true,"href":"https:\/\/www.bombersdv.es\/es\/wp-json\/wp\/v2\/users\/1642"}],"replies":[{"embeddable":true,"href":"https:\/\/www.bombersdv.es\/es\/wp-json\/wp\/v2\/comments?post=71487"}],"version-history":[{"count":19,"href":"https:\/\/www.bombersdv.es\/es\/wp-json\/wp\/v2\/pages\/71487\/revisions"}],"predecessor-version":[{"id":74850,"href":"https:\/\/www.bombersdv.es\/es\/wp-json\/wp\/v2\/pages\/71487\/revisions\/74850"}],"up":[{"embeddable":true,"href":"https:\/\/www.bombersdv.es\/es\/wp-json\/wp\/v2\/pages\/15127"}],"wp:attachment":[{"href":"https:\/\/www.bombersdv.es\/es\/wp-json\/wp\/v2\/media?parent=71487"}],"curies":[{"name":"wp","href":"https:\/\/api.w.org\/{rel}","templated":true}]}}