{"id":71612,"date":"2024-12-12T07:35:28","date_gmt":"2024-12-12T06:35:28","guid":{"rendered":"https:\/\/www.bombersdv.es\/?page_id=71612"},"modified":"2025-10-29T07:55:13","modified_gmt":"2025-10-29T06:55:13","slug":"2024-op003-proceso-para-cubrir-por-turno-libre-una-plaza-a2-de-arquitecto-a-tecnico-a-en-el-consorcio-provincial-de-bomberos-de-valencia","status":"publish","type":"page","link":"https:\/\/www.bombersdv.es\/es\/oposiciones\/procesos-en-marcha\/2024-op003-proceso-para-cubrir-por-turno-libre-una-plaza-a2-de-arquitecto-a-tecnico-a-en-el-consorcio-provincial-de-bomberos-de-valencia\/","title":{"rendered":"2024\/OP003: Proceso para cubrir, por Turno Libre, una plaza A2 de Arquitecto\/a T\u00e9cnico\/a, en el Consorcio Provincial de Bomberos de Valencia"},"content":{"rendered":"<div class=\"fusion-fullwidth fullwidth-box fusion-builder-row-1 nonhundred-percent-fullwidth non-hundred-percent-height-scrolling\" style=\"--awb-background-position:left top;--awb-border-radius-top-left:0px;--awb-border-radius-top-right:0px;--awb-border-radius-bottom-right:0px;--awb-border-radius-bottom-left:0px;--awb-padding-top:20px;--awb-padding-bottom:20px;--awb-border-sizes-top:0px;--awb-border-sizes-bottom:0px;--awb-flex-wrap:wrap;\" ><div class=\"fusion-builder-row fusion-row\"><div class=\"fusion-layout-column fusion_builder_column fusion-builder-column-0 fusion_builder_column_1_1 1_1 fusion-one-full fusion-column-first fusion-column-last fusion-column-no-min-height\" style=\"--awb-bg-size:cover;--awb-margin-bottom:0px;\"><div class=\"fusion-column-wrapper fusion-flex-column-wrapper-legacy\"><div class=\"fusion-title title fusion-title-1 fusion-sep-none fusion-title-text fusion-title-size-two\"><h2 class=\"fusion-title-heading title-heading-left fusion-responsive-typography-calculated\" style=\"margin:0;--fontSize:34;line-height:1.09;\">2024\/OP003: Proceso para cubrir, por Turno Libre, una plaza A2 de Arquitecto\/a T\u00e9cnico\/a, en el Consorcio Provincial de Bomberos de Valencia<\/h2><\/div><div class=\"fusion-text fusion-text-1\"><\/div>\n<div class=\"table-2\">\n<table style=\"height: 48px;\" width=\"100%\">\n<thead>\n<tr style=\"height: 24px;\">\n<th style=\"height: 24px; width: 70.2403%;\">Tr\u00e1mite<\/th>\n<th style=\"height: 24px; width: 8.6349%;\">Fecha<\/th>\n<th style=\"height: 24px; width: 20.3995%;\">Documento(s)<\/th>\n<\/tr>\n<\/thead>\n<tbody>\n<tr style=\"height: 24px;\">\n<td style=\"height: 24px; width: 70.2403%;\">\n<p>Bases<\/p>\n<p><span style=\"color: #ff0000;\">E<\/span><strong><span style=\"color: #ff0000;\">l plazo de presentaci\u00f3n de instancias empieza a partir de la publicaci\u00f3n del extracto de las bases en el Bolet\u00edn Oficial del Estado. Cualquier instancia presentada antes o despu\u00e9s de este plazo ser\u00e1 extempor\u00e1nea, as\u00ed como cualquier pago de la tasa por derechos de examen realizado antes o despu\u00e9s del t\u00e9rmino de presentaci\u00f3n de instancias. En consecuencia, tanto la instancia como el pago presentados en las circunstancias indicadas, ser\u00e1n no admitidos.<\/span> <\/strong><\/td>\n<td style=\"height: 24px; width: 8.6349%;\">12\/12\/2024<\/td>\n<td style=\"height: 24px; width: 20.3995%; text-align: center;\"><a href=\"https:\/\/www.bombersdv.es\/wp-content\/uploads\/2024\/12\/2024_OP004-PUB-BOP-BASES-ARQ-TEC-cas.pdf\" target=\"_blank\" rel=\"noopener\">Bases<\/a><\/td>\n<\/tr>\n<tr>\n<td style=\"width: 70.2403%;\">Publicaci\u00f3n DOGV<\/td>\n<td style=\"width: 8.6349%;\">08\/01\/2025<\/td>\n<td style=\"width: 20.3995%; text-align: center;\"><a href=\"https:\/\/www.bombersdv.es\/wp-content\/uploads\/2025\/01\/2024_OP003-ARQUIT-TEC_es.pdf\" target=\"_blank\" rel=\"noopener\">Publicaci\u00f3n DOGV<\/a><\/td>\n<\/tr>\n<tr>\n<td style=\"width: 70.2403%;\">Publicaci\u00f3n BOE<\/td>\n<td style=\"width: 8.6349%;\">30\/01\/2025<\/td>\n<td style=\"width: 20.3995%; text-align: center;\"><a href=\"https:\/\/www.bombersdv.es\/wp-content\/uploads\/2025\/01\/BOE-26-DE-30012025-ARQU.pdf\" target=\"_blank\" rel=\"noopener\">Publicaci\u00f3n BOE<\/a><\/td>\n<\/tr>\n<tr>\n<td style=\"width: 70.2403%;\">El ingreso de la tasa se realizar\u00e1 mediante transferencia bancaria a la cuenta ES14 2100 4337 8802 0004 5460 o mediante tarjeta bancaria de cualquier entidad en los cajeros autom\u00e1ticos de CaixaBank indicando el C\u00f3digo de Entidad <em>08<\/em><em>46<\/em><em>681<\/em> Concepto: 2024\/OP003 <em>PLAZA <\/em><em>ARQUITECTO T\u00c9CNICO<\/em> y el nombre y apellidos de la persona aspirante, utilizando, en su caso, el c\u00f3digo de barras que se adjunta.<\/td>\n<td style=\"width: 8.6349%;\">03\/02\/2025<\/td>\n<td style=\"width: 20.3995%; text-align: center;\">\n<p><a href=\"https:\/\/www.bombersdv.es\/wp-content\/uploads\/2025\/02\/2024_OP003-PLAZA-ARQUITECTO-TECNICO.pdf\" target=\"_blank\" rel=\"noopener\">C\u00f3digo de barras<\/a><\/p>\n<p><a href=\"https:\/\/www.bombersdv.es\/wp-content\/uploads\/2025\/02\/Intrucciones-PAGO-DERECHOS-EXAMEN.pdf\" target=\"_blank\" rel=\"noopener\">Instrucciones<\/a><\/td>\n<\/tr>\n<tr>\n<td style=\"width: 70.2403%;\">Anuncio BOP lista provisional personas admitidas y\u00a0 excluidas y designaci\u00f3n miembros OTS<\/td>\n<td style=\"width: 8.6349%;\">29\/10\/2025<\/td>\n<td style=\"width: 20.3995%; text-align: center;\"><a href=\"https:\/\/www.bombersdv.es\/wp-content\/uploads\/2025\/10\/2024_OP003-Public-BOP-lista-provisional-PS-1-plaza-arquitecto-tecnicoCS.pdf\" target=\"_blank\" rel=\"noopener\">Publicaci\u00f3n BOP<\/a><\/td>\n<\/tr>\n<\/tbody>\n<\/table>\n<p>ion_text]<div class=\"fusion-clearfix\"><\/div><\/div><\/div><\/div><\/div>\n<\/div>\n","protected":false},"excerpt":{"rendered":"","protected":false},"author":192,"featured_media":0,"parent":15126,"menu_order":0,"comment_status":"closed","ping_status":"closed","template":"","meta":{"footnotes":""},"class_list":["post-71612","page","type-page","status-publish","hentry"],"_links":{"self":[{"href":"https:\/\/www.bombersdv.es\/es\/wp-json\/wp\/v2\/pages\/71612"}],"collection":[{"href":"https:\/\/www.bombersdv.es\/es\/wp-json\/wp\/v2\/pages"}],"about":[{"href":"https:\/\/www.bombersdv.es\/es\/wp-json\/wp\/v2\/types\/page"}],"author":[{"embeddable":true,"href":"https:\/\/www.bombersdv.es\/es\/wp-json\/wp\/v2\/users\/192"}],"replies":[{"embeddable":true,"href":"https:\/\/www.bombersdv.es\/es\/wp-json\/wp\/v2\/comments?post=71612"}],"version-history":[{"count":10,"href":"https:\/\/www.bombersdv.es\/es\/wp-json\/wp\/v2\/pages\/71612\/revisions"}],"predecessor-version":[{"id":74456,"href":"https:\/\/www.bombersdv.es\/es\/wp-json\/wp\/v2\/pages\/71612\/revisions\/74456"}],"up":[{"embeddable":true,"href":"https:\/\/www.bombersdv.es\/es\/wp-json\/wp\/v2\/pages\/15126"}],"wp:attachment":[{"href":"https:\/\/www.bombersdv.es\/es\/wp-json\/wp\/v2\/media?parent=71612"}],"curies":[{"name":"wp","href":"https:\/\/api.w.org\/{rel}","templated":true}]}}