{"id":71995,"date":"2025-01-17T07:51:36","date_gmt":"2025-01-17T06:51:36","guid":{"rendered":"https:\/\/www.bombersdv.es\/?page_id=71995"},"modified":"2025-06-03T12:52:43","modified_gmt":"2025-06-03T10:52:43","slug":"2025-ld001-proceso-para-la-cobertura-del-puesto-de-trabajo-cb-01-inspector-a-jefe-a-del-cuerpo-de-bomberos-del-consorcio-provincial-de-bomberos-de-valencia-por-el-sistema-de-libre-designacion","status":"publish","type":"page","link":"https:\/\/www.bombersdv.es\/es\/oposiciones\/procesos-finalizados\/2025-ld001-proceso-para-la-cobertura-del-puesto-de-trabajo-cb-01-inspector-a-jefe-a-del-cuerpo-de-bomberos-del-consorcio-provincial-de-bomberos-de-valencia-por-el-sistema-de-libre-designacion\/","title":{"rendered":"2025\/LD001: Proceso para la cobertura del  puesto de trabajo CB-01 Inspector\/a Jefe\/a del Cuerpo de Bomberos del Consorcio Provincial de Bomberos de Valencia por el sistema de Libre Designaci\u00f3n."},"content":{"rendered":"<div class=\"fusion-fullwidth fullwidth-box fusion-builder-row-1 nonhundred-percent-fullwidth non-hundred-percent-height-scrolling\" style=\"--awb-background-position:left top;--awb-border-radius-top-left:0px;--awb-border-radius-top-right:0px;--awb-border-radius-bottom-right:0px;--awb-border-radius-bottom-left:0px;--awb-padding-top:20px;--awb-padding-bottom:20px;--awb-border-sizes-top:0px;--awb-border-sizes-bottom:0px;--awb-flex-wrap:wrap;\" ><div class=\"fusion-builder-row fusion-row\"><div class=\"fusion-layout-column fusion_builder_column fusion-builder-column-0 fusion_builder_column_1_1 1_1 fusion-one-full fusion-column-first fusion-column-last fusion-column-no-min-height\" style=\"--awb-bg-size:cover;--awb-margin-bottom:0px;\"><div class=\"fusion-column-wrapper fusion-flex-column-wrapper-legacy\"><div class=\"fusion-title title fusion-title-1 fusion-sep-none fusion-title-text fusion-title-size-two\"><h2 class=\"fusion-title-heading title-heading-left fusion-responsive-typography-calculated\" style=\"margin:0;--fontSize:34;line-height:1.09;\">2025\/LD001: Proceso para la cobertura del puesto de trabajo CB-01 Inspector\/a Jefe\/a del Cuerpo de Bomberos del Consorcio Provincial de Bomberos de Valencia por el sistema de Libre Designaci\u00f3n.<\/h2><\/div><div class=\"fusion-text fusion-text-1\"><div class=\"table-2\">\n<table style=\"height: 240px;\" width=\"100%\">\n<thead>\n<tr style=\"height: 24px;\">\n<th style=\"height: 24px; width: 76.1421%;\">Tr\u00e1mite<\/th>\n<th style=\"height: 24px; width: 6.59899%;\">Fecha<\/th>\n<th style=\"height: 24px; width: 16.0986%;\">Documento(s)<\/th>\n<td style=\"height: 24px; width: 0.290065%;\"><\/td>\n<\/tr>\n<\/thead>\n<tbody>\n<tr style=\"height: 48px;\">\n<td style=\"height: 48px; width: 76.1421%;\">Publicaci\u00f3n BOPV de las Bases que regulan el proceso 2024\/LD001 para la cobertura del puesto de trabajo CB-01 Inspector\/a Jefe\/a del Cuerpo de Bomberos del Consorcio Provincial de Bomberos de Valencia por el sistema de Libre Designaci\u00f3n.<\/td>\n<td style=\"height: 48px; width: 6.59899%;\">17\/01\/2025<\/td>\n<td style=\"height: 48px; width: 16.0986%;\"><a href=\"https:\/\/www.bombersdv.es\/wp-content\/uploads\/2025\/01\/BASE-2025_LD001_ES.pdf\" target=\"_blank\" rel=\"noopener\">Bases<\/a><\/td>\n<td style=\"height: 48px; width: 0.290065%;\"><\/td>\n<\/tr>\n<tr style=\"height: 74px;\">\n<td style=\"width: 76.1421%; height: 74px;\">Publicaci\u00f3n BOPV correcci\u00f3n error fecha Decreto aprobaci\u00f3n bases y convocatoria<\/td>\n<td style=\"width: 6.59899%; height: 74px;\">21\/01\/2025<\/td>\n<td style=\"width: 16.0986%; height: 74px;\"><a href=\"https:\/\/www.bombersdv.es\/wp-content\/uploads\/2025\/01\/2025_LD001-correc-errores-fecha-Dto-C.pdf\" target=\"_blank\" rel=\"noopener\">Publicaci\u00f3n BOP<\/a><\/td>\n<td style=\"width: 0.290065%; height: 74px;\"><\/td>\n<\/tr>\n<tr style=\"height: 24px;\">\n<td style=\"width: 76.1421%; height: 24px;\">Publicaci\u00f3n DOGV extracto convocatoria<\/td>\n<td style=\"width: 6.59899%; height: 24px;\">23\/01\/2025<\/td>\n<td style=\"width: 16.0986%; height: 24px;\"><a href=\"https:\/\/www.bombersdv.es\/wp-content\/uploads\/2025\/01\/LD2025_001-INSPECTOR-JEFE-PUB-CONV-DOGV-cast.pdf\" target=\"_blank\" rel=\"noopener\">Publicaci\u00f3n DOGV<\/a><\/td>\n<td style=\"width: 0.290065%; height: 24px;\"><\/td>\n<\/tr>\n<tr style=\"height: 24px;\">\n<td style=\"width: 76.1421%; height: 24px;\">Publicaci\u00f3n BOE<\/td>\n<td style=\"width: 6.59899%; height: 24px;\">01\/02\/2025<\/td>\n<td style=\"width: 16.0986%; height: 24px;\"><a href=\"https:\/\/www.bombersdv.es\/wp-content\/uploads\/2025\/02\/BOE-A-2025-1834-LD-INSPECTOR.pdf\" target=\"_blank\" rel=\"noopener\">Publicaci\u00f3n BOE<\/a><\/td>\n<td style=\"width: 0.290065%; height: 24px;\"><\/td>\n<\/tr>\n<tr style=\"height: 24px;\">\n<td style=\"width: 76.1421%; height: 24px;\">Anuncio designaci\u00f3n miembros Comisi\u00f3n de Valoraci\u00f3n y relaci\u00f3n personas presentadas<\/td>\n<td style=\"width: 6.59899%; height: 24px;\">14\/04\/2025<\/td>\n<td style=\"width: 16.0986%; height: 24px;\"><a href=\"https:\/\/www.bombersdv.es\/wp-content\/uploads\/2025\/04\/2025_LD001_INSPECT-JEFE_ES.pdf\" target=\"_blank\" rel=\"noopener\">Anuncio BOP<\/a><\/td>\n<td style=\"width: 0.290065%; height: 24px;\"><\/td>\n<\/tr>\n<tr style=\"height: 26px;\">\n<td style=\"width: 76.1421%; height: 25px;\">Anuncio de la Comisi\u00f3n de Valoraci\u00f3n- Citaci\u00f3n entrevista<\/td>\n<td style=\"width: 6.59899%; height: 25px;\">30\/04\/2025<\/td>\n<td style=\"width: 16.0986%; height: 25px;\"><a href=\"https:\/\/www.bombersdv.es\/wp-content\/uploads\/2025\/04\/CB-01-2025ld001-anunci-2025-04-30-09-00-Copia-autentica.pdf\" target=\"_blank\" rel=\"noopener\">Anuncio<\/a><\/td>\n<td style=\"width: 0.290065%; height: 25px;\"><\/td>\n<\/tr>\n<tr style=\"height: 24px;\">\n<td style=\"width: 76.1421%; height: 24px;\">Anuncio de la Comisi\u00f3n de Valoraci\u00f3n- Propuesta adjudicaci\u00f3n<\/td>\n<td style=\"width: 6.59899%; height: 24px;\">12\/05\/2025<\/td>\n<td style=\"width: 16.0986%; height: 24px;\"><a href=\"https:\/\/www.bombersdv.es\/wp-content\/uploads\/2025\/05\/CB-01-2025ld001-anunci-proposta-adjudicacio-Copia-autentica.pdf\" target=\"_blank\" rel=\"noopener\">Anuncio<\/a><\/td>\n<td style=\"width: 0.290065%; height: 24px;\"><\/td>\n<\/tr>\n<tr>\n<td style=\"width: 76.1421%;\"><span style=\"color: #ff0000;\">Nombramiento por Decreto de la Presidencia n\u00ba 2025\/0717, de 14 de mayo.<\/span><\/td>\n<td style=\"width: 6.59899%;\"><\/td>\n<td style=\"width: 16.0986%;\"><\/td>\n<td style=\"width: 0.290065%;\"><\/td>\n<\/tr>\n<\/tbody>\n<\/table>\n<\/div>\n<\/div><div class=\"fusion-clearfix\"><\/div><\/div><\/div><\/div><\/div>\n","protected":false},"excerpt":{"rendered":"","protected":false},"author":192,"featured_media":0,"parent":15127,"menu_order":0,"comment_status":"closed","ping_status":"closed","template":"","meta":{"footnotes":""},"class_list":["post-71995","page","type-page","status-publish","hentry"],"_links":{"self":[{"href":"https:\/\/www.bombersdv.es\/es\/wp-json\/wp\/v2\/pages\/71995"}],"collection":[{"href":"https:\/\/www.bombersdv.es\/es\/wp-json\/wp\/v2\/pages"}],"about":[{"href":"https:\/\/www.bombersdv.es\/es\/wp-json\/wp\/v2\/types\/page"}],"author":[{"embeddable":true,"href":"https:\/\/www.bombersdv.es\/es\/wp-json\/wp\/v2\/users\/192"}],"replies":[{"embeddable":true,"href":"https:\/\/www.bombersdv.es\/es\/wp-json\/wp\/v2\/comments?post=71995"}],"version-history":[{"count":12,"href":"https:\/\/www.bombersdv.es\/es\/wp-json\/wp\/v2\/pages\/71995\/revisions"}],"predecessor-version":[{"id":72981,"href":"https:\/\/www.bombersdv.es\/es\/wp-json\/wp\/v2\/pages\/71995\/revisions\/72981"}],"up":[{"embeddable":true,"href":"https:\/\/www.bombersdv.es\/es\/wp-json\/wp\/v2\/pages\/15127"}],"wp:attachment":[{"href":"https:\/\/www.bombersdv.es\/es\/wp-json\/wp\/v2\/media?parent=71995"}],"curies":[{"name":"wp","href":"https:\/\/api.w.org\/{rel}","templated":true}]}}