{"id":72055,"date":"2025-01-17T13:57:06","date_gmt":"2025-01-17T12:57:06","guid":{"rendered":"https:\/\/www.bombersdv.es\/?page_id=72055"},"modified":"2026-01-29T12:28:52","modified_gmt":"2026-01-29T11:28:52","slug":"informacion-economica-anos-anteriores-2024","status":"publish","type":"page","link":"https:\/\/www.bombersdv.es\/es\/portal-de-transparencia\/informacion-economica\/informacion-presupuestaria-anos-anteriores\/informacion-economica-anos-anteriores-2024\/","title":{"rendered":"Informaci\u00f3n Econ\u00f3mica a\u00f1os anteriores 2024"},"content":{"rendered":"<p><div class=\"fusion-fullwidth fullwidth-box fusion-builder-row-1 nonhundred-percent-fullwidth non-hundred-percent-height-scrolling\" style=\"--awb-border-radius-top-left:0px;--awb-border-radius-top-right:0px;--awb-border-radius-bottom-right:0px;--awb-border-radius-bottom-left:0px;--awb-flex-wrap:wrap;\" ><div class=\"fusion-builder-row fusion-row\"><div class=\"fusion-layout-column fusion_builder_column fusion-builder-column-0 fusion_builder_column_1_1 1_1 fusion-one-full fusion-column-first fusion-column-last\" style=\"--awb-bg-size:cover;--awb-margin-bottom:0px;\"><div class=\"fusion-column-wrapper fusion-flex-column-wrapper-legacy\"><div class=\"fusion-text fusion-text-1\"><\/div><div class=\"fusion-clearfix\"><\/div><\/div><\/div><\/div><\/div><div class=\"fusion-fullwidth fullwidth-box fusion-builder-row-2 nonhundred-percent-fullwidth non-hundred-percent-height-scrolling\" style=\"--awb-background-position:left top;--awb-border-sizes-top:0px;--awb-border-sizes-bottom:0px;--awb-border-sizes-left:0px;--awb-border-sizes-right:0px;--awb-border-radius-top-left:0px;--awb-border-radius-top-right:0px;--awb-border-radius-bottom-right:0px;--awb-border-radius-bottom-left:0px;--awb-padding-top:30px;--awb-padding-bottom:0px;--awb-flex-wrap:wrap;\" ><div class=\"fusion-builder-row fusion-row\"><div class=\"fusion-layout-column fusion_builder_column fusion-builder-column-1 fusion_builder_column_1_1 1_1 fusion-one-full fusion-column-first fusion-column-last\" style=\"--awb-bg-size:cover;--awb-margin-bottom:0px;\"><div class=\"fusion-column-wrapper fusion-flex-column-wrapper-legacy\"><div class=\"fusion-content-boxes content-boxes columns row fusion-columns-1 fusion-columns-total-1 fusion-content-boxes-1 content-boxes-icon-on-side content-left\" style=\"--awb-title-color:#d32f13;--awb-margin-bottom:0px;--awb-hover-accent-color:#d32f13;--awb-circle-hover-accent-color:#d32f13;--awb-item-margin-bottom:40px;\" data-animationOffset=\"top-into-view\"><div style=\"--awb-backgroundcolor:rgba(255,255,255,0);--awb-content-padding-left:140px;\" class=\"fusion-column content-box-column content-box-column content-box-column-1 col-lg-12 col-md-12 col-sm-12 fusion-content-box-hover content-box-column-last content-box-column-last-in-row\"><div class=\"col content-box-wrapper content-wrapper link-area-link-icon icon-hover-animation-fade\" data-animationOffset=\"top-into-view\"><div class=\"heading heading-with-icon icon-left\"><div aria-hidden=\"true\" class=\"image\"><img decoding=\"async\" src=\"http:\/\/www.bombersdv.es\/wp-content\/uploads\/2014\/11\/visitas-a-colegios-icon.png\" width=\"120\" height=\"120\" alt=\"\" \/><\/div><h2 class=\"content-box-heading fusion-responsive-typography-calculated\" style=\"--h2_typography-font-size:34px;--fontSize:34;line-height:1.09;padding-left:140px;\"><strong>Informaci\u00f3n Econ\u00f3mica a\u00f1os anteriores 2024<\/strong><\/h2><\/div><div class=\"fusion-clearfix\"><\/div><div class=\"content-container\">\n<h4 style=\"text-align: justify;\">Los documentos disponibles en este apartado son los siguientes:<\/h4>\n<\/div><\/div><\/div><div class=\"fusion-clearfix\"><\/div><\/div><div class=\"fusion-clearfix\"><\/div><\/div><\/div><\/div><\/div><div class=\"fusion-fullwidth fullwidth-box fusion-builder-row-3 nonhundred-percent-fullwidth non-hundred-percent-height-scrolling\" style=\"--awb-background-position:left top;--awb-border-sizes-top:0px;--awb-border-sizes-bottom:0px;--awb-border-sizes-left:0px;--awb-border-sizes-right:0px;--awb-border-radius-top-left:0px;--awb-border-radius-top-right:0px;--awb-border-radius-bottom-right:0px;--awb-border-radius-bottom-left:0px;--awb-padding-top:20px;--awb-padding-bottom:20px;--awb-flex-wrap:wrap;\" ><div class=\"fusion-builder-row fusion-row\"><div class=\"fusion-layout-column fusion_builder_column fusion-builder-column-2 fusion_builder_column_1_1 1_1 fusion-one-full fusion-column-first fusion-column-last\" style=\"--awb-padding-top:20px;--awb-padding-right:20px;--awb-padding-bottom:20px;--awb-padding-left:20px;--awb-bg-size:cover;--awb-margin-top:30px;\"><div class=\"fusion-column-wrapper fusion-flex-column-wrapper-legacy\"><div class=\"accordian fusion-accordian\" style=\"--awb-border-size:1px;--awb-icon-size:13px;--awb-content-font-size:15px;--awb-icon-alignment:left;--awb-hover-color:#f9f9f9;--awb-border-color:#cccccc;--awb-background-color:#ffffff;--awb-divider-color:#e0dede;--awb-divider-hover-color:#e0dede;--awb-icon-color:#ffffff;--awb-title-color:#333333;--awb-content-color:#747474;--awb-icon-box-color:#333333;--awb-toggle-hover-accent-color:#d32f13;--awb-title-font-family:&quot;Raleway&quot;;--awb-title-font-weight:500;--awb-title-font-style:normal;--awb-title-font-size:20px;--awb-title-letter-spacing:0px;--awb-title-line-height:1.1;--awb-content-font-family:&quot;Raleway&quot;;--awb-content-font-style:normal;--awb-content-font-weight:500;\"><div class=\"panel-group fusion-toggle-icon-boxed\" id=\"accordion-72055-1\"><div class=\"fusion-panel panel-default panel-3422a6a9bcd909186 fusion-toggle-has-divider\" style=\"--awb-title-color:#333333;\"><div class=\"panel-heading\"><h4 class=\"panel-title toggle\" id=\"toggle_3422a6a9bcd909186\"><a aria-expanded=\"false\" aria-controls=\"3422a6a9bcd909186\" role=\"button\" data-toggle=\"collapse\" data-parent=\"#accordion-72055-1\" data-target=\"#3422a6a9bcd909186\" href=\"#3422a6a9bcd909186\"><span class=\"fusion-toggle-icon-wrapper\" aria-hidden=\"true\"><i class=\"fa-fusion-box active-icon awb-icon-minus\" aria-hidden=\"true\"><\/i><i class=\"fa-fusion-box inactive-icon awb-icon-plus\" aria-hidden=\"true\"><\/i><\/span><span class=\"fusion-toggle-heading\">Presupuesto<\/span><\/a><\/h4><\/div><div id=\"3422a6a9bcd909186\" class=\"panel-collapse collapse \" aria-labelledby=\"toggle_3422a6a9bcd909186\"><div class=\"panel-body toggle-content fusion-clearfix\">\n<h3 id=\"Presupuesto2024\"><strong><span style=\"color: #ff0000;\">Presupuesto del Consorcio para el ejercicio 2024<\/span><\/strong><\/h3>\n<p style=\"text-align: justify;\">La<strong> Asamblea General <\/strong>del Consorcio en sesi\u00f3n celebrada el d\u00eda <strong>28<\/strong><b> de noviembre de 2023 <\/b>acord\u00f3 aprobar el Presupuesto del Consorcio para 2024 y remitirlo a\u00a0 la Diputaci\u00f3n de Valencia a los efectos de conformar el Presupuesto General del Grupo Diputaci\u00f3n de Valencia para ser aprobado por el procedimiento legalmente establecido.<\/p>\n<p style=\"text-align: justify;\">La Diputaci\u00f3n de Valencia, en sesi\u00f3n plenaria extraordinaria celebrada el d\u00eda 22 de diciembre de 2023, ha aprobado inicialmente el Presupuesto General para el ejercicio 2024, integrado por el Presupuesto de la propia Diputaci\u00f3n y el Presupuesto del Consorcio de Bomberos. Igualmente han sido aprobadas las Bases de Ejecuci\u00f3n de los Presupuestos, los anexos de los mismos y las plantillas de personal.<br \/>\nDurante el plazo de quince d\u00edas de exposici\u00f3n al p\u00fablico, contados a partir del siguiente a aquel en que aparezca insertado el anuncio en el<a href=\"https:\/\/www.bombersdv.es\/wp-content\/uploads\/2023\/12\/aprobacion-p-2024-diputacion-bop.pdf\" target=\"_blank\" rel=\"noopener\"> Bolet\u00edn Oficial de la Provincia de Val\u00e8ncia (lo que se ha producido el 26 de diciembre de 2023)<\/a>\u00a0 los interesados pueden examinar los expedientes que se encuentran de manifiesto en la Oficina Presupuestaria de la Intervenci\u00f3n General de la Diputaci\u00f3n. Durante es plazo pueden presentarse reclamaciones ante el Pleno de la Corporaci\u00f3n, consider\u00e1ndose definitivamente adoptado el acuerdo en el supuesto de que no se hubiera formulado reclamaci\u00f3n alguna.<\/p>\n<p>El anuncio de aprobaci\u00f3n definitiva se ha publicado en el bolet\u00edn oficial de la provincia de Val\u00e8ncia numero 14, de 19 de enero de 2024.<\/p>\n<p style=\"text-align: justify;\">Los documentos del expediente aprobado por la Asamblea General del Consorcio son:<\/p>\n<ul>\n<li><a href=\"https:\/\/www.bombersdv.es\/wp-content\/uploads\/2023\/12\/1-Memoria-Copia-autentica.pdf\" target=\"_blank\" rel=\"noopener\">Memoria<\/a><\/li>\n<li><a href=\"https:\/\/www.bombersdv.es\/wp-content\/uploads\/2023\/12\/7-Estado-de-gastos-Copia-autentica.pdf\" target=\"_blank\" rel=\"noopener\">Estado de gastos<\/a><\/li>\n<li><a href=\"https:\/\/www.bombersdv.es\/wp-content\/uploads\/2023\/12\/8_-Estado-de-ingresos-Copia-autentica.pdf\" target=\"_blank\" rel=\"noopener\">Estado de ingresos<\/a><\/li>\n<li><a href=\"https:\/\/www.bombersdv.es\/wp-content\/uploads\/2023\/12\/2_Anexo-de-Inversiones-2024-Copia-autentica.pdf\" target=\"_blank\" rel=\"noopener\">Anexo de Inversiones<\/a><\/li>\n<li><a href=\"https:\/\/www.bombersdv.es\/wp-content\/uploads\/2023\/12\/6-Bases-de-ejecucion-Copia-autentica.pdf\" target=\"_blank\" rel=\"noopener\">Bases de ejecuci\u00f3n<\/a><\/li>\n<li><a href=\"https:\/\/www.bombersdv.es\/wp-content\/uploads\/2023\/12\/9-Porcentaje-de-votos-Copia-autentica.pdf\" target=\"_blank\" rel=\"noopener\">Porcentaje de votos entidades consorciadas<\/a><\/li>\n<li><a href=\"https:\/\/www.bombersdv.es\/wp-content\/uploads\/2023\/12\/10_Liquidacion-2022-y-avance-de-la-del-ejercicio-2023-Copia-autentica.pdf\" target=\"_blank\" rel=\"noopener\">Liquidaci\u00f3n 2022 y avance 2023<\/a><\/li>\n<li><a href=\"https:\/\/www.bombersdv.es\/wp-content\/uploads\/2023\/12\/5-Informe-sobre-la-carga-financiera-Copia-autentica.pdf\" target=\"_blank\" rel=\"noopener\">Informe sobre la carga financiera<\/a><\/li>\n<li><a href=\"https:\/\/www.bombersdv.es\/wp-content\/uploads\/2023\/12\/4-Informe-de-Intervencion-Copia-autentica.pdf\" target=\"_blank\" rel=\"noopener\">Informe de Intervenci\u00f3n<\/a><\/li>\n<li><a href=\"https:\/\/www.bombersdv.es\/wp-content\/uploads\/2023\/12\/3-Informe-economico-financiero-Copia-autentica.pdf\" target=\"_blank\" rel=\"noopener\">Informe Econ\u00f3mico Financiero<\/a><\/li>\n<li><a href=\"https:\/\/www.bombersdv.es\/wp-content\/uploads\/2023\/12\/Anexo-de-Personal-2024-empleados-publicos-Copia-autentica.pdf\" target=\"_blank\" rel=\"noopener\">Anexo de personal 2024<\/a>\n<ul>\n<li><a href=\"https:\/\/www.bombersdv.es\/wp-content\/uploads\/2023\/12\/Anexo-de-Personal-2024-Personal-subrogado-Copia-autentica.pdf\" target=\"_blank\" rel=\"noopener\">Id. personal subrogado<\/a><\/li>\n<\/ul>\n<\/li>\n<li><a href=\"https:\/\/www.bombersdv.es\/wp-content\/uploads\/2023\/12\/ISOCRONAS-PRESUPUESTO-2024.pdf\" target=\"_blank\" rel=\"noopener\">Isocronas<\/a><\/li>\n<li><a href=\"https:\/\/www.bombersdv.es\/wp-content\/uploads\/2023\/12\/Certificado-2023_SEE_S339_00001-Copia-autentica.pdf\" target=\"_blank\" rel=\"noopener\">Acuerdo aprobaci\u00f3n presupuesto<\/a><\/li>\n<li><a href=\"https:\/\/www.bombersdv.es\/wp-content\/uploads\/2023\/12\/Plantilla-Organica-CPBV-2024-Copia-autentica.pdf\" target=\"_blank\" rel=\"noopener\">Plantilla 2024<\/a><\/li>\n<li><a href=\"https:\/\/www.bombersdv.es\/wp-content\/uploads\/2023\/12\/Certificado-2023_RHG_S346_00006-Plantilla-Copia-autentica.pdf\" target=\"_blank\" rel=\"noopener\">Acuerdo aprobaci\u00f3n plantilla<\/a><\/li>\n<\/ul>\n<h4 style=\"padding-left: 40px;\"><span style=\"color: #ff0000;\">Modificaciones presupuestarias<\/span><\/h4>\n<ul>\n<li><span style=\"color: #ff0000;\">Modificaci\u00f3n presupuestaria n.\u00ba 1\/2024\/7 por suplementos de cr\u00e9dito<\/span>\n<ul>\n<li>La Asamblea General del Consorcio Provincial de Bomberos de Valencia, en sesi\u00f3n celebrada el d\u00eda 17 de julio de 2024 aprob\u00f3 inicialmente el expediente de Modificaci\u00f3n Presupuestaria, n\u00famero 1\/2024\/7 por Suplementos de cr\u00e9dito, dentro del Presupuesto vigente<\/li>\n<li>El expediente de modificaci\u00f3n presupuestaria 1\/2024\/7, surge de la necesidad de solucionar la petici\u00f3n urgente e inaplazable presentada por los Servicios de Apoyo Log\u00edstico, Sistemas e Innovaci\u00f3n Tecnol\u00f3gica y Recursos Humanos del Consorcio.\n<ul>\n<li style=\"list-style-type: none;\">\n<ul>\n<li>000 13600 1210500 COMPLEMENTO CARRERA PROFESIONAL 531.066,96\u20ac<\/li>\n<li>000 13600 2130000 CONSERV. Y REPARACI\u00d3N DE MAQUINARIA, INSTALACIONES Y UTILLAJE 60.000,00\u20ac<\/li>\n<li>000 13600 2210400 VESTUARIO 575.241,50\u20ac<\/li>\n<li>000 13600 2219900 MATERIAL OPERATIVO 110.000,00\u20ac<\/li>\n<li>000 13600 6220000 EDIFICIOS Y OTRAS CONSTRUCCIONES 4.431.780,47 \u20ac<\/li>\n<li>000 13600 6230000 MAQUINARIA, INSTALACIONES Y UTILLAJE 263.000,00\u20ac<\/li>\n<li>000 13600 6340000 ELEMENTOS DE TRANSPORTE 899.151,00\u20ac<\/li>\n<li>000 13600 6360000 EQUIPOS INFORM\u00c1TICOS 43.046,49\u20ac<\/li>\n<\/ul>\n<\/li>\n<li>TOTAL 6.913.286,42\u20ac<\/li>\n<\/ul>\n<\/li>\n<li>Se financia con remanente l\u00edquido de tesorer\u00eda para gastos generales<\/li>\n<\/ul>\n<\/li>\n<li><span style=\"color: #ff0000;\">Modificaci\u00f3n presupuestaria n.\u00ba 2\/2024\/7 por suplementos de cr\u00e9dito<\/span>\n<ul>\n<li>La Asamblea General del Consorcio Provincial de Bomberos de Valencia, en sesi\u00f3n celebrada el d\u00eda 17 de julio de 2024 aprob\u00f3 inicialmente el expediente de Modificaci\u00f3n Presupuestaria, n\u00famero 2\/2024\/7 por Suplementos de cr\u00e9dito, dentro del Presupuesto vigente.<\/li>\n<li>Se realiza el incremento en la aplicaci\u00f3n presupuestaria correspondiente 000 13600 6220000 EDIFICIOS Y OTRAS CONSTRUCCIONES\u00a0 por importe 3.000.000,00 \u20ac<\/li>\n<li>El aumento rese\u00f1ado se financia con remanente l\u00edquido de tesorer\u00eda para gastos generales.<\/li>\n<li>El total del expediente asciende a 3.000.000,00 \u20ac.<\/li>\n<\/ul>\n<\/li>\n<li><span style=\"color: #ff0000;\">Modificaci\u00f3n Presupuestaria, n.\u00ba\u00a0 3\/2024\/7 por suplementos de cr\u00e9dito<\/span>\n<ul>\n<li>La Asamblea General del Consorcio Provincial de Bomberos de Valencia, en sesi\u00f3n celebrada el d\u00eda 28 de noviembre 2024 aprob\u00f3 inicialmente el expediente de Modificaci\u00f3n Presupuestaria, n\u00famero 3\/2024\/7 por Suplementos de cr\u00e9dito, dentro del Presupuesto vigente.<\/li>\n<li>El expediente asciende a 20.146.824,00 \u20ac\u00a0 y surge de la necesidad de solucionar las peticiones urgentes e inaplazables presentadas por los Servicios de Apoyo Log\u00edstico, Sistemas e Innovaci\u00f3n Tecnol\u00f3gica e Infraestructuras del Consorcio.<\/li>\n<li>Se incrementan las aplicaciones presupuestarias y por los importes que se detallan en este\u00a0<a href=\"https:\/\/www.bombersdv.es\/wp-content\/uploads\/2024\/12\/modificacion-suplemento-de-creditos-noviembre-2024.pdf\" target=\"_blank\" rel=\"noopener\">enlace.<\/a><\/li>\n<\/ul>\n<\/li>\n<li><span style=\"color: #ff0000;\">Modificaci\u00f3n presupuestaria n\u00fam. 3\/2024\/1<\/span> por transferencia de cr\u00e9dito entre aplicaciones presupuestarias. <a href=\"https:\/\/www.bombersdv.es\/wp-content\/uploads\/2025\/01\/Decret_-Decreto-Copia-autentica-5.pdf\" target=\"_blank\" rel=\"noopener\">Enlace<\/a><\/li>\n<li><span style=\"color: #ff0000;\">Modificaci\u00f3n presupuestaria n\u00fam. 4\/2024\/1<\/span> por transferencia de cr\u00e9dito entre aplicaciones presupuestarias. <a href=\"https:\/\/www.bombersdv.es\/wp-content\/uploads\/2025\/01\/Decreto-Copia-autentica-1.pdf\" target=\"_blank\" rel=\"noopener\">Enlace<\/a><\/li>\n<li><span style=\"color: #ff0000;\">Modificaci\u00f3n presupuestaria n\u00fam. 5\/2024\/1<\/span> por transferencia de cr\u00e9dito entre aplicaciones presupuestarias del Estado de Gastos. <a href=\"https:\/\/www.bombersdv.es\/wp-content\/uploads\/2025\/01\/Decret_Decreto-Copia-autentica-1.pdf\" target=\"_blank\" rel=\"noopener\">Enlace<\/a><\/li>\n<li><span style=\"color: #ff0000;\">Modificaci\u00f3n presupuestaria n\u00fam. 6\/2024\/1<\/span> por transferencia de cr\u00e9dito entre aplicaciones presupuestarias del Estado de Gastos. <a href=\"https:\/\/www.bombersdv.es\/wp-content\/uploads\/2025\/01\/Decret_Decreto-Copia-autentica.pdf\" target=\"_blank\" rel=\"noopener\">Enlace<\/a><\/li>\n<\/ul>\n<\/div><\/div><\/div><div class=\"fusion-panel panel-default panel-3979da46ee4ad3c3a fusion-toggle-has-divider\" style=\"--awb-title-color:#333333;\"><div class=\"panel-heading\"><h4 class=\"panel-title toggle\" id=\"toggle_3979da46ee4ad3c3a\"><a aria-expanded=\"false\" aria-controls=\"3979da46ee4ad3c3a\" role=\"button\" data-toggle=\"collapse\" data-parent=\"#accordion-72055-1\" data-target=\"#3979da46ee4ad3c3a\" href=\"#3979da46ee4ad3c3a\"><span class=\"fusion-toggle-icon-wrapper\" aria-hidden=\"true\"><i class=\"fa-fusion-box active-icon awb-icon-minus\" aria-hidden=\"true\"><\/i><i class=\"fa-fusion-box inactive-icon awb-icon-plus\" aria-hidden=\"true\"><\/i><\/span><span class=\"fusion-toggle-heading\">Cuentas Anuales<\/span><\/a><\/h4><\/div><div id=\"3979da46ee4ad3c3a\" class=\"panel-collapse collapse \" aria-labelledby=\"toggle_3979da46ee4ad3c3a\"><div class=\"panel-body toggle-content fusion-clearfix\">\n<ul>\n<li><a href=\"https:\/\/www.bombersdv.es\/wp-content\/uploads\/2026\/01\/Cuentas-Anuales-2024-indice.pdf\" target=\"_blank\" rel=\"noopener\">\u00cdndice<\/a><\/li>\n<li><a href=\"https:\/\/www.bombersdv.es\/wp-content\/uploads\/2026\/01\/Cuentas-Anuales-2024-documento.pdf\" target=\"_blank\" rel=\"noopener\">Cuentas anuales 2024<\/a><\/li>\n<li><a href=\"https:\/\/www.bombersdv.es\/wp-content\/uploads\/2026\/01\/Cuentas-anuales-2024-Informe-de-Intervencion.pdf\" target=\"_blank\" rel=\"noopener\">Informe de Intervenci\u00f3n<\/a><\/li>\n<li><a href=\"https:\/\/www.bombersdv.es\/wp-content\/uploads\/2026\/01\/Cuentas-anuales-2024-Informe-comision-especial.pdf\" target=\"_blank\" rel=\"noopener\">Acuerdo Comisi\u00f3n Especial de Cuentas\u00a0<\/a><\/li>\n<li><a href=\"https:\/\/www.bombersdv.es\/wp-content\/uploads\/2026\/01\/Cuenta-General-2024-Acuerdo-Asamblea.pdf\" target=\"_blank\" rel=\"noopener\">Acuerdo Asamblea General<\/a><\/li>\n<\/ul>\n<\/div><\/div><\/div><div class=\"fusion-panel panel-default panel-a775ef4bb6a280b15 fusion-toggle-has-divider\" style=\"--awb-title-color:#333333;\"><div class=\"panel-heading\"><h4 class=\"panel-title toggle\" id=\"toggle_a775ef4bb6a280b15\"><a aria-expanded=\"false\" aria-controls=\"a775ef4bb6a280b15\" role=\"button\" data-toggle=\"collapse\" data-parent=\"#accordion-72055-1\" data-target=\"#a775ef4bb6a280b15\" href=\"#a775ef4bb6a280b15\"><span class=\"fusion-toggle-icon-wrapper\" aria-hidden=\"true\"><i class=\"fa-fusion-box active-icon awb-icon-minus\" aria-hidden=\"true\"><\/i><i class=\"fa-fusion-box inactive-icon awb-icon-plus\" aria-hidden=\"true\"><\/i><\/span><span class=\"fusion-toggle-heading\">Informe de auditoria del ejercicio 2024<\/span><\/a><\/h4><\/div><div id=\"a775ef4bb6a280b15\" class=\"panel-collapse collapse \" aria-labelledby=\"toggle_a775ef4bb6a280b15\"><div class=\"panel-body toggle-content fusion-clearfix\">\n<p><a href=\"https:\/\/www.bombersdv.es\/wp-content\/uploads\/2026\/01\/Cuentas-anuales-2024-Informe-definitivo-auditoria.pdf\" target=\"_blank\" rel=\"noopener\">Informe de auditoria Cuentas 2024<\/a><\/p>\n<\/div><\/div><\/div><\/div><\/div><div class=\"fusion-clearfix\"><\/div><\/div><\/div><\/div><\/div><\/p>\n","protected":false},"excerpt":{"rendered":"","protected":false},"author":183,"featured_media":0,"parent":63494,"menu_order":0,"comment_status":"closed","ping_status":"closed","template":"100-width.php","meta":{"footnotes":""},"class_list":["post-72055","page","type-page","status-publish","hentry"],"_links":{"self":[{"href":"https:\/\/www.bombersdv.es\/es\/wp-json\/wp\/v2\/pages\/72055"}],"collection":[{"href":"https:\/\/www.bombersdv.es\/es\/wp-json\/wp\/v2\/pages"}],"about":[{"href":"https:\/\/www.bombersdv.es\/es\/wp-json\/wp\/v2\/types\/page"}],"author":[{"embeddable":true,"href":"https:\/\/www.bombersdv.es\/es\/wp-json\/wp\/v2\/users\/183"}],"replies":[{"embeddable":true,"href":"https:\/\/www.bombersdv.es\/es\/wp-json\/wp\/v2\/comments?post=72055"}],"version-history":[{"count":6,"href":"https:\/\/www.bombersdv.es\/es\/wp-json\/wp\/v2\/pages\/72055\/revisions"}],"predecessor-version":[{"id":75398,"href":"https:\/\/www.bombersdv.es\/es\/wp-json\/wp\/v2\/pages\/72055\/revisions\/75398"}],"up":[{"embeddable":true,"href":"https:\/\/www.bombersdv.es\/es\/wp-json\/wp\/v2\/pages\/63494"}],"wp:attachment":[{"href":"https:\/\/www.bombersdv.es\/es\/wp-json\/wp\/v2\/media?parent=72055"}],"curies":[{"name":"wp","href":"https:\/\/api.w.org\/{rel}","templated":true}]}}