{"id":72882,"date":"2025-05-27T08:16:01","date_gmt":"2025-05-27T06:16:01","guid":{"rendered":"https:\/\/www.bombersdv.es\/?page_id=72882"},"modified":"2026-01-21T14:26:26","modified_gmt":"2026-01-21T13:26:26","slug":"2025-cs004-comision-de-servicios-puesto-sg-07-responsable-unidad-de-gestion-de-personal","status":"publish","type":"page","link":"https:\/\/www.bombersdv.es\/es\/oposiciones\/procesos-finalizados\/2025-cs004-comision-de-servicios-puesto-sg-07-responsable-unidad-de-gestion-de-personal\/","title":{"rendered":"2025\/CS004 Comisi\u00f3n de Servicios puesto SG-07 Responsable Unidad de Gesti\u00f3n de Personal"},"content":{"rendered":"<div class=\"fusion-fullwidth fullwidth-box fusion-builder-row-1 nonhundred-percent-fullwidth non-hundred-percent-height-scrolling\" style=\"--awb-border-radius-top-left:0px;--awb-border-radius-top-right:0px;--awb-border-radius-bottom-right:0px;--awb-border-radius-bottom-left:0px;--awb-flex-wrap:wrap;\" ><div class=\"fusion-builder-row fusion-row\"><div class=\"fusion-layout-column fusion_builder_column fusion-builder-column-0 fusion_builder_column_1_1 1_1 fusion-one-full fusion-column-first fusion-column-last\" style=\"--awb-bg-size:cover;--awb-margin-bottom:0px;\"><div class=\"fusion-column-wrapper fusion-flex-column-wrapper-legacy\"><div class=\"fusion-text fusion-text-1\"><h2>2025\/CS004 Comisi\u00f3n de Servicios puesto SG-07 Responsable Unidad de Gesti\u00f3n de Personal<\/h2>\n<\/div><div class=\"fusion-text fusion-text-2\"><div class=\"table-2\">\n<table style=\"height: 336px;\" width=\"100%\">\n<thead>\n<tr style=\"height: 24px;\">\n<th style=\"height: 10px; width: 66.767%;\">Tr\u00e1mite<\/th>\n<th style=\"height: 10px; width: 11.5463%;\">Fecha<\/th>\n<th style=\"height: 10px; width: 20.7832%;\">Documento(s)<\/th>\n<\/tr>\n<\/thead>\n<tbody>\n<tr style=\"height: 24px;\">\n<td style=\"height: 24px; width: 66.767%;\">Anuncio publicaci\u00f3n BOP Comisi\u00f3n de Servicios puesto SG-07 Responsable Unidad de Gesti\u00f3n de Personal<\/td>\n<td style=\"height: 24px; width: 11.5463%;\">27\/05\/2025<\/td>\n<td style=\"height: 24px; width: 20.7832%;\"><a href=\"https:\/\/www.bombersdv.es\/wp-content\/uploads\/2025\/05\/COMISION-SERVICIOS-SG_07CAST.pdf\" target=\"_blank\" rel=\"noopener\">Publicaci\u00f3n BOP<\/a><\/td>\n<\/tr>\n<tr style=\"height: 43px;\">\n<td style=\"width: 66.767%; height: 43px;\">Nombramiento por Decreto de la Presidencia n\u00ba 2025\/1058, de 09 de julio.<\/td>\n<td style=\"width: 11.5463%; height: 43px;\"><\/td>\n<td style=\"width: 20.7832%; height: 43px;\"><\/td>\n<\/tr>\n<\/tbody>\n<\/table>\n<\/div>\n<\/div><div class=\"fusion-clearfix\"><\/div><\/div><\/div><\/div><\/div>\n","protected":false},"excerpt":{"rendered":"","protected":false},"author":192,"featured_media":0,"parent":15127,"menu_order":0,"comment_status":"closed","ping_status":"closed","template":"","meta":{"footnotes":""},"class_list":["post-72882","page","type-page","status-publish","hentry"],"_links":{"self":[{"href":"https:\/\/www.bombersdv.es\/es\/wp-json\/wp\/v2\/pages\/72882"}],"collection":[{"href":"https:\/\/www.bombersdv.es\/es\/wp-json\/wp\/v2\/pages"}],"about":[{"href":"https:\/\/www.bombersdv.es\/es\/wp-json\/wp\/v2\/types\/page"}],"author":[{"embeddable":true,"href":"https:\/\/www.bombersdv.es\/es\/wp-json\/wp\/v2\/users\/192"}],"replies":[{"embeddable":true,"href":"https:\/\/www.bombersdv.es\/es\/wp-json\/wp\/v2\/comments?post=72882"}],"version-history":[{"count":5,"href":"https:\/\/www.bombersdv.es\/es\/wp-json\/wp\/v2\/pages\/72882\/revisions"}],"predecessor-version":[{"id":75104,"href":"https:\/\/www.bombersdv.es\/es\/wp-json\/wp\/v2\/pages\/72882\/revisions\/75104"}],"up":[{"embeddable":true,"href":"https:\/\/www.bombersdv.es\/es\/wp-json\/wp\/v2\/pages\/15127"}],"wp:attachment":[{"href":"https:\/\/www.bombersdv.es\/es\/wp-json\/wp\/v2\/media?parent=72882"}],"curies":[{"name":"wp","href":"https:\/\/api.w.org\/{rel}","templated":true}]}}