{"id":72946,"date":"2025-06-02T08:36:29","date_gmt":"2025-06-02T06:36:29","guid":{"rendered":"https:\/\/www.bombersdv.es\/?page_id=72946"},"modified":"2025-10-21T09:27:00","modified_gmt":"2025-10-21T07:27:00","slug":"2025-pi001-op001-proceso-para-la-cobertura-de-la-categoria-inspector-a-administracion-especial-subgrupo-a1-para-cubrir-en-propiedad-cuatro-plazas-vacantes-en-el-consorcio-provincial-de-bomberos-de","status":"publish","type":"page","link":"https:\/\/www.bombersdv.es\/es\/oposiciones\/procesos-en-marcha\/2025-pi001-op001-proceso-para-la-cobertura-de-la-categoria-inspector-a-administracion-especial-subgrupo-a1-para-cubrir-en-propiedad-cuatro-plazas-vacantes-en-el-consorcio-provincial-de-bomberos-de\/","title":{"rendered":"2025\/PI001-OP001: Proceso para la cobertura de la categor\u00eda Inspector\/a, Administraci\u00f3n Especial, subgrupo A1, para cubrir en propiedad cuatro plazas vacantes en el Consorcio Provincial de Bomberos de Valencia. Promoci\u00f3n Interna y Turno Movilidad."},"content":{"rendered":"<p style=\"text-align: center;\"><div class=\"fusion-fullwidth fullwidth-box fusion-builder-row-1 nonhundred-percent-fullwidth non-hundred-percent-height-scrolling\" style=\"--awb-background-position:left top;--awb-border-radius-top-left:0px;--awb-border-radius-top-right:0px;--awb-border-radius-bottom-right:0px;--awb-border-radius-bottom-left:0px;--awb-padding-top:20px;--awb-padding-bottom:20px;--awb-border-sizes-top:0px;--awb-border-sizes-bottom:0px;--awb-flex-wrap:wrap;\" ><div class=\"fusion-builder-row fusion-row\"><div class=\"fusion-layout-column fusion_builder_column fusion-builder-column-0 fusion_builder_column_1_1 1_1 fusion-one-full fusion-column-first fusion-column-last fusion-column-no-min-height\" style=\"--awb-bg-size:cover;--awb-margin-bottom:0px;\"><div class=\"fusion-column-wrapper fusion-flex-column-wrapper-legacy\"><div class=\"fusion-title title fusion-title-1 fusion-sep-none fusion-title-text fusion-title-size-two\"><h2 class=\"fusion-title-heading title-heading-left fusion-responsive-typography-calculated\" style=\"margin:0;--fontSize:34;line-height:1.09;\">2025\/PI001-OP001: Proceso para la cobertura de la categor\u00eda Inspector\/a, Administraci\u00f3n Especial, subgrupo A1, para cubrir en propiedad cuatro plazas vacantes en el Consorcio Provincial de Bomberos de Valencia. Promoci\u00f3n Interna y Turno Movilidad.<\/h2><\/div><div class=\"fusion-text fusion-text-1\"><div class=\"table-2\">\n<table style=\"height: 48px;\" width=\"100%\">\n<thead>\n<tr style=\"height: 24px;\">\n<th style=\"height: 24px; width: 69.0355%;\">Tr\u00e1mite<\/th>\n<th style=\"height: 24px; width: 6.52647%;\">Fecha<\/th>\n<th style=\"height: 24px; width: 23.7128%;\">Documento(s)<\/th>\n<\/tr>\n<\/thead>\n<tbody>\n<tr style=\"height: 24px;\">\n<td style=\"height: 24px; width: 69.0355%;\">\n<p>Bases<\/p>\n<p><span style=\"color: #ff0000;\">E<\/span><strong><span style=\"color: #ff0000;\">l plazo de presentaci\u00f3n de instancias empieza a partir de la publicaci\u00f3n del extracto de las bases en el Bolet\u00edn Oficial del Estado. Cualquier instancia presentada antes o despu\u00e9s de este plazo ser\u00e1 extempor\u00e1nea, as\u00ed como cualquier pago de la tasa por derechos de examen realizado antes o despu\u00e9s del t\u00e9rmino de presentaci\u00f3n de instancias. En consecuencia, tanto la instancia como el pago presentados en las circunstancias indicadas, ser\u00e1n no admitidos.<\/span> <\/strong><\/td>\n<td style=\"height: 24px; width: 6.52647%;\">02\/06\/2025<\/td>\n<td style=\"height: 24px; width: 23.7128%; text-align: center;\"><a href=\"https:\/\/www.bombersdv.es\/wp-content\/uploads\/2025\/06\/2025_PI001_OP001_BASES-ESPEC-PS-4-PLAZAS-INSPECTORES.pdf\" target=\"_blank\" rel=\"noopener\">Publicaci\u00f3n BOP<\/a><\/td>\n<\/tr>\n<tr style=\"height: 24px;\">\n<td style=\"height: 24px; width: 69.0355%;\">Publicaci\u00f3n DOGV<\/td>\n<td style=\"height: 24px; width: 6.52647%;\">30\/06\/2025<\/td>\n<td style=\"height: 24px; width: 23.7128%; text-align: center;\"><a href=\"https:\/\/www.bombersdv.es\/wp-content\/uploads\/2025\/06\/2025_PI001_OP001-bases-INSPECTOR_es.pdf\" target=\"_blank\" rel=\"noopener\">Publicaci\u00f3n DOGV<\/a><\/td>\n<\/tr>\n<tr style=\"height: 24px;\">\n<td style=\"width: 69.0355%; height: 24px;\">Anuncio BOP exenci\u00f3n de temario<\/td>\n<td style=\"width: 6.52647%; height: 24px;\">31\/07\/2025<\/td>\n<td style=\"width: 23.7128%; text-align: center; height: 24px;\"><a href=\"https:\/\/www.bombersdv.es\/wp-content\/uploads\/2025\/07\/2025_PI001_OP001-PROCESO-SELECTIVO-INSPECTOR-ES.pdf\" target=\"_blank\" rel=\"noopener\">Publicaci\u00f3n BOP<\/a><\/td>\n<\/tr>\n<tr style=\"height: 24px;\">\n<td style=\"width: 69.0355%; height: 24px;\">Anuncio DOGV<\/td>\n<td style=\"width: 6.52647%; height: 24px;\">09\/09\/2025<\/td>\n<td style=\"width: 23.7128%; height: 24px; text-align: center;\"><a href=\"https:\/\/www.bombersdv.es\/wp-content\/uploads\/2025\/09\/DOGV-PLAZAS-INSPECTOR.pdf\" target=\"_blank\" rel=\"noopener\">Publicaci\u00f3n DOGV<\/a><\/td>\n<\/tr>\n<tr>\n<td style=\"width: 69.0355%;\">Diligencia RRHH relativa Base Primera por indicaci\u00f3n err\u00f3nea a Tuno Libre<\/td>\n<td style=\"width: 6.52647%;\">20\/10\/2025<\/td>\n<td style=\"width: 23.7128%; text-align: center;\"><a href=\"https:\/\/www.bombersdv.es\/wp-content\/uploads\/2025\/10\/2025_PI001_DILIGENCIA-aclaracion-base-primera-por-error-en-la-indicacion-relativa-a-tuno-libre-Copia-autentica-1.pdf\" target=\"_blank\" rel=\"noopener\">Diligencia RRHH<\/a><\/td>\n<\/tr>\n<tr>\n<td style=\"width: 69.0355%;\">Publicaci\u00f3n BOE<\/td>\n<td style=\"width: 6.52647%;\">18\/10\/2025<\/td>\n<td style=\"width: 23.7128%; text-align: center;\"><a href=\"https:\/\/www.bombersdv.es\/wp-content\/uploads\/2025\/10\/Publicacion-BOE-extracto-convocatoria-PS-OFICIAL-y-otros-Copia-autentica.pdf\" target=\"_blank\" rel=\"noopener\">Publicaci\u00f3n BOE <\/a><\/td>\n<\/tr>\n<tr>\n<td style=\"width: 69.0355%;\">\n<p align=\"justify\">El ingreso de la tasa se realizar\u00e1 mediante transferencia bancaria a la cuenta ES14 2100 4337 8802 0004 5460 o mediante tarjeta bancaria de cualquier entidad en los cajeros autom\u00e1ticos de CaixaBank indicando el C\u00f3digo de Entidad 0861426 Concepto: 2025\/PI001-OP001 PLAZAS INSPECTOR y el nombre y apellidos de la persona aspirante, utilizando, en su caso, el c\u00f3digo de barras que se adjunta.<\/p>\n<\/td>\n<td style=\"width: 6.52647%;\">21\/10\/2025<\/td>\n<td style=\"width: 23.7128%; text-align: center;\">\n<p><a href=\"https:\/\/www.bombersdv.es\/wp-content\/uploads\/2025\/10\/Cod.-barras-INSPECTOR-2025_PI001_OP001-.pdf\" target=\"_blank\" rel=\"noopener\">C\u00f3digo de barras<\/a><\/p>\n<p><a href=\"https:\/\/www.bombersdv.es\/wp-content\/uploads\/2025\/10\/Intrucciones-PAGO-DERECHOS-EXAMEN.pdf\" target=\"_blank\" rel=\"noopener\">Intrucciones<\/a><\/td>\n<\/tr>\n<\/tbody>\n<\/table>\n<\/div><div class=\"fusion-clearfix\"><\/div><\/div><\/div><\/div><\/div><\/p>\n<\/div>\n","protected":false},"excerpt":{"rendered":"","protected":false},"author":192,"featured_media":0,"parent":15126,"menu_order":0,"comment_status":"closed","ping_status":"closed","template":"","meta":{"footnotes":""},"class_list":["post-72946","page","type-page","status-publish","hentry"],"_links":{"self":[{"href":"https:\/\/www.bombersdv.es\/es\/wp-json\/wp\/v2\/pages\/72946"}],"collection":[{"href":"https:\/\/www.bombersdv.es\/es\/wp-json\/wp\/v2\/pages"}],"about":[{"href":"https:\/\/www.bombersdv.es\/es\/wp-json\/wp\/v2\/types\/page"}],"author":[{"embeddable":true,"href":"https:\/\/www.bombersdv.es\/es\/wp-json\/wp\/v2\/users\/192"}],"replies":[{"embeddable":true,"href":"https:\/\/www.bombersdv.es\/es\/wp-json\/wp\/v2\/comments?post=72946"}],"version-history":[{"count":11,"href":"https:\/\/www.bombersdv.es\/es\/wp-json\/wp\/v2\/pages\/72946\/revisions"}],"predecessor-version":[{"id":74397,"href":"https:\/\/www.bombersdv.es\/es\/wp-json\/wp\/v2\/pages\/72946\/revisions\/74397"}],"up":[{"embeddable":true,"href":"https:\/\/www.bombersdv.es\/es\/wp-json\/wp\/v2\/pages\/15126"}],"wp:attachment":[{"href":"https:\/\/www.bombersdv.es\/es\/wp-json\/wp\/v2\/media?parent=72946"}],"curies":[{"name":"wp","href":"https:\/\/api.w.org\/{rel}","templated":true}]}}