{"id":73862,"date":"2025-08-05T08:15:24","date_gmt":"2025-08-05T06:15:24","guid":{"rendered":"https:\/\/www.bombersdv.es\/oposiciones\/procesos-en-marcha\/concurso-traslados-2019\/2025-concurs-de-trasllats-11a-edicio-sergent\/"},"modified":"2026-03-03T14:38:55","modified_gmt":"2026-03-03T13:38:55","slug":"2025-concurs-de-trasllats-11a-edicio-sergent","status":"publish","type":"page","link":"https:\/\/www.bombersdv.es\/es\/oposiciones\/procesos-finalizados\/2025-concurs-de-trasllats-11a-edicio-sergent\/","title":{"rendered":"2025 Concurso de Traslados 11\u00aa Edici\u00f3n Sargento"},"content":{"rendered":"<div class=\"fusion-fullwidth fullwidth-box fusion-builder-row-1 nonhundred-percent-fullwidth non-hundred-percent-height-scrolling\" style=\"--awb-background-position:left top;--awb-border-sizes-top:0px;--awb-border-sizes-bottom:0px;--awb-border-sizes-left:0px;--awb-border-sizes-right:0px;--awb-border-radius-top-left:0px;--awb-border-radius-top-right:0px;--awb-border-radius-bottom-right:0px;--awb-border-radius-bottom-left:0px;--awb-padding-top:20px;--awb-padding-bottom:20px;--awb-flex-wrap:wrap;\" ><div class=\"fusion-builder-row fusion-row\"><div class=\"fusion-layout-column fusion_builder_column fusion-builder-column-0 fusion_builder_column_1_1 1_1 fusion-one-full fusion-column-first fusion-column-last fusion-column-no-min-height\" style=\"--awb-bg-size:cover;--awb-margin-bottom:0px;\"><div class=\"fusion-column-wrapper fusion-flex-column-wrapper-legacy\"><div class=\"fusion-title title fusion-title-1 fusion-sep-none fusion-title-text fusion-title-size-two\"><h2 class=\"fusion-title-heading title-heading-left fusion-responsive-typography-calculated\" style=\"margin:0;--fontSize:34;line-height:1.09;\">2025\u00a0 Concurso de Traslados 11\u00aa Edici\u00f3n Sargento<\/h2><\/div><div class=\"fusion-text fusion-text-1\"><div class=\"table-2\">\n<table style=\"width: 99.2748%;\" width=\"100%\">\n<thead>\n<tr>\n<th style=\"width: 68.9457%;\">Tr\u00e1mite<\/th>\n<th style=\"width: 9.63442%;\">Fecha<\/th>\n<th style=\"width: 20.6948%;\">Documento(s)<\/th>\n<\/tr>\n<\/thead>\n<tbody>\n<tr>\n<td style=\"width: 68.9457%;\">Bases<\/td>\n<td style=\"width: 9.63442%;\">05\/08\/2025<\/td>\n<td style=\"width: 20.6948%;\"><a href=\"https:\/\/www.bombersdv.es\/wp-content\/uploads\/2025\/12\/SARGENTO_CP003_ED2019_BASES.pdf\" target=\"_blank\" rel=\"noopener\">Publicaci\u00f3n BOP<\/a><\/td>\n<\/tr>\n<tr>\n<td style=\"width: 68.9457%;\">Modificaci\u00f3n Base Segunda convocatoria permanente concurso traslados puesto de Bombero\/a, Cabo y Sargento<\/td>\n<td style=\"width: 9.63442%;\">05\/08\/2025<\/td>\n<td style=\"width: 20.6948%;\"><a href=\"https:\/\/www.bombersdv.es\/wp-content\/uploads\/2025\/08\/MODIFICACION-BASES-CT-BOMBEROS-SARGENTOS-CABOS.pdf\" target=\"_blank\" rel=\"noopener\">Publicaci\u00f3n BOP<\/a><\/td>\n<\/tr>\n<tr>\n<td style=\"width: 68.9457%;\">Anuncio convocatoria, vacantes y candidatos que no han obtenido destino en edici\u00f3n anterior<\/td>\n<td style=\"width: 9.63442%;\">05\/08\/2025<\/td>\n<td style=\"width: 20.6948%;\"><a href=\"https:\/\/www.bombersdv.es\/wp-content\/uploads\/2025\/08\/CT-2025-Anuncio-RRHH-inicio-Edicion-11-SARGENTO.pdf\" target=\"_blank\" rel=\"noopener\">Anuncio RRHH<\/a><\/td>\n<\/tr>\n<tr>\n<td style=\"width: 68.9457%;\">\n<p>Solicitud y autobaremaci\u00f3n<\/p>\n<p><span style=\"color: #ff0000;\">Tal y como se indica en el Anuncio de la Convocatoria, el plazo de presentaci\u00f3n de instancias se inicia el d\u00eda 1 de septiembre\u00a0 de 2025 finalizando el d\u00eda 12 de septiembre del a\u00f1o en curso, y la presentaci\u00f3n se realizar\u00e1 a trav\u00e9s de la Sede Electr\u00f3nica del Consorcio, la cual estar\u00e1 disponible para este fin a partir del d\u00eda 1 de septiembre de 2025 <span style=\"font-family: Arial, sans-serif;\">(<a style=\"color: #ff0000;\" href=\"https:\/\/sede.bombersdv.es\/\">https:\/\/sede.bombersdv.es<\/a>).<\/span><\/span><\/p>\n<p><span style=\"color: #ff0000;\">Cualquier instancia presentada antes o despu\u00e9s del plazo indicado, ser\u00e1 extempor\u00e1nea, y en consecuencia, no podr\u00e1 ser admitida en el procedimiento.<\/span><\/td>\n<td style=\"width: 9.63442%;\">20\/08\/2025<\/td>\n<td style=\"width: 20.6948%;\"><a href=\"https:\/\/www.bombersdv.es\/wp-content\/uploads\/2025\/08\/2025-CT-SARGENTO-INSTANCIA-UNIFICADA-cast.pdf\" target=\"_blank\" rel=\"noopener\"><span style=\"color: #808080;\">Solicitud y autobaremaci\u00f3n<\/span><\/a><\/td>\n<\/tr>\n<tr>\n<td style=\"width: 68.9457%;\">Decreto n\u00fam. 2025\/1592, de 15\/10, por el que se aprueba la lista definitiva de admitidos de la Und\u00e9cima edici\u00f3n de la convocatoria de concurso de traslados permanente SARGENTO\/CP003.<\/td>\n<td style=\"width: 9.63442%;\">16\/10\/2025<\/td>\n<td style=\"width: 20.6948%; text-align: center;\"><a href=\"https:\/\/www.bombersdv.es\/wp-content\/uploads\/2025\/10\/lista-ct-sargento.pdf\" target=\"_blank\" rel=\"noopener\"><span style=\"color: #808080;\">Anuncio<\/span><\/a><\/td>\n<\/tr>\n<tr>\n<td style=\"width: 68.9457%;\">Anuncio del Servicio de Recursos Humanos sobre las vacantes ofertadas.<\/td>\n<td style=\"width: 9.63442%;\">19\/12\/2025<\/td>\n<td style=\"width: 20.6948%; text-align: center;\"><a href=\"https:\/\/www.bombersdv.es\/wp-content\/uploads\/2025\/12\/Anuncio-Servicio-de-Recursos-Humanos-Copia-autentica-3.pdf\" target=\"_blank\" rel=\"noopener\"><span style=\"color: #808080;\">Anuncio<\/span><\/a><\/td>\n<\/tr>\n<tr>\n<td style=\"width: 68.9457%;\">Anuncio de la Comisi\u00f3n de Valoraci\u00f3n por la que se hace p\u00fablica la valoraci\u00f3n y\u00a0 destinos con car\u00e1cter provisional.<\/td>\n<td style=\"width: 9.63442%;\">05\/02\/2025<\/td>\n<td style=\"width: 20.6948%; text-align: center;\"><a href=\"https:\/\/www.bombersdv.es\/wp-content\/uploads\/2026\/02\/Anuncio-de-la-Comision-de-Valoracion-Sargentos-SEDE-Copia-autentica-1.pdf\" target=\"_blank\" rel=\"noopener\">Anuncio<\/a><\/td>\n<\/tr>\n<tr>\n<td style=\"width: 68.9457%;\">Anuncio de la Comisi\u00f3n de Valoraci\u00f3n por la que se hace p\u00fablica la valoraci\u00f3n y\u00a0 destinos con car\u00e1cter definitivo.<\/td>\n<td style=\"width: 9.63442%;\">17\/02\/2026<\/td>\n<td style=\"width: 20.6948%; text-align: center;\"><a href=\"https:\/\/www.bombersdv.es\/wp-content\/uploads\/2026\/02\/Anuncio-Comision-Valoracion-CT-Sargentos-17_02_2026-Copia-autentica-1.pdf\" target=\"_blank\" rel=\"noopener\">Anuncio<\/a><\/td>\n<\/tr>\n<tr>\n<td style=\"width: 68.9457%;\">Por Decreto de la Presidencia Delegada n\u00fam 2026\/0182, de 23 de febrero, se procede\u00a0 a adjudicar los destinos obtenidos en la und\u00e9cima edici\u00f3n del Concurso de Traslados de Sargento.<\/td>\n<td style=\"width: 9.63442%;\"><\/td>\n<td style=\"width: 20.6948%; text-align: center;\"><\/td>\n<\/tr>\n<\/tbody>\n<\/table>\n<\/div>\n<\/div><div class=\"fusion-clearfix\"><\/div><\/div><\/div><\/div><\/div>\n","protected":false},"excerpt":{"rendered":"","protected":false},"author":1642,"featured_media":0,"parent":15127,"menu_order":0,"comment_status":"closed","ping_status":"closed","template":"","meta":{"footnotes":""},"class_list":["post-73862","page","type-page","status-publish","hentry"],"_links":{"self":[{"href":"https:\/\/www.bombersdv.es\/es\/wp-json\/wp\/v2\/pages\/73862"}],"collection":[{"href":"https:\/\/www.bombersdv.es\/es\/wp-json\/wp\/v2\/pages"}],"about":[{"href":"https:\/\/www.bombersdv.es\/es\/wp-json\/wp\/v2\/types\/page"}],"author":[{"embeddable":true,"href":"https:\/\/www.bombersdv.es\/es\/wp-json\/wp\/v2\/users\/1642"}],"replies":[{"embeddable":true,"href":"https:\/\/www.bombersdv.es\/es\/wp-json\/wp\/v2\/comments?post=73862"}],"version-history":[{"count":13,"href":"https:\/\/www.bombersdv.es\/es\/wp-json\/wp\/v2\/pages\/73862\/revisions"}],"predecessor-version":[{"id":75843,"href":"https:\/\/www.bombersdv.es\/es\/wp-json\/wp\/v2\/pages\/73862\/revisions\/75843"}],"up":[{"embeddable":true,"href":"https:\/\/www.bombersdv.es\/es\/wp-json\/wp\/v2\/pages\/15127"}],"wp:attachment":[{"href":"https:\/\/www.bombersdv.es\/es\/wp-json\/wp\/v2\/media?parent=73862"}],"curies":[{"name":"wp","href":"https:\/\/api.w.org\/{rel}","templated":true}]}}