{"id":73867,"date":"2025-08-05T08:17:07","date_gmt":"2025-08-05T06:17:07","guid":{"rendered":"https:\/\/www.bombersdv.es\/oposiciones\/procesos-en-marcha\/concurso-traslados-2019\/2025-concurs-de-trasllats-11a-edicio-caporal\/"},"modified":"2026-03-24T08:38:40","modified_gmt":"2026-03-24T07:38:40","slug":"2025-concurs-de-trasllats-11a-edicio-caporal","status":"publish","type":"page","link":"https:\/\/www.bombersdv.es\/es\/oposiciones\/procesos-finalizados\/2025-concurs-de-trasllats-11a-edicio-caporal\/","title":{"rendered":"2025 Concurso de Traslados 11\u00aa Edici\u00f3n Cabo"},"content":{"rendered":"<div class=\"fusion-fullwidth fullwidth-box fusion-builder-row-1 nonhundred-percent-fullwidth non-hundred-percent-height-scrolling\" style=\"--awb-background-position:left top;--awb-border-sizes-top:0px;--awb-border-sizes-bottom:0px;--awb-border-sizes-left:0px;--awb-border-sizes-right:0px;--awb-border-radius-top-left:0px;--awb-border-radius-top-right:0px;--awb-border-radius-bottom-right:0px;--awb-border-radius-bottom-left:0px;--awb-padding-top:20px;--awb-padding-bottom:20px;--awb-flex-wrap:wrap;\" ><div class=\"fusion-builder-row fusion-row\"><div class=\"fusion-layout-column fusion_builder_column fusion-builder-column-0 fusion_builder_column_1_1 1_1 fusion-one-full fusion-column-first fusion-column-last fusion-column-no-min-height\" style=\"--awb-bg-size:cover;--awb-margin-bottom:0px;\"><div class=\"fusion-column-wrapper fusion-flex-column-wrapper-legacy\"><div class=\"fusion-title title fusion-title-1 fusion-sep-none fusion-title-text fusion-title-size-two\"><h2 class=\"fusion-title-heading title-heading-left fusion-responsive-typography-calculated\" style=\"margin:0;--fontSize:34;line-height:1.09;\">2025 Concurso de Traslados 11\u00aa Edici\u00f3n Cabo<\/h2><\/div><div class=\"fusion-text fusion-text-1\"><div class=\"table-2\">\n<table style=\"width: 99.2748%;\" width=\"100%\">\n<thead>\n<tr>\n<th style=\"width: 68.2379%;\">Tr\u00e1mite<\/th>\n<th style=\"width: 8.11772%;\">Fecha<\/th>\n<th style=\"width: 22.9193%;\">Documento(s)<\/th>\n<\/tr>\n<\/thead>\n<tbody>\n<tr>\n<td style=\"width: 68.2379%;\">Bases<\/td>\n<td style=\"width: 8.11772%;\">05\/08\/2025<\/td>\n<td style=\"width: 22.9193%;\"><a href=\"https:\/\/www.bombersdv.es\/wp-content\/uploads\/2024\/08\/CTCABO_CP002_2024_BASES.pdf\" target=\"_blank\" rel=\"noopener\">Publicaci\u00f3n BOP<\/a><\/td>\n<\/tr>\n<tr>\n<td style=\"width: 68.2379%;\">Modificaci\u00f3n Base Segunda convocatoria permanente concurso traslados puesto de Bombero\/a, Cabo y Sargento<\/td>\n<td style=\"width: 8.11772%;\">05\/08\/2025<\/td>\n<td style=\"width: 22.9193%;\"><a href=\"https:\/\/www.bombersdv.es\/wp-content\/uploads\/2025\/08\/MODIFICACION-BASES-CT-BOMBEROS-SARGENTOS-CABOS.pdf\" target=\"_blank\" rel=\"noopener\">Publicaci\u00f3n BOP<\/a><\/td>\n<\/tr>\n<tr>\n<td style=\"width: 68.2379%;\">Anuncio convocatoria, vacantes y\u00a0 candidatos que no han obtenido destino en edici\u00f3n anterior<\/td>\n<td style=\"width: 8.11772%;\">05\/08\/2025<\/td>\n<td style=\"width: 22.9193%;\"><a href=\"https:\/\/www.bombersdv.es\/wp-content\/uploads\/2025\/08\/CT-2025-Anuncio-RRHH-inicio-Edicion-11-CABOS.pdf\" target=\"_blank\" rel=\"noopener\">Anuncio RRHH<\/a><\/td>\n<\/tr>\n<tr>\n<td style=\"width: 68.2379%;\">\n<p>Solicitud y autobaremaci\u00f3n<\/p>\n<p><span style=\"color: #ff0000;\">Tal y como se indica en el Anuncio de la Convocatoria, el plazo de presentaci\u00f3n de instancias se inicia el d\u00eda 1 de septiembre\u00a0 de 2025 finalizando el d\u00eda 12 de septiembre del a\u00f1o en curso, y la presentaci\u00f3n se realizar\u00e1 a trav\u00e9s de la Sede Electr\u00f3nica del Consorcio, la cual estar\u00e1 disponible para este fin a partir del d\u00eda 1 de septiembre de 2025 <span style=\"font-family: Arial, sans-serif;\">(<a style=\"color: #ff0000;\" href=\"https:\/\/sede.bombersdv.es\/\">https:\/\/sede.bombersdv.es<\/a>).<\/span><\/span><\/p>\n<p><span style=\"color: #ff0000;\">Cualquier instancia presentada antes o despu\u00e9s del plazo indicado, ser\u00e1 extempor\u00e1nea, y en consecuencia, no podr\u00e1 ser admitida en el procedimiento.<\/span><\/td>\n<td style=\"width: 8.11772%;\">20\/08\/2025<\/td>\n<td style=\"width: 22.9193%;\"><a href=\"https:\/\/www.bombersdv.es\/wp-content\/uploads\/2025\/08\/2025-CT-CABOS-instancia-cast-UNIFICADA.pdf\" target=\"_blank\" rel=\"noopener\"><span style=\"color: #333399;\"><span style=\"color: #808080;\">Solicitud y autobaremaci\u00f3n<\/span><\/span><\/a><\/td>\n<\/tr>\n<tr>\n<td style=\"width: 68.2379%;\">Decreto n\u00fam. 2025\/1532, de 08\/10, por el que se aprueba la lista definitiva de admitidos de la Und\u00e9cima edici\u00f3n de la convocatoria de concurso de traslados permanente CABO\/CP002.<\/td>\n<td style=\"width: 8.11772%;\">08\/10\/2025<\/td>\n<td style=\"width: 22.9193%; text-align: center;\"><a href=\"https:\/\/www.bombersdv.es\/wp-content\/uploads\/2025\/10\/Lista-adminitidos-CT-cabo.pdf\" target=\"_blank\" rel=\"noopener\"><span style=\"color: #333399;\"><span style=\"color: #808080;\">Anuncio RRHH<\/span><\/span><\/a><\/td>\n<\/tr>\n<tr>\n<td style=\"width: 68.2379%;\">Anuncio del Servicio de Recursos Humanos sobre las vacantes ofertadas<\/td>\n<td style=\"width: 8.11772%;\">19\/12\/2025<\/td>\n<td style=\"width: 22.9193%; text-align: center;\"><a href=\"https:\/\/www.bombersdv.es\/wp-content\/uploads\/2025\/12\/Anuncio-del-Servicio-de-Recursos-Humanos-Copia-autentica.pdf\" target=\"_blank\" rel=\"noopener\"><span style=\"color: #333399;\"><span style=\"color: #808080;\">Anuncio RRHH<\/span><\/span><\/a><\/td>\n<\/tr>\n<tr>\n<td style=\"width: 68.2379%;\">Anuncio de la Comisi\u00f3n de Valoraci\u00f3n por la que se hace p\u00fablica la valoraci\u00f3n y destinos con car\u00e1cter provisional.<\/td>\n<td style=\"width: 8.11772%;\">03\/03\/2026<\/td>\n<td style=\"width: 22.9193%; text-align: center;\"><a href=\"https:\/\/www.bombersdv.es\/wp-content\/uploads\/2026\/03\/Anuncio-Comision-Valoracion-CT-Cabos-03_03_2026-Web-Copia-autentica.pdf\" target=\"_blank\" rel=\"noopener\"><span style=\"color: #333399;\"><span style=\"color: #808080;\">Anuncio\u00a0<\/span><\/span><\/a><\/td>\n<\/tr>\n<tr>\n<td style=\"width: 68.2379%;\">Anuncio de la Comisi\u00f3n de Valoraci\u00f3n por la que se hace p\u00fablica la resoluci\u00f3n de las alegaciones formuladas a la lista provisional y la valoraci\u00f3n y destinos con car\u00e1cter definitivo.<\/td>\n<td style=\"width: 8.11772%;\">20\/03\/2026<\/td>\n<td style=\"width: 22.9193%; text-align: center;\"><a href=\"https:\/\/www.bombersdv.es\/wp-content\/uploads\/2026\/03\/Anuncio-Comision-Valoracion-CT-Cabos-20_03_2026-Copia-autentica.pdf\" target=\"_blank\" rel=\"noopener\">Anuncio\u00a0<\/a><\/td>\n<\/tr>\n<tr>\n<td style=\"width: 68.2379%;\">Por Decreto de la Presidencia Delegada n\u00fam 2026\/0374, de 23 de marzo, se procede a adjudicar los destinos obtenidos en la und\u00e9cima edici\u00f3n del Concurso de Traslados de Cabo.<\/td>\n<td style=\"width: 8.11772%;\"><\/td>\n<td style=\"width: 22.9193%; text-align: center;\"><\/td>\n<\/tr>\n<\/tbody>\n<\/table>\n<\/div>\n<\/div><div class=\"fusion-clearfix\"><\/div><\/div><\/div><\/div><\/div>\n","protected":false},"excerpt":{"rendered":"","protected":false},"author":1642,"featured_media":0,"parent":15127,"menu_order":0,"comment_status":"closed","ping_status":"closed","template":"","meta":{"footnotes":""},"class_list":["post-73867","page","type-page","status-publish","hentry"],"_links":{"self":[{"href":"https:\/\/www.bombersdv.es\/es\/wp-json\/wp\/v2\/pages\/73867"}],"collection":[{"href":"https:\/\/www.bombersdv.es\/es\/wp-json\/wp\/v2\/pages"}],"about":[{"href":"https:\/\/www.bombersdv.es\/es\/wp-json\/wp\/v2\/types\/page"}],"author":[{"embeddable":true,"href":"https:\/\/www.bombersdv.es\/es\/wp-json\/wp\/v2\/users\/1642"}],"replies":[{"embeddable":true,"href":"https:\/\/www.bombersdv.es\/es\/wp-json\/wp\/v2\/comments?post=73867"}],"version-history":[{"count":14,"href":"https:\/\/www.bombersdv.es\/es\/wp-json\/wp\/v2\/pages\/73867\/revisions"}],"predecessor-version":[{"id":76064,"href":"https:\/\/www.bombersdv.es\/es\/wp-json\/wp\/v2\/pages\/73867\/revisions\/76064"}],"up":[{"embeddable":true,"href":"https:\/\/www.bombersdv.es\/es\/wp-json\/wp\/v2\/pages\/15127"}],"wp:attachment":[{"href":"https:\/\/www.bombersdv.es\/es\/wp-json\/wp\/v2\/media?parent=73867"}],"curies":[{"name":"wp","href":"https:\/\/api.w.org\/{rel}","templated":true}]}}