{"id":74676,"date":"2025-12-02T08:37:00","date_gmt":"2025-12-02T07:37:00","guid":{"rendered":"https:\/\/www.bombersdv.es\/oposiciones\/procesos-en-marcha\/borses-de-treball\/2025-borsa-temporal-de-treball-secundaria-derivada-del-proces-selectiu-2022-op002-oficial\/"},"modified":"2025-12-02T10:48:35","modified_gmt":"2025-12-02T09:48:35","slug":"2025-borsa-temporal-de-treball-secundaria-derivada-del-proces-selectiu-2022-op002-oficial","status":"publish","type":"page","link":"https:\/\/www.bombersdv.es\/es\/oposiciones\/procesos-en-marcha\/borses-de-treball\/2025-borsa-temporal-de-treball-secundaria-derivada-del-proces-selectiu-2022-op002-oficial\/","title":{"rendered":"2025 Bolsa Temporal de Trabajo Secundaria, derivada del proceso selectivo 2022\/OP002 OFICIAL"},"content":{"rendered":"<div class=\"fusion-fullwidth fullwidth-box fusion-builder-row-1 nonhundred-percent-fullwidth non-hundred-percent-height-scrolling\" style=\"--awb-background-position:left top;--awb-border-sizes-top:0px;--awb-border-sizes-bottom:0px;--awb-border-sizes-left:0px;--awb-border-sizes-right:0px;--awb-border-radius-top-left:0px;--awb-border-radius-top-right:0px;--awb-border-radius-bottom-right:0px;--awb-border-radius-bottom-left:0px;--awb-padding-top:20px;--awb-padding-bottom:20px;--awb-flex-wrap:wrap;\" ><div class=\"fusion-builder-row fusion-row\"><div class=\"fusion-layout-column fusion_builder_column fusion-builder-column-0 fusion_builder_column_1_1 1_1 fusion-one-full fusion-column-first fusion-column-last fusion-column-no-min-height\" style=\"--awb-bg-size:cover;--awb-margin-bottom:0px;\"><div class=\"fusion-column-wrapper fusion-flex-column-wrapper-legacy\"><div class=\"fusion-title title fusion-title-1 fusion-sep-none fusion-title-text fusion-title-size-two\"><h2 class=\"fusion-title-heading title-heading-left fusion-responsive-typography-calculated\" style=\"margin:0;--fontSize:34;line-height:1.09;\">2025 Bolsa Temporal de Trabajo Secundaria, derivada del proceso selectivo 2022\/OP002 OFICIAL<\/h2><\/div><div class=\"fusion-text fusion-text-1\"><div class=\"table-2\">\n<table style=\"height: 48px;\" width=\"100%\">\n<thead>\n<tr style=\"height: 24px;\">\n<th style=\"height: 24px; width: 74.7883%;\">Tramite<\/th>\n<th style=\"height: 24px; width: 10.2363%;\">Fecha<\/th>\n<th style=\"height: 24px; width: 14.193%;\">Documento(s)<\/th>\n<\/tr>\n<\/thead>\n<tbody>\n<tr style=\"height: 24px;\">\n<td style=\"width: 74.7883%;\">\n<p>Los interesados en el Expediente 2025\/RHG\/S712\/00018, podr\u00e1n acceder al documento \u201cActualizaci\u00f3n Bolsa Temporal de Trabajo Secundaria derivada del proceso selectivo 2022\/OP002 OFICIAL\u201d, a trav\u00e9s de <a href=\"https:\/\/sede.bombersdv.es\/\">https:\/\/sede.bombersdv.es\/<\/a>.<\/p>\n<p>Para ello deber\u00e1n acceder con el bot\u00f3n de \u201cAcceso\u201d, la informaci\u00f3n se encuentra disponible en la \u201cpesta\u00f1a\u201d de \u201cNotificaci\u00f3n\u201d.<\/p>\n<p>Actualmente, la Sede Electr\u00f3nica del Consorcio Provincial de Bomberos de Valencia admite certificados electr\u00f3nicos de las siguientes entidades proveedoras de servicios de certificaci\u00f3n: DNI electr\u00f3nico (Direcci\u00f3n General de Polic\u00eda &#8211; Ministerio del Interior), ACCV (Agencia de Tecnolog\u00eda y Certificaci\u00f3n Electr\u00f3nica de la Generalitat Valenciana) y certificados Izenpe\/Giltza. En general, todos aquellos certificados reconocidos en la plataforma @Firma del Ministerio de Hacienda y Funci\u00f3n P\u00fablica.<\/td>\n<td style=\"height: 24px; width: 10.2363%;\">02\/12\/2025<\/td>\n<td style=\"height: 24px; width: 14.193%; text-align: center;\"><\/td>\n<\/tr>\n<tr style=\"height: 24px;\">\n<td style=\"width: 74.7883%; height: 24px;\"><\/td>\n<td style=\"width: 10.2363%; height: 24px;\"><\/td>\n<td style=\"width: 14.193%; text-align: center; height: 24px;\"><\/td>\n<\/tr>\n<\/tbody>\n<\/table>\n<\/div>\n<\/div><div class=\"fusion-clearfix\"><\/div><\/div><\/div><\/div><\/div>\n","protected":false},"excerpt":{"rendered":"","protected":false},"author":1642,"featured_media":0,"parent":46485,"menu_order":0,"comment_status":"closed","ping_status":"closed","template":"","meta":{"footnotes":""},"class_list":["post-74676","page","type-page","status-publish","hentry"],"_links":{"self":[{"href":"https:\/\/www.bombersdv.es\/es\/wp-json\/wp\/v2\/pages\/74676"}],"collection":[{"href":"https:\/\/www.bombersdv.es\/es\/wp-json\/wp\/v2\/pages"}],"about":[{"href":"https:\/\/www.bombersdv.es\/es\/wp-json\/wp\/v2\/types\/page"}],"author":[{"embeddable":true,"href":"https:\/\/www.bombersdv.es\/es\/wp-json\/wp\/v2\/users\/1642"}],"replies":[{"embeddable":true,"href":"https:\/\/www.bombersdv.es\/es\/wp-json\/wp\/v2\/comments?post=74676"}],"version-history":[{"count":4,"href":"https:\/\/www.bombersdv.es\/es\/wp-json\/wp\/v2\/pages\/74676\/revisions"}],"predecessor-version":[{"id":74683,"href":"https:\/\/www.bombersdv.es\/es\/wp-json\/wp\/v2\/pages\/74676\/revisions\/74683"}],"up":[{"embeddable":true,"href":"https:\/\/www.bombersdv.es\/es\/wp-json\/wp\/v2\/pages\/46485"}],"wp:attachment":[{"href":"https:\/\/www.bombersdv.es\/es\/wp-json\/wp\/v2\/media?parent=74676"}],"curies":[{"name":"wp","href":"https:\/\/api.w.org\/{rel}","templated":true}]}}