{"id":76091,"date":"2026-03-25T13:19:34","date_gmt":"2026-03-25T12:19:34","guid":{"rendered":"https:\/\/www.bombersdv.es\/?page_id=76091"},"modified":"2026-03-25T14:16:01","modified_gmt":"2026-03-25T13:16:01","slug":"informacion-economica-anos-anteriores-2025","status":"publish","type":"page","link":"https:\/\/www.bombersdv.es\/es\/portal-de-transparencia\/informacion-economica\/informacion-presupuestaria-anos-anteriores\/informacion-economica-anos-anteriores-2025\/","title":{"rendered":"Informaci\u00f3n Econ\u00f3mica a\u00f1os anteriores 2025"},"content":{"rendered":"<p><div class=\"fusion-fullwidth fullwidth-box fusion-builder-row-1 nonhundred-percent-fullwidth non-hundred-percent-height-scrolling\" style=\"--awb-border-radius-top-left:0px;--awb-border-radius-top-right:0px;--awb-border-radius-bottom-right:0px;--awb-border-radius-bottom-left:0px;--awb-flex-wrap:wrap;\" ><div class=\"fusion-builder-row fusion-row\"><div class=\"fusion-layout-column fusion_builder_column fusion-builder-column-0 fusion_builder_column_1_1 1_1 fusion-one-full fusion-column-first fusion-column-last\" style=\"--awb-bg-size:cover;--awb-margin-bottom:0px;\"><div class=\"fusion-column-wrapper fusion-flex-column-wrapper-legacy\"><div class=\"fusion-text fusion-text-1\"><\/div><div class=\"fusion-clearfix\"><\/div><\/div><\/div><\/div><\/div><div class=\"fusion-fullwidth fullwidth-box fusion-builder-row-2 nonhundred-percent-fullwidth non-hundred-percent-height-scrolling\" style=\"--awb-background-position:left top;--awb-border-sizes-top:0px;--awb-border-sizes-bottom:0px;--awb-border-sizes-left:0px;--awb-border-sizes-right:0px;--awb-border-radius-top-left:0px;--awb-border-radius-top-right:0px;--awb-border-radius-bottom-right:0px;--awb-border-radius-bottom-left:0px;--awb-padding-top:30px;--awb-padding-bottom:0px;--awb-flex-wrap:wrap;\" ><div class=\"fusion-builder-row fusion-row\"><div class=\"fusion-layout-column fusion_builder_column fusion-builder-column-1 fusion_builder_column_1_1 1_1 fusion-one-full fusion-column-first fusion-column-last\" style=\"--awb-bg-size:cover;--awb-margin-bottom:0px;\"><div class=\"fusion-column-wrapper fusion-flex-column-wrapper-legacy\"><div class=\"fusion-content-boxes content-boxes columns row fusion-columns-1 fusion-columns-total-1 fusion-content-boxes-1 content-boxes-icon-on-side content-left\" style=\"--awb-title-color:#d32f13;--awb-margin-bottom:0px;--awb-hover-accent-color:#d32f13;--awb-circle-hover-accent-color:#d32f13;--awb-item-margin-bottom:40px;\" data-animationOffset=\"top-into-view\"><div style=\"--awb-backgroundcolor:rgba(255,255,255,0);--awb-content-padding-left:140px;\" class=\"fusion-column content-box-column content-box-column content-box-column-1 col-lg-12 col-md-12 col-sm-12 fusion-content-box-hover content-box-column-last content-box-column-last-in-row\"><div class=\"col content-box-wrapper content-wrapper link-area-link-icon icon-hover-animation-fade\" data-animationOffset=\"top-into-view\"><div class=\"heading heading-with-icon icon-left\"><div aria-hidden=\"true\" class=\"image\"><img decoding=\"async\" src=\"http:\/\/www.bombersdv.es\/wp-content\/uploads\/2014\/11\/visitas-a-colegios-icon.png\" width=\"120\" height=\"120\" alt=\"\" \/><\/div><h2 class=\"content-box-heading fusion-responsive-typography-calculated\" style=\"--h2_typography-font-size:34px;--fontSize:34;line-height:1.09;padding-left:140px;\"><strong>Informaci\u00f3n Econ\u00f3mica a\u00f1os anteriores 2025<\/strong><\/h2><\/div><div class=\"fusion-clearfix\"><\/div><div class=\"content-container\">\n<h4 style=\"text-align: justify;\">Los documentos disponibles en este apartado son los siguientes:<\/h4>\n<\/div><\/div><\/div><div class=\"fusion-clearfix\"><\/div><\/div><div class=\"fusion-clearfix\"><\/div><\/div><\/div><\/div><\/div><div class=\"fusion-fullwidth fullwidth-box fusion-builder-row-3 nonhundred-percent-fullwidth non-hundred-percent-height-scrolling\" style=\"--awb-background-position:left top;--awb-border-sizes-top:0px;--awb-border-sizes-bottom:0px;--awb-border-sizes-left:0px;--awb-border-sizes-right:0px;--awb-border-radius-top-left:0px;--awb-border-radius-top-right:0px;--awb-border-radius-bottom-right:0px;--awb-border-radius-bottom-left:0px;--awb-padding-top:20px;--awb-padding-bottom:20px;--awb-flex-wrap:wrap;\" ><div class=\"fusion-builder-row fusion-row\"><div class=\"fusion-layout-column fusion_builder_column fusion-builder-column-2 fusion_builder_column_1_1 1_1 fusion-one-full fusion-column-first fusion-column-last\" style=\"--awb-padding-top:20px;--awb-padding-right:20px;--awb-padding-bottom:20px;--awb-padding-left:20px;--awb-bg-size:cover;--awb-margin-top:30px;\"><div class=\"fusion-column-wrapper fusion-flex-column-wrapper-legacy\"><div class=\"accordian fusion-accordian\" style=\"--awb-border-size:1px;--awb-icon-size:13px;--awb-content-font-size:15px;--awb-icon-alignment:left;--awb-hover-color:#f9f9f9;--awb-border-color:#cccccc;--awb-background-color:#ffffff;--awb-divider-color:#e0dede;--awb-divider-hover-color:#e0dede;--awb-icon-color:#ffffff;--awb-title-color:#333333;--awb-content-color:#747474;--awb-icon-box-color:#333333;--awb-toggle-hover-accent-color:#d32f13;--awb-title-font-family:&quot;Raleway&quot;;--awb-title-font-weight:500;--awb-title-font-style:normal;--awb-title-font-size:20px;--awb-title-letter-spacing:0px;--awb-title-line-height:1.1;--awb-content-font-family:&quot;Raleway&quot;;--awb-content-font-style:normal;--awb-content-font-weight:500;\"><div class=\"panel-group fusion-toggle-icon-boxed\" id=\"accordion-76091-1\"><div class=\"fusion-panel panel-default panel-065f6fe9707fd1585 fusion-toggle-has-divider\" style=\"--awb-title-color:#333333;\"><div class=\"panel-heading\"><h4 class=\"panel-title toggle\" id=\"toggle_065f6fe9707fd1585\"><a aria-expanded=\"false\" aria-controls=\"065f6fe9707fd1585\" role=\"button\" data-toggle=\"collapse\" data-parent=\"#accordion-76091-1\" data-target=\"#065f6fe9707fd1585\" href=\"#065f6fe9707fd1585\"><span class=\"fusion-toggle-icon-wrapper\" aria-hidden=\"true\"><i class=\"fa-fusion-box active-icon awb-icon-minus\" aria-hidden=\"true\"><\/i><i class=\"fa-fusion-box inactive-icon awb-icon-plus\" aria-hidden=\"true\"><\/i><\/span><span class=\"fusion-toggle-heading\">Presupuesto<\/span><\/a><\/h4><\/div><div id=\"065f6fe9707fd1585\" class=\"panel-collapse collapse \" aria-labelledby=\"toggle_065f6fe9707fd1585\"><div class=\"panel-body toggle-content fusion-clearfix\">\n<h3 id=\"Presupuesto2024\" class=\"fusion-responsive-typography-calculated\" data-fontsize=\"24\" data-lineheight=\"25.92px\"><span style=\"color: #ff0000;\"><strong>Presupuesto del Consorcio para el ejercicio 2025<\/strong><\/span><\/h3>\n<p>La<strong>\u00a0Asamblea General\u00a0<\/strong>del Consorcio en sesi\u00f3n celebrada el d\u00eda\u00a0<strong>28<\/strong><b>\u00a0de noviembre de 2024\u00a0<\/b>acord\u00f3 aprobar el Presupuesto del Consorcio para 2025 y remitirlo a\u00a0 la Diputaci\u00f3n de Valencia a los efectos de conformar el Presupuesto General del Grupo Diputaci\u00f3n de Valencia para ser aprobado por el procedimiento legalmente establecido.<\/p>\n<p>La Diputaci\u00f3n de Valencia, en sesi\u00f3n plenaria extraordinaria celebrada el d\u00eda 4 de diciembre de 2024, ha aprobado inicialmente el Presupuesto General para el ejercicio 2025, integrado por el Presupuesto de la propia Diputaci\u00f3n y el Presupuesto del Consorcio de Bomberos. Igualmente han sido aprobadas las Bases de Ejecuci\u00f3n de los Presupuestos, los anexos de los mismos y las plantillas de personal.<br \/>\nDurante el plazo de quince d\u00edas de exposici\u00f3n al p\u00fablico, contados a partir del siguiente a aquel en que aparezca insertado el anuncio en el\u00a0<a href=\"https:\/\/www.bombersdv.es\/wp-content\/uploads\/2024\/12\/Publicacion-BOP-Copia-autentica-1.pdf\" target=\"_blank\" rel=\"noopener\">Bolet\u00edn Oficial de la Provincia de Val\u00e8ncia (lo que se ha producido el 5 de diciembre de 2024)<\/a>\u00a0 los interesados pueden examinar los expedientes que se encuentran de manifiesto en la Oficina Presupuestaria de la Intervenci\u00f3n General de la Diputaci\u00f3n. Durante ese plazo pueden presentarse reclamaciones ante el Pleno de la Corporaci\u00f3n, consider\u00e1ndose definitivamente adoptado el acuerdo en el supuesto de que no se hubiera formulado reclamaci\u00f3n alguna.<\/p>\n<p>Los documentos del expediente aprobado por la Asamblea General del Consorcio son:<\/p>\n<ul>\n<li><a href=\"https:\/\/www.bombersdv.es\/wp-content\/uploads\/2024\/12\/1_Memoria-Copia-autentica-1.pdf\" target=\"_blank\" rel=\"noopener\">Memoria<\/a><\/li>\n<li><a href=\"https:\/\/www.bombersdv.es\/wp-content\/uploads\/2024\/12\/7-Estado-de-gastos-Copia-autentica.pdf\" target=\"_blank\" rel=\"noopener\">Estado de gastos<\/a><\/li>\n<li><a href=\"https:\/\/www.bombersdv.es\/wp-content\/uploads\/2024\/12\/8-Estado-de-ingresos-Copia-autentica-1.pdf\" target=\"_blank\" rel=\"noopener\">Estado de ingresos<\/a><\/li>\n<li><a href=\"https:\/\/www.bombersdv.es\/wp-content\/uploads\/2024\/12\/2_Anexo-de-Inversiones-Copia-autentica.pdf\" target=\"_blank\" rel=\"noopener\">Anexo de Inversiones<\/a><\/li>\n<li><a href=\"https:\/\/www.bombersdv.es\/wp-content\/uploads\/2024\/12\/6-Bases-de-ejecucion-Copia-autentica.pdf\" target=\"_blank\" rel=\"noopener\">Bases de ejecuci\u00f3n<\/a><\/li>\n<li><a href=\"https:\/\/www.bombersdv.es\/wp-content\/uploads\/2024\/12\/9-Porcentaje-de-votos-Copia-autentica-1.pdf\" target=\"_blank\" rel=\"noopener\">Porcentaje de votos entidades consorciadas<\/a><\/li>\n<li><a href=\"https:\/\/www.bombersdv.es\/wp-content\/uploads\/2024\/12\/10-Liquidacion-2023-y-avance-liquidacion-2024_-Liquidacio-2023-i-avanc-liquidacio-2024-Copia-autentica.pdf\" target=\"_blank\" rel=\"noopener\">Liquidaci\u00f3n 2023 y avance 2024<\/a><\/li>\n<li><a href=\"https:\/\/www.bombersdv.es\/wp-content\/uploads\/2024\/12\/5-Informe-sobre-la-carga-financiera-Copia-autentica.pdf\" target=\"_blank\" rel=\"noopener\">Informe sobre la carga financiera<\/a><\/li>\n<li><a href=\"https:\/\/www.bombersdv.es\/wp-content\/uploads\/2024\/12\/4-Informe-de-Intervencion-Copia-autentica.pdf\" target=\"_blank\" rel=\"noopener\">Informe de Intervenci\u00f3n<\/a><\/li>\n<li><a href=\"https:\/\/www.bombersdv.es\/wp-content\/uploads\/2024\/12\/3-Informe-Economico-Financiero-Copia-autentica.pdf\" target=\"_blank\" rel=\"noopener\">Informe Econ\u00f3mico Financiero<\/a><\/li>\n<li><a href=\"https:\/\/www.bombersdv.es\/wp-content\/uploads\/2024\/12\/Cuadro-Isocronas-para-presupuesto-2025-Copia-autentica-1.pdf\" target=\"_blank\" rel=\"noopener\">Isocronas<\/a><\/li>\n<li><a href=\"https:\/\/www.bombersdv.es\/wp-content\/uploads\/2024\/12\/Certificado-2024_SEE_S339_00001-Copia-autentica.pdf\" target=\"_blank\" rel=\"noopener\">Acuerdo aprobaci\u00f3n presupuesto<\/a><\/li>\n<li><a href=\"https:\/\/www.bombersdv.es\/wp-content\/uploads\/2024\/12\/Plantilla-2025-CPBV-Copia-autentica.pdf\" target=\"_blank\" rel=\"noopener\">Plantilla 2025<\/a><\/li>\n<li><a href=\"https:\/\/www.bombersdv.es\/wp-content\/uploads\/2024\/12\/Certificado-2024_RHG_S346_00007-Copia-autentica-1.pdf\" target=\"_blank\" rel=\"noopener\">Acuerdo aprobaci\u00f3n plantilla<\/a><\/li>\n<\/ul>\n<h3><span style=\"color: #ff0000;\">Modificaciones presupuestarias:<\/span><\/h3>\n<div>\n<p><strong>28 \/07\/2025 Modificaci\u00f3n presupuestaria n\u00fam. 1_2025_7 por suplementos de cr\u00e9dito<\/strong> <span style=\"color: #0000ff;\"><a style=\"color: #0000ff;\" href=\"https:\/\/www.bombersdv.es\/wp-content\/uploads\/2026\/01\/modificacion-presupuestaria-num.-1_2025_7-por-suplementos-de-credito.pdf\" target=\"_blank\" rel=\"noopener\">Enlace acuerdo<\/a><\/span><\/p>\n<p>La Asamblea General del Consorcio Provincial de Bomberos de Valencia aprob\u00f3 una modificaci\u00f3n presupuestaria por suplementos de cr\u00e9dito por importe de <strong>9.374.100 \u20ac<\/strong>, financiada con el <strong>remanente l\u00edquido de tesorer\u00eda<\/strong>. La modificaci\u00f3n se destina principalmente a <strong>mantenimiento de edificios, construcci\u00f3n de infraestructuras, adquisici\u00f3n de elementos de transporte e indemnizaciones al voluntariado<\/strong><\/p>\n<p><strong>24\/02\/2025. Modificaci\u00f3n presupuestaria n\u00fam. 1_2025_1 por transferencia de cr\u00e9dito. <span style=\"color: #0000ff;\"><a style=\"color: #0000ff;\" href=\"https:\/\/www.bombersdv.es\/wp-content\/uploads\/2026\/01\/modificacion-presupuestaria-num.-1_2025_1-por-transferencia-de-credito.pdf\" target=\"_blank\" rel=\"noopener\">Enlace Decreto<\/a><\/span><\/strong><\/p>\n<p>Transferencia de cr\u00e9dito por importe de 100.000 \u20ac, sin incremento del gasto total. La operaci\u00f3n redistribuye fondos hacia la partida de otros trabajos de empresas y profesionales, para atender necesidades operativas del ejercicio 2025, conforme a la normativa presupuestaria vigente.<\/p>\n<p><strong>20\/05\/2025. Modificaci\u00f3n presupuestaria n\u00fam. 2_2025_1 por transferencia de cr\u00e9dito. <span style=\"color: #0000ff;\"><a style=\"color: #0000ff;\" href=\"https:\/\/www.bombersdv.es\/wp-content\/uploads\/2026\/01\/modificacion-presupuestaria-num.-2_2025_1-por-transferencia-de-credito.pdf\" target=\"_blank\" rel=\"noopener\">Enlace Decreto<\/a><\/span><\/strong><\/p>\n<p>Transferencia de cr\u00e9dito por importe de 288.000 \u20ac, sin aumento del gasto total. La redistribuci\u00f3n permite reforzar las partidas de otros trabajos de empresas y profesionales y de reparaci\u00f3n y mantenimiento de edificios para atender necesidades operativas del ejercicio 2025.<\/p>\n<p><strong>31\/07\/2025. Modificaci\u00f3n presupuestaria n\u00fam. 3_2025_1 por transferencia de cr\u00e9dito. <span style=\"color: #0000ff;\"><a style=\"color: #0000ff;\" href=\"https:\/\/www.bombersdv.es\/wp-content\/uploads\/2026\/01\/modificacion-presupuestaria-num.-3_2025_1-por-transferencia-de-credito.pdf\" target=\"_blank\" rel=\"noopener\">Enlace Decreto<\/a><\/span><\/strong><\/p>\n<p>Transferencia de cr\u00e9dito por importe de 80.000 \u20ac, sin incremento del gasto total. La redistribuci\u00f3n refuerza las partidas de publicidad y propaganda y suministro de combustible.<\/p>\n<p><strong>15\/10\/2025. Modificaci\u00f3n presupuestaria n\u00fam. 4_2025_1 por transferencia de cr\u00e9dito. <a href=\"https:\/\/www.bombersdv.es\/wp-content\/uploads\/2026\/01\/modificacion-presupuestaria-num.-4_2025_1-por-transferencia-de-credito.pdf\" target=\"_blank\" rel=\"noopener\">Enlace Decreto<\/a><\/strong><\/p>\n<p>Transferencia de cr\u00e9dito por importe de 90.000 \u20ac, sin incremento del gasto total. La redistribuci\u00f3n permite reforzar las partidas de reparaci\u00f3n y mantenimiento de edificios en los parques de Pobla de Farnals, Oliva y Ontinyent.<\/p>\n<p><strong>01\/12\/2025 Modificaci\u00f3n presupuestaria n\u00fam. 5_2025_1 por transferencia de cr\u00e9dito<\/strong>. <span style=\"color: #0000ff;\"><strong><a style=\"color: #0000ff;\" href=\"https:\/\/www.bombersdv.es\/wp-content\/uploads\/2026\/01\/modificacion-presupuestaria-num.-5_2025_1-por-transferencia-de-credito.pdf\" target=\"_blank\" rel=\"noopener\">Enlace Decreto<\/a><\/strong><\/span><\/p>\n<\/div>\n<p>Transferencia de cr\u00e9dito por importe de 45.000 \u20ac, sin aumento del gasto total. La redistribuci\u00f3n refuerza las partidas de reparaci\u00f3n y mantenimiento de edificios en los parques de Moncada, Paterna y L\u2019Eliana para atender necesidades operativas del ejercicio.<\/p>\n<p><strong>26\/12\/2025. Modificaci\u00f3n presupuestaria n\u00fam. 6_2025_1 por transferencia de cr\u00e9dito. <span style=\"color: #0000ff;\"><a style=\"color: #0000ff;\" href=\"https:\/\/www.bombersdv.es\/wp-content\/uploads\/2026\/01\/modificacion-presupuestaria-num.-6_2025_1-por-transferencia-de-credito.pdf\" target=\"_blank\" rel=\"noopener\">Enlace Decreto<\/a><\/span><\/strong><\/p>\n<div>Transferencia de cr\u00e9dito por importe de 135.000 \u20ac, sin incremento del gasto total. La redistribuci\u00f3n permite reforzar las partidas de reparaci\u00f3n y mantenimiento de edificios en varios parques.<\/div>\n<div><\/div>\n<div><strong>24\/02\/2025. Modificaci\u00f3n de cr\u00e9dito n\u00famero 1_2025_2 por incorporaci\u00f3n de remanentes de cr\u00e9dito del ejercicio 2024. <span style=\"color: #0000ff;\"><a style=\"color: #0000ff;\" href=\"https:\/\/www.bombersdv.es\/wp-content\/uploads\/2026\/01\/modificacion-de-credito-numero-1_2025_2-por-incorporacion-de-remanentes-de-credito-del-ejercicio-2024.pdf\" target=\"_blank\" rel=\"noopener\">Enlace Decreto<\/a><\/span><\/strong><\/div>\n<div><\/div>\n<div>Incorporaci\u00f3n de remanentes del ejercicio 2024 por un importe total de 16.228.767,26 \u20ac, que se integran en el presupuesto de 2025. Estos fondos se destinan especialmente a mantenimiento de instalaciones, suministros, equipamiento, elementos de transporte y sistemas tecnol\u00f3gicos, financiados con remanente de tesorer\u00eda y recursos afectados.<\/div>\n<div><\/div>\n<div><strong>16\/06\/2025 Modificaci\u00f3n de cr\u00e9dito n\u00famero 2_2025_2 por incorporaci\u00f3n de remanentes de cr\u00e9dito del ejercicio 2024. <span style=\"color: #0000ff;\"><a style=\"color: #0000ff;\" href=\"https:\/\/www.bombersdv.es\/wp-content\/uploads\/2026\/01\/modificacion-de-credito-numero-2_2025_2-por-incorporacion-de-remanentes-de-credito-del-ejercicio-2024.pdf\" target=\"_blank\" rel=\"noopener\">Enlace Decreto\u00a0<\/a><\/span><\/strong><\/div>\n<div>\n<div><\/div>\n<\/div>\n<div>Incorporaci\u00f3n de remanentes del ejercicio 2024 por un importe de 500.000 \u20ac, financiada \u00edntegramente con remanente de tesorer\u00eda para gastos generales. Los fondos se destinan a reforzar la partida de vestuario del presupuesto de 2025.<\/div>\n<div><\/div>\n<div><strong>04\/08\/2025 Modificaci\u00f3n de cr\u00e9dito n\u00famero 3\/2025\/2 por incorporaci\u00f3n de remanentes de cr\u00e9dito del ejercicio 2024. <span style=\"color: #0000ff;\"><a style=\"color: #0000ff;\" href=\"https:\/\/www.bombersdv.es\/wp-content\/uploads\/2026\/01\/modificacion-de-credito-numero-3_20252-por-incorporacion-de-remanentes-de-credito-del-ejercicio-2024.pdf\" target=\"_blank\" rel=\"noopener\">Enlace Decreto<\/a><\/span><\/strong><\/div>\n<div><\/div>\n<div>Incorporaci\u00f3n de remanentes del ejercicio 2024 por un importe de 500.000 \u20ac, financiada \u00edntegramente con remanente de tesorer\u00eda para gastos generales. Los fondos se destinan nuevamente a reforzar la partida de vestuario del presupuesto de 2025.<\/div>\n<\/div><\/div><\/div><div class=\"fusion-panel panel-default panel-68df2adeedb295482 fusion-toggle-has-divider\" style=\"--awb-title-color:#333333;\"><div class=\"panel-heading\"><h4 class=\"panel-title toggle\" id=\"toggle_68df2adeedb295482\"><a aria-expanded=\"false\" aria-controls=\"68df2adeedb295482\" role=\"button\" data-toggle=\"collapse\" data-parent=\"#accordion-76091-1\" data-target=\"#68df2adeedb295482\" href=\"#68df2adeedb295482\"><span class=\"fusion-toggle-icon-wrapper\" aria-hidden=\"true\"><i class=\"fa-fusion-box active-icon awb-icon-minus\" aria-hidden=\"true\"><\/i><i class=\"fa-fusion-box inactive-icon awb-icon-plus\" aria-hidden=\"true\"><\/i><\/span><span class=\"fusion-toggle-heading\">Liquidaci\u00f3n 2025<\/span><\/a><\/h4><\/div><div id=\"68df2adeedb295482\" class=\"panel-collapse collapse \" aria-labelledby=\"toggle_68df2adeedb295482\"><div class=\"panel-body toggle-content fusion-clearfix\">\n<ol>\n<li><a href=\"https:\/\/www.bombersdv.es\/wp-content\/uploads\/2026\/03\/1-Decreto-aprobacion-liquidacion-2025.pdf\" target=\"_blank\" rel=\"noopener\">Decreto de aprobaci\u00f3n<\/a><\/li>\n<li><a href=\"https:\/\/www.bombersdv.es\/wp-content\/uploads\/2026\/03\/2-Liquidacion-2025.pdf\" target=\"_blank\" rel=\"noopener\">Liquidaci\u00f3n 2025<\/a><\/li>\n<li><a href=\"https:\/\/www.bombersdv.es\/wp-content\/uploads\/2026\/03\/3-Informe-de-Intervencion_liquidacion-2025.pdf\" target=\"_blank\" rel=\"noopener\">Informe de Intervenci\u00f3n<\/a><\/li>\n<li><a href=\"https:\/\/www.bombersdv.es\/wp-content\/uploads\/2026\/03\/4-Informe-desviaciones-de-financiacion.pdf\" target=\"_blank\" rel=\"noopener\">Informe desviaciones de financiaci\u00f3n<\/a><\/li>\n<\/ol>\n<\/div><\/div><\/div><div class=\"fusion-panel panel-default panel-6c8ba200a0a170d13 fusion-toggle-has-divider\" style=\"--awb-title-color:#333333;\"><div class=\"panel-heading\"><h4 class=\"panel-title toggle\" id=\"toggle_6c8ba200a0a170d13\"><a aria-expanded=\"false\" aria-controls=\"6c8ba200a0a170d13\" role=\"button\" data-toggle=\"collapse\" data-parent=\"#accordion-76091-1\" data-target=\"#6c8ba200a0a170d13\" href=\"#6c8ba200a0a170d13\"><span class=\"fusion-toggle-icon-wrapper\" aria-hidden=\"true\"><i class=\"fa-fusion-box active-icon awb-icon-minus\" aria-hidden=\"true\"><\/i><i class=\"fa-fusion-box inactive-icon awb-icon-plus\" aria-hidden=\"true\"><\/i><\/span><span class=\"fusion-toggle-heading\">Cuentas Anuales<\/span><\/a><\/h4><\/div><div id=\"6c8ba200a0a170d13\" class=\"panel-collapse collapse \" aria-labelledby=\"toggle_6c8ba200a0a170d13\"><div class=\"panel-body toggle-content fusion-clearfix\">\n<p>Pendiente (\u00daltima actualizaci\u00f3n 25\/03\/2026)<\/p>\n<\/div><\/div><\/div><div class=\"fusion-panel panel-default panel-1c277b7af798a4316 fusion-toggle-has-divider\" style=\"--awb-title-color:#333333;\"><div class=\"panel-heading\"><h4 class=\"panel-title toggle\" id=\"toggle_1c277b7af798a4316\"><a aria-expanded=\"false\" aria-controls=\"1c277b7af798a4316\" role=\"button\" data-toggle=\"collapse\" data-parent=\"#accordion-76091-1\" data-target=\"#1c277b7af798a4316\" href=\"#1c277b7af798a4316\"><span class=\"fusion-toggle-icon-wrapper\" aria-hidden=\"true\"><i class=\"fa-fusion-box active-icon awb-icon-minus\" aria-hidden=\"true\"><\/i><i class=\"fa-fusion-box inactive-icon awb-icon-plus\" aria-hidden=\"true\"><\/i><\/span><span class=\"fusion-toggle-heading\">Informe de auditoria del ejercicio 2025<\/span><\/a><\/h4><\/div><div id=\"1c277b7af798a4316\" class=\"panel-collapse collapse \" aria-labelledby=\"toggle_1c277b7af798a4316\"><div class=\"panel-body toggle-content fusion-clearfix\">\n<p>No emitido (\u00faltima actualizaci\u00f3n 25\/03\/2026)<\/p>\n<\/div><\/div><\/div><\/div><\/div><div class=\"fusion-clearfix\"><\/div><\/div><\/div><\/div><\/div><\/p>\n","protected":false},"excerpt":{"rendered":"","protected":false},"author":183,"featured_media":0,"parent":63494,"menu_order":0,"comment_status":"closed","ping_status":"closed","template":"100-width.php","meta":{"footnotes":""},"class_list":["post-76091","page","type-page","status-publish","hentry"],"_links":{"self":[{"href":"https:\/\/www.bombersdv.es\/es\/wp-json\/wp\/v2\/pages\/76091"}],"collection":[{"href":"https:\/\/www.bombersdv.es\/es\/wp-json\/wp\/v2\/pages"}],"about":[{"href":"https:\/\/www.bombersdv.es\/es\/wp-json\/wp\/v2\/types\/page"}],"author":[{"embeddable":true,"href":"https:\/\/www.bombersdv.es\/es\/wp-json\/wp\/v2\/users\/183"}],"replies":[{"embeddable":true,"href":"https:\/\/www.bombersdv.es\/es\/wp-json\/wp\/v2\/comments?post=76091"}],"version-history":[{"count":11,"href":"https:\/\/www.bombersdv.es\/es\/wp-json\/wp\/v2\/pages\/76091\/revisions"}],"predecessor-version":[{"id":76113,"href":"https:\/\/www.bombersdv.es\/es\/wp-json\/wp\/v2\/pages\/76091\/revisions\/76113"}],"up":[{"embeddable":true,"href":"https:\/\/www.bombersdv.es\/es\/wp-json\/wp\/v2\/pages\/63494"}],"wp:attachment":[{"href":"https:\/\/www.bombersdv.es\/es\/wp-json\/wp\/v2\/media?parent=76091"}],"curies":[{"name":"wp","href":"https:\/\/api.w.org\/{rel}","templated":true}]}}